{"id":8026,"date":"2019-05-08T15:57:27","date_gmt":"2019-05-08T12:57:27","guid":{"rendered":"https:\/\/invago.ee\/tooted\/tugeva-rohuga-sukkpuksid\/"},"modified":"2019-05-08T15:57:27","modified_gmt":"2019-05-08T12:57:27","slug":"tugeva-rohuga-sukkpuksid","status":"publish","type":"product","link":"https:\/\/invago.ee\/ru\/product\/tugeva-rohuga-sukkpuksid\/","title":{"rendered":"Tugeva r\u00f5huga sukkp\u00fcksid 20-30mmHg, mikrofiiber"},"content":{"rendered":"<ul>\n<li>Sukkp\u00fcksid 20-30mmHg, mikrofiiber<\/li>\n<li>Tugeva r\u00f5huga sukkp\u00fcksid 20-30mmHg. Materjaliks pehme mikrofiiber, mida on mugav jalga panna ja kanda.<\/li>\n<li>Kantakse krooniliste veenihaiguste, veenilaiendite -ja p\u00f5letike, tursete ja haavandite korral, operatsioonij\u00e4rgsel ajal, tromboflebiidi j\u00e4relraviks, peale skleroteraapiat, jalatraumade ja luumurdude taastusraviks.<\/li>\n<li>Sobivad meestele ja naistele,<\/li>\n<li>v\u00e4rvid: Nature ja Nero,<\/li>\n<li>suurused I-VI<\/li>\n<\/ul>\n<hr \/>\n<p>Suurus:<\/p>\n<p>Nr 1: pahkluu \u00fcmberm\u00f5\u00f5t k\u00f5ige kitsamast kohast 17-19 cm; p\u00f5lvealune \u00fcmberm\u00f5\u00f5t k\u00f5ige kitsamast kohast 29-31 cm, kinga number 35-36.<\/p>\n<p>Nr 2: pahkluu \u00fcmberm\u00f5\u00f5t k\u00f5ige kitsamast kohast 19-21 cm; p\u00f5lvealune \u00fcmberm\u00f5\u00f5t k\u00f5ige kitsamast kohast 31-33 cm, kinga number 37-38.<\/p>\n<p>Nr 3: pahkluu \u00fcmberm\u00f5\u00f5t k\u00f5ige kitsamast kohast 21-23 cm; p\u00f5lvealune \u00fcmberm\u00f5\u00f5t k\u00f5ige kitsamast kohast 33-35 cm, kinga number 39-40.<\/p>\n<p>Nr 4: pahkluu \u00fcmberm\u00f5\u00f5t k\u00f5ige kitsamast kohast 23-25 cm; p\u00f5lvealune \u00fcmberm\u00f5\u00f5t k\u00f5ige kitsamast kohast 35-37 cm, kinga number 41-42.<\/p>\n<p>Nr 5: pahkluu \u00fcmberm\u00f5\u00f5t k\u00f5ige kitsamast kohast 25-27 cm; p\u00f5lvealune \u00fcmberm\u00f5\u00f5t k\u00f5ige kitsamast kohast 37-39 cm, kinga number 43-44.<\/p>\n<p>Nr 6: pahkluu \u00fcmberm\u00f5\u00f5t k\u00f5ige kitsamast kohast 27-30 cm; p\u00f5lvealune \u00fcmberm\u00f5\u00f5t k\u00f5ige kitsamast kohast 39-41 cm, kinga number 45-46.<\/p>\n","protected":false},"excerpt":{"rendered":"<p>Sukkp\u00fcksid 20-30mmHg, mikrofiiber Tugeva r\u00f5huga sukkp\u00fcksid 20-30mmHg. Materjaliks pehme mikrofiiber, mida on mugav jalga panna ja kanda. Kantakse krooniliste veenihaiguste,<\/p>\n","protected":false},"featured_media":8011,"comment_status":"open","ping_status":"closed","template":"","meta":[],"product_brand":[],"product_cat":[236,574],"product_tag":[],"class_list":{"0":"post-8026","1":"product","2":"type-product","3":"status-publish","4":"has-post-thumbnail","6":"product_cat-236","7":"product_cat-574","8":"ts_product_brand-scudotex-ru","10":"first","11":"instock","12":"taxable","13":"shipping-taxable","14":"purchasable","15":"product-type-variable"},"_links":{"self":[{"href":"https:\/\/invago.ee\/ru\/wp-json\/wp\/v2\/product\/8026","targetHints":{"allow":["GET"]}}],"collection":[{"href":"https:\/\/invago.ee\/ru\/wp-json\/wp\/v2\/product"}],"about":[{"href":"https:\/\/invago.ee\/ru\/wp-json\/wp\/v2\/types\/product"}],"replies":[{"embeddable":true,"href":"https:\/\/invago.ee\/ru\/wp-json\/wp\/v2\/comments?post=8026"}],"wp:featuredmedia":[{"embeddable":true,"href":"https:\/\/invago.ee\/ru\/wp-json\/wp\/v2\/media\/8011"}],"wp:attachment":[{"href":"https:\/\/invago.ee\/ru\/wp-json\/wp\/v2\/media?parent=8026"}],"wp:term":[{"taxonomy":"product_brand","embeddable":true,"href":"https:\/\/invago.ee\/ru\/wp-json\/wp\/v2\/product_brand?post=8026"},{"taxonomy":"product_cat","embeddable":true,"href":"https:\/\/invago.ee\/ru\/wp-json\/wp\/v2\/product_cat?post=8026"},{"taxonomy":"product_tag","embeddable":true,"href":"https:\/\/invago.ee\/ru\/wp-json\/wp\/v2\/product_tag?post=8026"}],"curies":[{"name":"wp","href":"https:\/\/api.w.org\/{rel}","templated":true}]}}