{"id":7812,"date":"2019-04-26T14:15:33","date_gmt":"2019-04-26T11:15:33","guid":{"rendered":"https:\/\/invago.ee\/?post_type=product&#038;p=7812\/"},"modified":"2024-12-03T15:07:32","modified_gmt":"2024-12-03T12:07:32","slug":"invaskuuter-centuro-s2","status":"publish","type":"product","link":"https:\/\/invago.ee\/ru\/product\/invaskuuter-centuro-s2\/","title":{"rendered":"Invaskuuter Centuro S2"},"content":{"rendered":"<ul>\n<li>Istme laius : 49 cm<\/li>\n<li>Istme s\u00fcgavus : 42 cm<\/li>\n<li data-swp-font-size=\"15px\">Istme\u00a0 k\u00f5rgus : 46,5 &#8211; 51,5 cm<\/li>\n<li>Seljatoe k\u00f5rgus :\u00a0 48 cm, (680 mm with headrest)<\/li>\n<li>Max. Kiirus : 6 km\/h | 10 km\/h<\/li>\n<li>Max. S\u00f5idukaugus : ca. 35 km<\/li>\n<li>Max t\u00f5usunurk : 12\u00b0| 21%<\/li>\n<li>Max t\u00f5kke k\u00f5rgus : 5 cm<\/li>\n<li>Kliirens : 8 cm<\/li>\n<li data-swp-font-size=\"15px\">Rataste l\u00e4bim\u00f5\u00f5t : 10\u2033 (air)<\/li>\n<li>P\u00f6\u00f6ramisraadius : 195 cm<\/li>\n<li>\u00dcldlaius : 63,5 cm<\/li>\n<li>Pikkus : 119 cm<\/li>\n<li data-swp-font-size=\"15px\">\u00dcldk\u00f5rgus : 140,5 cm<\/li>\n<li>Kaal : 109 kg<\/li>\n<li>Max kasutaja kaal : 160 kg<\/li>\n<li>Akud : 1 x 12 V | 55 Ah ; 1 x 12 V | 56 Ah<\/li>\n<li>Mootori v\u00f5imsus :6 km\/h, 550 W, max. 3350 UPM | 10 km\/h, 600 W, max. 4800 UPM<\/li>\n<li>V\u00e4rv : valge \/\u00a0 antratsiit<\/li>\n<\/ul>\n","protected":false},"excerpt":{"rendered":"<p>Istme laius : 49 cm Istme s\u00fcgavus : 42 cm Istme\u00a0 k\u00f5rgus : 46,5 &#8211; 51,5 cm Seljatoe k\u00f5rgus :\u00a0<\/p>\n","protected":false},"featured_media":27137,"comment_status":"open","ping_status":"closed","template":"","meta":[],"product_brand":[],"product_cat":[27,367],"product_tag":[],"class_list":{"0":"post-7812","1":"product","2":"type-product","3":"status-publish","4":"has-post-thumbnail","6":"product_cat-ratastoolid","7":"product_cat-elektrilised-ratastoolid-ja-invaskuutrid","8":"ts_product_brand-bb","10":"first","11":"instock","12":"taxable","13":"shipping-taxable","14":"purchasable","15":"product-type-variable"},"_links":{"self":[{"href":"https:\/\/invago.ee\/ru\/wp-json\/wp\/v2\/product\/7812","targetHints":{"allow":["GET"]}}],"collection":[{"href":"https:\/\/invago.ee\/ru\/wp-json\/wp\/v2\/product"}],"about":[{"href":"https:\/\/invago.ee\/ru\/wp-json\/wp\/v2\/types\/product"}],"replies":[{"embeddable":true,"href":"https:\/\/invago.ee\/ru\/wp-json\/wp\/v2\/comments?post=7812"}],"wp:featuredmedia":[{"embeddable":true,"href":"https:\/\/invago.ee\/ru\/wp-json\/wp\/v2\/media\/27137"}],"wp:attachment":[{"href":"https:\/\/invago.ee\/ru\/wp-json\/wp\/v2\/media?parent=7812"}],"wp:term":[{"taxonomy":"product_brand","embeddable":true,"href":"https:\/\/invago.ee\/ru\/wp-json\/wp\/v2\/product_brand?post=7812"},{"taxonomy":"product_cat","embeddable":true,"href":"https:\/\/invago.ee\/ru\/wp-json\/wp\/v2\/product_cat?post=7812"},{"taxonomy":"product_tag","embeddable":true,"href":"https:\/\/invago.ee\/ru\/wp-json\/wp\/v2\/product_tag?post=7812"}],"curies":[{"name":"wp","href":"https:\/\/api.w.org\/{rel}","templated":true}]}}