{"id":7043,"date":"2019-03-22T11:34:36","date_gmt":"2019-03-22T08:34:36","guid":{"rendered":"https:\/\/invago.ee\/tooted\/%d0%b3%d0%b5%d0%bb%d1%8c-%d0%b4%d0%bb%d1%8f-%d1%80%d1%83%d0%ba-%d1%81-%d0%b0%d0%bb%d0%be%d0%b5-%d0%b8-%d0%b5-%d0%b2%d0%b8%d1%82%d0%b0%d0%bc%d0%b8%d0%bd%d0%be%d0%bc-50-%d0%bc%d0%bb\/"},"modified":"2023-03-17T10:39:01","modified_gmt":"2023-03-17T07:39:01","slug":"%d0%b3%d0%b5%d0%bb%d1%8c-%d0%b4%d0%bb%d1%8f-%d1%80%d1%83%d0%ba-%d1%81-%d0%b0%d0%bb%d0%be%d0%b5-%d0%b8-%d0%b5-%d0%b2%d0%b8%d1%82%d0%b0%d0%bc%d0%b8%d0%bd%d0%be%d0%bc-50-%d0%bc%d0%bb","status":"publish","type":"product","link":"https:\/\/invago.ee\/ru\/product\/%d0%b3%d0%b5%d0%bb%d1%8c-%d0%b4%d0%bb%d1%8f-%d1%80%d1%83%d0%ba-%d1%81-%d0%b0%d0%bb%d0%be%d0%b5-%d0%b8-%d0%b5-%d0%b2%d0%b8%d1%82%d0%b0%d0%bc%d0%b8%d0%bd%d0%be%d0%bc-50-%d0%bc%d0%bb\/","title":{"rendered":"\u0413\u0435\u043b\u044c \u0434\u043b\u044f \u0440\u0443\u043a \u0441 \u0430\u043b\u043e\u0435 \u0438 \u0415-\u0432\u0438\u0442\u0430\u043c\u0438\u043d\u043e\u043c, 50 \u043c\u043b"},"content":{"rendered":"<p>K\u00e4tegeel aaloe ja E-vit 50ml.<\/p>\n<p>Geel k\u00e4te kiireks hoolduseks ja p\u00f5hjalikuks puhastamiseks.<br \/>\nAloe Vera aitab nahka pehmendada, rahustada ja niisutada. E-vitamiin aitab ennetada naha vananemist, spetsiaalne toimekompleks reguleerib ja stabiliseerib naha kaitsekihti.<\/p>\n<p><b>Kasutamisjuhised<\/b><br \/>\nKanda v\u00e4hene kogus geeli peopesale ja m\u00e4\u00e4rida k\u00e4te nahale, lasta kuivada.<\/p>\n<p><b>Hoiatused ja ettevaatusabin\u00f5ud<\/b><br \/>\nV\u00e4ltida sattumist silma!<br \/>\nHoida lastele k\u00e4ttesaamatus kohas!<\/p>\n<p><b>Netokogus<\/b><br \/>\n50ml<\/p>\n","protected":false},"excerpt":{"rendered":"<p>K\u00e4tegeel aaloe ja E-vit 50ml. Geel k\u00e4te kiireks hoolduseks ja p\u00f5hjalikuks puhastamiseks. Aloe Vera aitab nahka pehmendada, rahustada ja niisutada.<\/p>\n","protected":false},"featured_media":9784,"comment_status":"open","ping_status":"closed","template":"","meta":[],"product_brand":[],"product_cat":[76,152,180],"product_tag":[],"class_list":{"0":"post-7043","1":"product","2":"type-product","3":"status-publish","4":"has-post-thumbnail","6":"product_cat-76","7":"product_cat-152","8":"product_cat-180","10":"first","11":"instock","12":"taxable","13":"shipping-taxable","14":"purchasable","15":"product-type-simple"},"_links":{"self":[{"href":"https:\/\/invago.ee\/ru\/wp-json\/wp\/v2\/product\/7043","targetHints":{"allow":["GET"]}}],"collection":[{"href":"https:\/\/invago.ee\/ru\/wp-json\/wp\/v2\/product"}],"about":[{"href":"https:\/\/invago.ee\/ru\/wp-json\/wp\/v2\/types\/product"}],"replies":[{"embeddable":true,"href":"https:\/\/invago.ee\/ru\/wp-json\/wp\/v2\/comments?post=7043"}],"wp:featuredmedia":[{"embeddable":true,"href":"https:\/\/invago.ee\/ru\/wp-json\/wp\/v2\/media\/9784"}],"wp:attachment":[{"href":"https:\/\/invago.ee\/ru\/wp-json\/wp\/v2\/media?parent=7043"}],"wp:term":[{"taxonomy":"product_brand","embeddable":true,"href":"https:\/\/invago.ee\/ru\/wp-json\/wp\/v2\/product_brand?post=7043"},{"taxonomy":"product_cat","embeddable":true,"href":"https:\/\/invago.ee\/ru\/wp-json\/wp\/v2\/product_cat?post=7043"},{"taxonomy":"product_tag","embeddable":true,"href":"https:\/\/invago.ee\/ru\/wp-json\/wp\/v2\/product_tag?post=7043"}],"curies":[{"name":"wp","href":"https:\/\/api.w.org\/{rel}","templated":true}]}}