{"id":7002,"date":"2019-03-19T17:29:31","date_gmt":"2019-03-19T14:29:31","guid":{"rendered":"https:\/\/invago.ee\/tooted\/chemipharm-bacticid\/"},"modified":"2024-04-19T16:58:41","modified_gmt":"2024-04-19T13:58:41","slug":"chemipharm-bacticid","status":"publish","type":"product","link":"https:\/\/invago.ee\/ru\/product\/chemipharm-bacticid\/","title":{"rendered":"Chemipharm BACTICID"},"content":{"rendered":"<p>Kiirdesinfektant Chemipharm BACTICID 1L, pihustiga.<\/p>\n<p>Meditsiiniseadmete pindade kiirdesinfektant.\u00a0BACTICID on alkoholi baasil valmislahus alkoholi taluvate pindade kiirdesinfektsiooniks.<br \/>\nValmislahus alkoholi taluvate meditsiiniseadmete pindade kiirdesinfektsiooniks. Toode on laia fungitsiidse ja bakteritsiidse toimega, h\u00e4vitab Gram-negatiivseid ja Gram-positiivseid baktereid (sh Mycobacterium terrae) ja seeni, desaktiveerib nii \u00fcmbrisega (sh HBV, HIV, HCV, Vaccinia, Herpes simplex) kui ka \u00fcmbriseta viirusi (sh Adeno, Rota).<br \/>\nToimeaeg 30 sekundit.<\/p>\n<p>Toode vastab EN 1040, EN 1275, EN 14348 n\u00f5uetele.<br \/>\nOmab CE m\u00e4rgistust vastavalt Meditsiiniseadmete Direktiivile.<\/p>\n<ul>\n<li>500 ml pihustuga<\/li>\n<li>1L pihustiga<\/li>\n<li>5L<\/li>\n<\/ul>\n<p><b>Kasutamisjuhised<\/b><br \/>\nKanda meditsiiniseadmete pindadele ning toimeaja m\u00f6\u00f6dudes vajadusel pinnad p\u00fchkida. Pinnad peavad olema kaetud t\u00e4ielikult. Toimeaeg 30 sekundit.<\/p>\n<p><b>Koostisosade loetelu<\/b><br \/>\nEtanool 72% (w\/w) (toimeaine), kvaternaarsed ammoonium\u00fchendid 0,025%(toimeaine).<\/p>\n<p><b>Etanoolisisalduse mahuprotsent (% vol)<\/b><br \/>\n78,7%<\/p>\n<p><b>Hoiatused ja ettevaatusabin\u00f5ud<\/b><br \/>\nV\u00e4ga tuleohtlik vedelik ja aur. Hoida eemal soojusallikast, kuumadest pindadest, s\u00e4demetest, leekidest ja muudest s\u00fc\u00fcteallikatest. Mitte suitsetada. Hoida pakend tihedalt suletuna. Silma sattumisel loputage silmi p\u00f5hjalikult veega v\u00e4hemalt 15 minutit.Hoida lastele k\u00e4ttesaamatus kohas.<\/p>\n<p><b>S\u00e4ilitamistingimused<\/b><br \/>\nS\u00e4ilitada toatemperatuuril, p\u00e4ikese eest kaitstult ja suletuna.<\/p>\n<p><b>Seadme ja pakendi sisu<\/b><br \/>\nDesinfitseeriv lahus 1l pudelis.<\/p>\n<p><b>P\u00e4ritoluriik<\/b><br \/>\nEesti<\/p>\n<p>&nbsp;<\/p>\n","protected":false},"excerpt":{"rendered":"<p>Kiirdesinfektant Chemipharm BACTICID 1L, pihustiga. Meditsiiniseadmete pindade kiirdesinfektant.\u00a0BACTICID on alkoholi baasil valmislahus alkoholi taluvate pindade kiirdesinfektsiooniks. Valmislahus alkoholi taluvate meditsiiniseadmete<\/p>\n","protected":false},"featured_media":9633,"comment_status":"open","ping_status":"closed","template":"","meta":[],"product_brand":[],"product_cat":[660,114,192,116,117,73,152,180],"product_tag":[695],"class_list":{"0":"post-7002","1":"product","2":"type-product","3":"status-publish","4":"has-post-thumbnail","6":"product_cat-660","7":"product_cat-114","8":"product_cat---ru","9":"product_cat-116","10":"product_cat-117","11":"product_cat-73","12":"product_cat-152","13":"product_cat-180","14":"product_tag-chemipharm-ru","16":"first","17":"instock","18":"taxable","19":"shipping-taxable","20":"purchasable","21":"product-type-variable"},"_links":{"self":[{"href":"https:\/\/invago.ee\/ru\/wp-json\/wp\/v2\/product\/7002","targetHints":{"allow":["GET"]}}],"collection":[{"href":"https:\/\/invago.ee\/ru\/wp-json\/wp\/v2\/product"}],"about":[{"href":"https:\/\/invago.ee\/ru\/wp-json\/wp\/v2\/types\/product"}],"replies":[{"embeddable":true,"href":"https:\/\/invago.ee\/ru\/wp-json\/wp\/v2\/comments?post=7002"}],"wp:featuredmedia":[{"embeddable":true,"href":"https:\/\/invago.ee\/ru\/wp-json\/wp\/v2\/media\/9633"}],"wp:attachment":[{"href":"https:\/\/invago.ee\/ru\/wp-json\/wp\/v2\/media?parent=7002"}],"wp:term":[{"taxonomy":"product_brand","embeddable":true,"href":"https:\/\/invago.ee\/ru\/wp-json\/wp\/v2\/product_brand?post=7002"},{"taxonomy":"product_cat","embeddable":true,"href":"https:\/\/invago.ee\/ru\/wp-json\/wp\/v2\/product_cat?post=7002"},{"taxonomy":"product_tag","embeddable":true,"href":"https:\/\/invago.ee\/ru\/wp-json\/wp\/v2\/product_tag?post=7002"}],"curies":[{"name":"wp","href":"https:\/\/api.w.org\/{rel}","templated":true}]}}