{"id":6261,"date":"2019-01-14T12:26:10","date_gmt":"2019-01-14T09:26:10","guid":{"rendered":"https:\/\/invago.ee\/?post_type=product&#038;p=6261\/"},"modified":"2022-07-01T13:14:28","modified_gmt":"2022-07-01T10:14:28","slug":"trepironija-lg-evacu-plus-el","status":"publish","type":"product","link":"https:\/\/invago.ee\/ru\/product\/trepironija-lg-evacu-plus-el\/","title":{"rendered":"Trepironija LG Evacu Plus EL"},"content":{"rendered":"<p>LG Evacu Plus EL\u00a0 on elektriline evakuatsioonitool ja kanderaam<br \/>\nradadega (see v\u00f5imaldab \u00fcles ja alla minna)<br \/>\nkiiresti h\u00e4daolukorras ja<br \/>\nevakueerimisel ). See on varustatud liitiumi<br \/>\nakuga ja akulaadijaga.<br \/>\nKaal: 19 kg<br \/>\nKandev\u00f5ime: 160 kg<\/p>\n","protected":false},"excerpt":{"rendered":"<p>LG Evacu Plus EL\u00a0 on elektriline evakuatsioonitool ja kanderaam radadega (see v\u00f5imaldab \u00fcles ja alla minna) kiiresti h\u00e4daolukorras ja evakueerimisel<\/p>\n","protected":false},"featured_media":6262,"comment_status":"closed","ping_status":"closed","template":"","meta":[],"product_brand":[],"product_cat":[53],"product_tag":[],"class_list":{"0":"post-6261","1":"product","2":"type-product","3":"status-publish","4":"has-post-thumbnail","6":"product_cat-siirdumis-ja-teiseldamisabivahendid","8":"first","9":"onbackorder","10":"taxable","11":"shipping-taxable","12":"purchasable","13":"product-type-simple"},"_links":{"self":[{"href":"https:\/\/invago.ee\/ru\/wp-json\/wp\/v2\/product\/6261","targetHints":{"allow":["GET"]}}],"collection":[{"href":"https:\/\/invago.ee\/ru\/wp-json\/wp\/v2\/product"}],"about":[{"href":"https:\/\/invago.ee\/ru\/wp-json\/wp\/v2\/types\/product"}],"replies":[{"embeddable":true,"href":"https:\/\/invago.ee\/ru\/wp-json\/wp\/v2\/comments?post=6261"}],"wp:featuredmedia":[{"embeddable":true,"href":"https:\/\/invago.ee\/ru\/wp-json\/wp\/v2\/media\/6262"}],"wp:attachment":[{"href":"https:\/\/invago.ee\/ru\/wp-json\/wp\/v2\/media?parent=6261"}],"wp:term":[{"taxonomy":"product_brand","embeddable":true,"href":"https:\/\/invago.ee\/ru\/wp-json\/wp\/v2\/product_brand?post=6261"},{"taxonomy":"product_cat","embeddable":true,"href":"https:\/\/invago.ee\/ru\/wp-json\/wp\/v2\/product_cat?post=6261"},{"taxonomy":"product_tag","embeddable":true,"href":"https:\/\/invago.ee\/ru\/wp-json\/wp\/v2\/product_tag?post=6261"}],"curies":[{"name":"wp","href":"https:\/\/api.w.org\/{rel}","templated":true}]}}