{"id":5582,"date":"2018-10-23T16:47:43","date_gmt":"2018-10-23T13:47:43","guid":{"rendered":"https:\/\/invago.ee\/tooted\/tena-bibs-soogipoll-37x48-cm\/"},"modified":"2018-10-23T16:47:43","modified_gmt":"2018-10-23T13:47:43","slug":"tena-bibs-soogipoll-37x48-cm","status":"publish","type":"product","link":"https:\/\/invago.ee\/ru\/product\/tena-bibs-soogipoll-37x48-cm\/","title":{"rendered":"TENA Bibs s\u00f6\u00f6gip\u00f5ll 37&#215;48 cm"},"content":{"rendered":"<p>TENA Bibs s\u00f6\u00f6gip\u00f5ll 37&#215;48 cm kaitseb r\u00f5ivaid voodis v\u00f5i ratastoolis s\u00fc\u00fces. Kerge ette panna, kerge \u00e4ra visata.<br \/>\nTENA s\u00f6\u00f6gip\u00f5lled on k\u00e4ep\u00e4rased \u00fchekordseks kasutamiseks m\u00f5eldud salvr\u00e4tt-s\u00f6\u00f6gip\u00f5lled.<br \/>\nTENA s\u00f6\u00f6gip\u00f5lle esitasku kogub kokku k\u00f5ik, mis pudenema juhtub.<br \/>\nSeotud kuklapaelad hoiavad p\u00f5lle kasutaja l\u00f5ua all paigal.<br \/>\nKahe tselluloosikihi vaheline kilekiht takistab riiete m\u00e4rgumist.<br \/>\nP\u00e4rast s\u00f6\u00f6ki v\u00f5ib v\u00e4limise tselluloosikihi p\u00f5llelt \u00e4ra rebida ja kasutada salvr\u00e4tikuna.<br \/>\nKui p\u00f5lletasku keerata teisele poole, saab p\u00f5lle teist korda uuesti kasutada.<br \/>\nE-poes saadaval ainult pakendites: 150 tk<\/p>\n<hr \/>\n<p><strong>ISO kood 09.03.39<\/strong><\/p>\n<p><a href=\"https:\/\/invago.ee\/ru\/%d0%bf%d0%be%d0%bb%d0%b5%d0%b7%d0%bd%d1%8b%d0%b5-%d1%81%d0%be%d0%b2%d0%b5%d1%82%d1%8b\/%d0%be%d1%80%d0%b3%d0%b0%d0%bd%d0%b8%d0%b7%d0%b0%d1%86%d0%b8%d1%8f-%d1%81%d0%b8%d1%81%d1%82%d0%b5%d0%bc%d1%8b-%d0%ba%d0%be%d0%bc%d0%bf%d0%b5%d0%bd%d1%81%d0%b0%d1%86%d0%b8%d1%8f\/\"><span style=\"color: #008000;\"><strong>Soodustingimused<\/strong><\/span><\/a><\/p>\n","protected":false},"excerpt":{"rendered":"<p>TENA Bibs s\u00f6\u00f6gip\u00f5ll 37&#215;48 cm kaitseb r\u00f5ivaid voodis v\u00f5i ratastoolis s\u00fc\u00fces. Kerge ette panna, kerge \u00e4ra visata. TENA s\u00f6\u00f6gip\u00f5lled on<\/p>\n","protected":false},"featured_media":5584,"comment_status":"open","ping_status":"closed","template":"","meta":[],"product_brand":[],"product_cat":[73,93,180],"product_tag":[],"class_list":{"0":"post-5582","1":"product","2":"type-product","3":"status-publish","4":"has-post-thumbnail","6":"product_cat-73","7":"product_cat-93","8":"product_cat-180","10":"first","11":"instock","12":"taxable","13":"shipping-taxable","14":"purchasable","15":"product-type-simple"},"_links":{"self":[{"href":"https:\/\/invago.ee\/ru\/wp-json\/wp\/v2\/product\/5582","targetHints":{"allow":["GET"]}}],"collection":[{"href":"https:\/\/invago.ee\/ru\/wp-json\/wp\/v2\/product"}],"about":[{"href":"https:\/\/invago.ee\/ru\/wp-json\/wp\/v2\/types\/product"}],"replies":[{"embeddable":true,"href":"https:\/\/invago.ee\/ru\/wp-json\/wp\/v2\/comments?post=5582"}],"wp:featuredmedia":[{"embeddable":true,"href":"https:\/\/invago.ee\/ru\/wp-json\/wp\/v2\/media\/5584"}],"wp:attachment":[{"href":"https:\/\/invago.ee\/ru\/wp-json\/wp\/v2\/media?parent=5582"}],"wp:term":[{"taxonomy":"product_brand","embeddable":true,"href":"https:\/\/invago.ee\/ru\/wp-json\/wp\/v2\/product_brand?post=5582"},{"taxonomy":"product_cat","embeddable":true,"href":"https:\/\/invago.ee\/ru\/wp-json\/wp\/v2\/product_cat?post=5582"},{"taxonomy":"product_tag","embeddable":true,"href":"https:\/\/invago.ee\/ru\/wp-json\/wp\/v2\/product_tag?post=5582"}],"curies":[{"name":"wp","href":"https:\/\/api.w.org\/{rel}","templated":true}]}}