{"id":4225,"date":"2018-08-20T13:31:56","date_gmt":"2018-08-20T10:31:56","guid":{"rendered":"https:\/\/invago.ee\/tooted\/%d0%b4%d0%b5%d0%b7%d0%b8%d0%bd%d1%84%d0%b5%d0%ba%d1%86%d0%b8%d1%8f-%d0%bf%d0%be%d0%b2%d0%b5%d1%80%d1%85%d0%bd%d0%be%d1%81%d1%82%d0%b5%d0%b9\/"},"modified":"2021-10-22T15:06:13","modified_gmt":"2021-10-22T12:06:13","slug":"%d0%b4%d0%b5%d0%b7%d0%b8%d0%bd%d1%84%d0%b5%d0%ba%d1%86%d0%b8%d1%8f-%d0%bf%d0%be%d0%b2%d0%b5%d1%80%d1%85%d0%bd%d0%be%d1%81%d1%82%d0%b5%d0%b9","status":"publish","type":"product","link":"https:\/\/invago.ee\/ru\/product\/%d0%b4%d0%b5%d0%b7%d0%b8%d0%bd%d1%84%d0%b5%d0%ba%d1%86%d0%b8%d1%8f-%d0%bf%d0%be%d0%b2%d0%b5%d1%80%d1%85%d0%bd%d0%be%d1%81%d1%82%d0%b5%d0%b9\/","title":{"rendered":"\u0414\u0435\u0437\u0438\u043d\u0444\u0435\u043a\u0446\u0438\u044f \u043f\u043e\u0432\u0435\u0440\u0445\u043d\u043e\u0441\u0442\u0435\u0439  KIILTO EASYDES SPRAY 750 ml"},"content":{"rendered":"<p>Desinfitseeriv puhastusaine KIILTO EASYDES SPRAY.<\/p>\n<p>Alkoholi sisaldav mikrobitsiidselt t\u00f5hus, kasutusvalmis ja kiiresti m\u00f5juv, puhastava toimega desinfitseerimisaine.<br \/>\nEasydes sobib k\u00f5ikidele alkoholi taluvate materjalidele: kontaktpinnad, seadmed (sh telefonide ja arvutite klaviatuurid) ja instrumendid. Sobib ka k\u00f6\u00f6kides ja toiduainet\u00f6\u00f6stuses kasutatavate pindade ja seadmete igap\u00e4evaseks desinfitseerimiseks. PH 10<\/p>\n<p><strong><em>Tooteomadused<\/em><\/strong><br \/>\nMikrobioloogiliselt ulatusliku ja kiire toimega;<br \/>\nEemaldab n\u00e4htava mustuse ja rasva;<br \/>\nKinnitatud EN-standardite katsetega:<br \/>\nEN13713 bakteritsiidne toime;<br \/>\nEN 1650 fungitsiidne toime;<br \/>\nVirutsiidne toime;<br \/>\nSamuti testiti MRSA t\u00fcve vastu.<\/p>\n<p><em><strong>S\u00e4ilitamine<\/strong><\/em><br \/>\nToatemperatuuril. K\u00f5lblikkusaeg kolm aastat.<\/p>\n<p><em><strong>Kasutusjuhend<\/strong><\/em><br \/>\nPihustage desinfitseerimisvahendit m\u00e4\u00e4rdunud pinnale ja kuivatage see puhta lapi v\u00f5i \u00fchekordseks kasutamiseks m\u00f5eldud salvr\u00e4tiga v\u00f5i pihustage seda otse puhastuslapile ja kasutage seda pindade p\u00fchkimiseks. Pole vaja eelpesta. Kui peate tagama, et pindadele ei j\u00e4\u00e4ks mingeid j\u00e4\u00e4ke, p\u00fchkige puhastatud piirkond \u00fcle puhta niiske lapiga. Pindasid pole \u00fcldjuhul vaja loputada.<\/p>\n","protected":false},"excerpt":{"rendered":"<p>Desinfitseeriv puhastusaine KIILTO EASYDES SPRAY. Alkoholi sisaldav mikrobitsiidselt t\u00f5hus, kasutusvalmis ja kiiresti m\u00f5juv, puhastava toimega desinfitseerimisaine. Easydes sobib k\u00f5ikidele alkoholi<\/p>\n","protected":false},"featured_media":12685,"comment_status":"open","ping_status":"closed","template":"","meta":[],"product_brand":[],"product_cat":[660,114,152,180],"product_tag":[],"class_list":{"0":"post-4225","1":"product","2":"type-product","3":"status-publish","4":"has-post-thumbnail","6":"product_cat-660","7":"product_cat-114","8":"product_cat-152","9":"product_cat-180","11":"first","12":"instock","13":"taxable","14":"shipping-taxable","15":"purchasable","16":"product-type-simple"},"_links":{"self":[{"href":"https:\/\/invago.ee\/ru\/wp-json\/wp\/v2\/product\/4225","targetHints":{"allow":["GET"]}}],"collection":[{"href":"https:\/\/invago.ee\/ru\/wp-json\/wp\/v2\/product"}],"about":[{"href":"https:\/\/invago.ee\/ru\/wp-json\/wp\/v2\/types\/product"}],"replies":[{"embeddable":true,"href":"https:\/\/invago.ee\/ru\/wp-json\/wp\/v2\/comments?post=4225"}],"wp:featuredmedia":[{"embeddable":true,"href":"https:\/\/invago.ee\/ru\/wp-json\/wp\/v2\/media\/12685"}],"wp:attachment":[{"href":"https:\/\/invago.ee\/ru\/wp-json\/wp\/v2\/media?parent=4225"}],"wp:term":[{"taxonomy":"product_brand","embeddable":true,"href":"https:\/\/invago.ee\/ru\/wp-json\/wp\/v2\/product_brand?post=4225"},{"taxonomy":"product_cat","embeddable":true,"href":"https:\/\/invago.ee\/ru\/wp-json\/wp\/v2\/product_cat?post=4225"},{"taxonomy":"product_tag","embeddable":true,"href":"https:\/\/invago.ee\/ru\/wp-json\/wp\/v2\/product_tag?post=4225"}],"curies":[{"name":"wp","href":"https:\/\/api.w.org\/{rel}","templated":true}]}}