{"id":31481,"date":"2025-01-20T16:41:21","date_gmt":"2025-01-20T17:52:54","guid":{"rendered":"https:\/\/invago.ee\/tooted\/uncategorized\/%d0%b0%d0%ba%d1%82%d0%b8%d0%b2%d0%bd%d1%8b%d0%b9-%d0%b7%d0%b0%d1%85%d0%b2%d0%b0%d1%82-%d0%b4%d0%bb%d1%8f-%d0%b8%d0%bd%d0%b2%d0%b0%d0%bb%d0%b8%d0%b4%d0%be%d0%b2-%d0%bf%d0%b0%d0%bb%d0%ba%d0%b0-%d1%85\/"},"modified":"2025-01-20T20:52:54","modified_gmt":"2025-01-20T17:52:54","slug":"%d0%b0%d0%ba%d1%82%d0%b8%d0%b2%d0%bd%d1%8b%d0%b9-%d0%b7%d0%b0%d1%85%d0%b2%d0%b0%d1%82-%d0%b4%d0%bb%d1%8f-%d0%b8%d0%bd%d0%b2%d0%b0%d0%bb%d0%b8%d0%b4%d0%be%d0%b2-%d0%bf%d0%b0%d0%bb%d0%ba%d0%b0-%d1%85","status":"publish","type":"product","link":"https:\/\/invago.ee\/ru\/product\/%d0%b0%d0%ba%d1%82%d0%b8%d0%b2%d0%bd%d1%8b%d0%b9-%d0%b7%d0%b0%d1%85%d0%b2%d0%b0%d1%82-%d0%b4%d0%bb%d1%8f-%d0%b8%d0%bd%d0%b2%d0%b0%d0%bb%d0%b8%d0%b4%d0%be%d0%b2-%d0%bf%d0%b0%d0%bb%d0%ba%d0%b0-%d1%85\/","title":{"rendered":"\u0410\u043a\u0442\u0438\u0432\u043d\u044b\u0439 \u0437\u0430\u0445\u0432\u0430\u0442 \u0434\u043b\u044f \u0438\u043d\u0432\u0430\u043b\u0438\u0434\u043e\u0432. \u041f\u0430\u043b\u043a\u0430 \u0445\u0432\u0430\u0442\u0430\u043b\u043a\u0430 70 \u0438\u043b\u0438 80 \u0441\u043c Bischoff &amp; Bischoff"},"content":{"rendered":"<p>Haarats 70 v\u00f5i 80 cm Bischoff &amp; Bischoff on abivahend esemete t\u00f5stmisel ja haaramisel langenud lihasj\u00f5u ja liigesliikuvuse korral.<\/p>\n<p>Vastupidav haarats on valmistatud metallist.<\/p>\n<p>Libisemiskindel otsik kummist.<\/p>\n<p>Saadaval kahes versioonis: 70 cm punane ja 80 cm sinine.<\/p>\n<p>&nbsp;<\/p>\n<p><strong>ISO kood: 24.21.03<\/strong><\/p>\n","protected":false},"excerpt":{"rendered":"<p>Haarats 70 v\u00f5i 80 cm Bischoff &amp; Bischoff on abivahend esemete t\u00f5stmisel ja haaramisel langenud lihasj\u00f5u ja liigesliikuvuse korral. Vastupidav<\/p>\n","protected":false},"featured_media":31476,"comment_status":"closed","ping_status":"closed","template":"","meta":[],"product_brand":[],"product_cat":[890,118,111,93],"product_tag":[],"class_list":{"0":"post-31481","1":"product","2":"type-product","3":"status-publish","4":"has-post-thumbnail","6":"product_cat-890","7":"product_cat-118","8":"product_cat-111","9":"product_cat-93","10":"ts_product_brand-bb-ru","12":"first","13":"instock","14":"taxable","15":"shipping-taxable","16":"purchasable","17":"product-type-variable"},"_links":{"self":[{"href":"https:\/\/invago.ee\/ru\/wp-json\/wp\/v2\/product\/31481","targetHints":{"allow":["GET"]}}],"collection":[{"href":"https:\/\/invago.ee\/ru\/wp-json\/wp\/v2\/product"}],"about":[{"href":"https:\/\/invago.ee\/ru\/wp-json\/wp\/v2\/types\/product"}],"replies":[{"embeddable":true,"href":"https:\/\/invago.ee\/ru\/wp-json\/wp\/v2\/comments?post=31481"}],"wp:featuredmedia":[{"embeddable":true,"href":"https:\/\/invago.ee\/ru\/wp-json\/wp\/v2\/media\/31476"}],"wp:attachment":[{"href":"https:\/\/invago.ee\/ru\/wp-json\/wp\/v2\/media?parent=31481"}],"wp:term":[{"taxonomy":"product_brand","embeddable":true,"href":"https:\/\/invago.ee\/ru\/wp-json\/wp\/v2\/product_brand?post=31481"},{"taxonomy":"product_cat","embeddable":true,"href":"https:\/\/invago.ee\/ru\/wp-json\/wp\/v2\/product_cat?post=31481"},{"taxonomy":"product_tag","embeddable":true,"href":"https:\/\/invago.ee\/ru\/wp-json\/wp\/v2\/product_tag?post=31481"}],"curies":[{"name":"wp","href":"https:\/\/api.w.org\/{rel}","templated":true}]}}