{"id":31029,"date":"2024-11-21T17:45:39","date_gmt":"2024-11-21T14:45:39","guid":{"rendered":"https:\/\/invago.ee\/?post_type=product&#038;p=31029"},"modified":"2025-12-17T18:13:09","modified_gmt":"2025-12-17T15:13:09","slug":"dusitool-king-ss1-20","status":"publish","type":"product","link":"https:\/\/invago.ee\/ru\/product\/dusitool-king-ss1-20\/","title":{"rendered":"Du\u0161itool 50 x 30 cm KING-SS1-20"},"content":{"rendered":"<h3>Du\u0161itool KING-SS1-20<\/h3>\n<p>Du\u0161itool KING tagab stabiilse istumisasendi pesemistoimingutel, kui esineb probleeme tasakaalu ja kehahoiu kontrolliga.<\/p>\n<p>Du\u0161itool on abiks nii haiguslike seisundite puhul kui ka eakatele inimestele igap\u00e4evatoimingutes.<\/p>\n<p>Du\u0161itool on valmistatud kergest pol\u00fcuretaan ja alumiinium materjalist. Du\u0161itooli jalgade k\u00f5rgust saab reguleerida ja jalgadel on ka kummiotsikud.<\/p>\n<p><em><strong>M\u00f5\u00f5dud:<\/strong><\/em><\/p>\n<ul>\n<li>Istme suurus: 50 x 30 cm<\/li>\n<li>K\u00f5rguse reguleerimine vahemikul: 39 &#8211; 54 cm<\/li>\n<li>Kaal: 1,67 kg<\/li>\n<li>Maksimaalne kasutaja kaal: 150 kg<\/li>\n<\/ul>\n<p><img decoding=\"async\" src=\"https:\/\/www.timago.com\/uploads\/upload%20EN\/EN-KING-SS--20.jpg\" alt=\"\" title=\"\"><\/p>\n<p>&nbsp;<\/p>\n<p><strong>ISO kood 09.33.03<\/strong><\/p>\n<p>Riiklku soodustusega m\u00fc\u00fcgihind 8,60 \u20ac<\/p>\n","protected":false},"excerpt":{"rendered":"<p><strong>ISO kood 09.33.03<\/strong><\/p>\n<p>Riiklku soodustusega m\u00fc\u00fcgihind 8,60 \u20ac<\/p>\n","protected":false},"featured_media":31037,"comment_status":"open","ping_status":"closed","template":"","meta":[],"product_brand":[],"product_cat":[188,33],"product_tag":[],"class_list":{"0":"post-31029","1":"product","2":"type-product","3":"status-publish","4":"has-post-thumbnail","6":"product_cat-vannituppa","7":"product_cat-wc-ja-vannituba","8":"ts_product_brand-timago","10":"first","11":"instock","12":"taxable","13":"shipping-taxable","14":"purchasable","15":"product-type-simple"},"_links":{"self":[{"href":"https:\/\/invago.ee\/ru\/wp-json\/wp\/v2\/product\/31029","targetHints":{"allow":["GET"]}}],"collection":[{"href":"https:\/\/invago.ee\/ru\/wp-json\/wp\/v2\/product"}],"about":[{"href":"https:\/\/invago.ee\/ru\/wp-json\/wp\/v2\/types\/product"}],"replies":[{"embeddable":true,"href":"https:\/\/invago.ee\/ru\/wp-json\/wp\/v2\/comments?post=31029"}],"wp:featuredmedia":[{"embeddable":true,"href":"https:\/\/invago.ee\/ru\/wp-json\/wp\/v2\/media\/31037"}],"wp:attachment":[{"href":"https:\/\/invago.ee\/ru\/wp-json\/wp\/v2\/media?parent=31029"}],"wp:term":[{"taxonomy":"product_brand","embeddable":true,"href":"https:\/\/invago.ee\/ru\/wp-json\/wp\/v2\/product_brand?post=31029"},{"taxonomy":"product_cat","embeddable":true,"href":"https:\/\/invago.ee\/ru\/wp-json\/wp\/v2\/product_cat?post=31029"},{"taxonomy":"product_tag","embeddable":true,"href":"https:\/\/invago.ee\/ru\/wp-json\/wp\/v2\/product_tag?post=31029"}],"curies":[{"name":"wp","href":"https:\/\/api.w.org\/{rel}","templated":true}]}}