{"id":29139,"date":"2025-09-01T10:31:23","date_gmt":"2025-09-01T07:31:23","guid":{"rendered":"https:\/\/invago.ee\/?post_type=product&#038;p=29139"},"modified":"2025-09-01T10:31:26","modified_gmt":"2025-09-01T07:31:26","slug":"huppeliigese-jaik-ortoos-tugevdatud-tgo-c-sts-603","status":"publish","type":"product","link":"https:\/\/invago.ee\/ru\/product\/huppeliigese-jaik-ortoos-tugevdatud-tgo-c-sts-603\/","title":{"rendered":"H\u00fcppeliigese j\u00e4ik ortoos &#8211; tugevdatud k\u00fcljetoed TGO-C STS 603"},"content":{"rendered":"<h3>H\u00fcppeliigese j\u00e4ik ortoos &#8211; kahepoolse immobilisatsioonoga, tugevdatud k\u00fcljetoed TGO-C STS 603<\/h3>\n<p>Professionaalne h\u00fcppeliigese ortoos tugevdatud k\u00fcljetugevduste ja kahepoolse immobilisatsiooniga tagab maksimaalse stabiliseerimise ja kaitse p\u00e4rast traumaatilisi vigastusi v\u00f5i krooniliste liigeseprobleemide korral.<\/p>\n<p>Ortoos on varustatud pitskinnitusega s\u00fcsteemiga, mis v\u00f5imaldab individuaalset ja turvalist sobivust ning tagab, et ortoos p\u00fcsib paigal ka aktiivsel liikumisel. Sobib ideaalselt kasutamiseks spordivigastuste, nikastuste, nihestuste, sidemete kahjustuste ja taastusravi ajal.<\/p>\n<p>Omadused:<\/p>\n<p>Kahepoolne (bilateraalne) immobilisatsioon \u2013 tagab stabiilsuse nii lateraalsuunas kui ka mediaalselt<\/p>\n<p>Tugevdatud k\u00fcljetugevdused \u2013 lisavad t\u00e4iendavat kaitset h\u00fcppeliigesele<\/p>\n<p>Pitsidega kinnitusmehhanism \u2013 v\u00f5imaldab t\u00e4pset ja kindlat reguleerimist<\/p>\n<p>Universaalne disain \u2013 sobib paremale ja vasakule jalale<\/p>\n<p>\u00d5hku l\u00e4bilaskev materjal \u2013 mugav kasutada pikemaajaliselt<\/p>\n<p>CE-sertifikaadiga meditsiiniseade \u2013 ohutu ja t\u00f5hus kasutamiseks taastusravis<\/p>\n<p>N\u00e4idustused:<\/p>\n<p>H\u00fcppeliigese nikastus v\u00f5i nihestus<\/p>\n<p>Sidemete v\u00f5i pehmete kudede kahjustused<\/p>\n<p>Krooniline h\u00fcppeliigese ebastabiilsus<\/p>\n<p>Taastumine p\u00e4rast operatsioone v\u00f5i traumasid<\/p>\n<p>Ennetav kasutamine spordi v\u00f5i f\u00fc\u00fcsilise koormuse ajal<\/p>\n<p>Tooteinfo:<\/p>\n<p>Mudel: TGO-C STS 603<\/p>\n<p>Tootja: Timago<\/p>\n<p>V\u00e4rv: Must<\/p>\n<p>Kasutatav jalg: Parem \/ Vasak<\/p>\n<h2 data-start=\"198\" data-end=\"223\"><strong data-start=\"204\" data-end=\"223\">Suuruste tabel:<\/strong><\/h2>\n<div class=\"_tableContainer_1rjym_1\">\n<div class=\"_tableWrapper_1rjym_13 group flex w-fit flex-col-reverse\" tabindex=\"-1\">\n<table class=\"w-fit min-w-(--thread-content-width)\" data-start=\"225\" data-end=\"488\">\n<thead data-start=\"225\" data-end=\"260\">\n<tr data-start=\"225\" data-end=\"260\">\n<th data-start=\"225\" data-end=\"234\" data-col-size=\"sm\">Suurus<\/th>\n<th data-start=\"234\" data-end=\"260\" data-col-size=\"sm\">H\u00fcppeliigese \u00fcmberm\u00f5\u00f5t<\/th>\n<\/tr>\n<\/thead>\n<tbody data-start=\"299\" data-end=\"488\">\n<tr data-start=\"299\" data-end=\"336\">\n<td data-start=\"299\" data-end=\"308\" data-col-size=\"sm\"><strong data-start=\"301\" data-end=\"306\">S<\/strong><\/td>\n<td data-start=\"308\" data-end=\"336\" data-col-size=\"sm\">24\u201326 cm<\/td>\n<\/tr>\n<tr data-start=\"337\" data-end=\"374\">\n<td data-start=\"337\" data-end=\"346\" data-col-size=\"sm\"><strong data-start=\"339\" data-end=\"344\">M<\/strong><\/td>\n<td data-start=\"346\" data-end=\"374\" data-col-size=\"sm\">26\u201328 cm<\/td>\n<\/tr>\n<tr data-start=\"375\" data-end=\"412\">\n<td data-start=\"375\" data-end=\"384\" data-col-size=\"sm\"><strong data-start=\"377\" data-end=\"382\">L<\/strong><\/td>\n<td data-start=\"384\" data-end=\"412\" data-col-size=\"sm\">28\u201331 cm<\/td>\n<\/tr>\n<tr data-start=\"413\" data-end=\"450\">\n<td data-start=\"413\" data-end=\"422\" data-col-size=\"sm\"><strong data-start=\"415\" data-end=\"421\">XL<\/strong><\/td>\n<td data-start=\"422\" data-end=\"450\" data-col-size=\"sm\">31\u201334 cm<\/td>\n<\/tr>\n<tr data-start=\"451\" data-end=\"488\">\n<td data-start=\"451\" data-end=\"460\" data-col-size=\"sm\"><strong data-start=\"453\" data-end=\"460\">XXL<\/strong><\/td>\n<td data-start=\"460\" data-end=\"488\" data-col-size=\"sm\">34\u201337 cm<\/td>\n<\/tr>\n<\/tbody>\n<\/table>\n<\/div>\n<\/div>\n<p data-start=\"490\" data-end=\"570\"><strong data-start=\"490\" data-end=\"523\">M\u00f5\u00f5tke h\u00fcppeliigese \u00fcmberm\u00f5\u00f5t<\/strong> k\u00f5ige laiemast kohast, et valida sobiv suurus.<\/p>\n","protected":false},"excerpt":{"rendered":"<p>H\u00fcppeliigese j\u00e4ik ortoos &#8211; kahepoolse immobilisatsioonoga, tugevdatud k\u00fcljetoed TGO-C STS 603 Professionaalne h\u00fcppeliigese ortoos tugevdatud k\u00fcljetugevduste ja kahepoolse immobilisatsiooniga tagab<\/p>\n","protected":false},"featured_media":33588,"comment_status":"closed","ping_status":"closed","template":"","meta":[],"product_brand":[],"product_cat":[506,879,56],"product_tag":[],"class_list":{"0":"post-29139","1":"product","2":"type-product","3":"status-publish","4":"has-post-thumbnail","6":"product_cat-jalaortoosid","7":"product_cat-uued-tooted","8":"product_cat-ortoosid-ja-bandaazid","9":"ts_product_brand-timago","11":"first","12":"instock","13":"sale","14":"taxable","15":"shipping-taxable","16":"purchasable","17":"product-type-variable"},"_links":{"self":[{"href":"https:\/\/invago.ee\/ru\/wp-json\/wp\/v2\/product\/29139","targetHints":{"allow":["GET"]}}],"collection":[{"href":"https:\/\/invago.ee\/ru\/wp-json\/wp\/v2\/product"}],"about":[{"href":"https:\/\/invago.ee\/ru\/wp-json\/wp\/v2\/types\/product"}],"replies":[{"embeddable":true,"href":"https:\/\/invago.ee\/ru\/wp-json\/wp\/v2\/comments?post=29139"}],"wp:featuredmedia":[{"embeddable":true,"href":"https:\/\/invago.ee\/ru\/wp-json\/wp\/v2\/media\/33588"}],"wp:attachment":[{"href":"https:\/\/invago.ee\/ru\/wp-json\/wp\/v2\/media?parent=29139"}],"wp:term":[{"taxonomy":"product_brand","embeddable":true,"href":"https:\/\/invago.ee\/ru\/wp-json\/wp\/v2\/product_brand?post=29139"},{"taxonomy":"product_cat","embeddable":true,"href":"https:\/\/invago.ee\/ru\/wp-json\/wp\/v2\/product_cat?post=29139"},{"taxonomy":"product_tag","embeddable":true,"href":"https:\/\/invago.ee\/ru\/wp-json\/wp\/v2\/product_tag?post=29139"}],"curies":[{"name":"wp","href":"https:\/\/api.w.org\/{rel}","templated":true}]}}