{"id":26913,"date":"2023-09-19T14:06:13","date_gmt":"2023-09-19T11:06:13","guid":{"rendered":"https:\/\/invago.ee\/?post_type=product&#038;p=26913"},"modified":"2023-10-03T10:48:49","modified_gmt":"2023-10-03T07:48:49","slug":"elektriline-hooldusvoodi-taurus-2-style","status":"publish","type":"product","link":"https:\/\/invago.ee\/ru\/product\/elektriline-hooldusvoodi-taurus-2-style\/","title":{"rendered":"Elektriline hooldusvoodi REHABED TAURUS 2 STYLE"},"content":{"rendered":"<p data-swp-font-size=\"15px\">Taurus 2 Style mudeli loomisel kasutasime Taurus voodite sarja parimaid omadusi ja kasutajate juhiseid, et tutvustada mitmeid voodimugavust ja funktsionaalset m\u00f5jutavaid muudatusi. Peamine erinevus on nelja veeru konstruktsioon. See lahendus tagab voodi suurema stabiilsuse. Kasutusmugavuse huvides on k\u00fclgpiirde asend madalamal, et muuta t\u00f5usmist ja voodil istumist. Tehtud muudatused v\u00f5imaldasid meil v\u00e4hendada voodi kogupikkust, muutes selle kompaktsemaks ja sobivaks kasutamiseks piiratud ruumiga ruumides.<\/p>\n<p data-swp-font-size=\"15px\">Lamamispind on v\u00f5imalik tellida kahes versioonis: metallist v\u00f5i puidust.<\/p>\n<p><strong>P\u00f5hijooned:<\/strong><\/p>\n<ul>\n<li>Puidust liistud, mis katavad k\u00fclgsiine t\u00f5stes\u00fcsteemi<\/li>\n<li>4-veeruline ehitus<\/li>\n<li>K\u00fclgsiinide alandatud asend<\/li>\n<li>Kompaktsed m\u00f5\u00f5tmed<\/li>\n<li>4-osaline metallist <strong>TR2\/M\/STYLE<\/strong> v\u00f5i puidust <strong>TR2\/W\/STYLE<\/strong>\u00a0 liistudest valmistatud madratsiplatvorm.<\/li>\n<li>Voodiotsad lamineeritud plaadist ja t\u00e4isp\u00f6\u00f6gipuidust<\/li>\n<li>Lai v\u00e4rvivalik<\/li>\n<li>T\u00e4nu transpordialuse s\u00fcsteemile on lihtne ladustada ja transportida<\/li>\n<li>Max\u00a0t\u00f6\u00f6koormus: 215 kg<\/li>\n<li>Garantii: 2 aastat<\/li>\n<li><strong>ISO kood 18.12.10<\/strong><\/li>\n<\/ul>\n<p><strong>FUNKTSIOONID:<\/strong><\/p>\n<p><img loading=\"lazy\" decoding=\"async\" class=\"alignnone wp-image-1578\" src=\"https:\/\/rehabed.pl\/wp-content\/uploads\/2019\/02\/Regulacja-plec%C3%B3w.jpg\" sizes=\"auto, (max-width: 47px) 100vw, 47px\" srcset=\"https:\/\/rehabed.pl\/wp-content\/uploads\/2019\/02\/Regulacja-plec\u00f3w.jpg 1537w, https:\/\/rehabed.pl\/wp-content\/uploads\/2019\/02\/Regulacja-plec\u00f3w-150x150.jpg 150w, https:\/\/rehabed.pl\/wp-content\/uploads\/2019\/02\/Regulacja-plec\u00f3w-300x300.jpg 300w, https:\/\/rehabed.pl\/wp-content\/uploads\/2019\/02\/Regulacja-plec\u00f3w-768x768.jpg 768w, https:\/\/rehabed.pl\/wp-content\/uploads\/2019\/02\/Regulacja-plec\u00f3w-1024x1024.jpg 1024w, https:\/\/rehabed.pl\/wp-content\/uploads\/2019\/02\/Regulacja-plec\u00f3w-1000x1000.jpg 1000w\" alt=\"\" width=\"47\" height=\"47\" title=\"\">\u00a0 \u00a0 \u00a0 \u00a0 \u00a0<img loading=\"lazy\" decoding=\"async\" class=\"alignnone wp-image-1579\" src=\"https:\/\/rehabed.pl\/wp-content\/uploads\/2019\/02\/Regulacja-uda-i-podudzia.jpg\" sizes=\"auto, (max-width: 47px) 100vw, 47px\" srcset=\"https:\/\/rehabed.pl\/wp-content\/uploads\/2019\/02\/Regulacja-uda-i-podudzia.jpg 1537w, https:\/\/rehabed.pl\/wp-content\/uploads\/2019\/02\/Regulacja-uda-i-podudzia-150x150.jpg 150w, https:\/\/rehabed.pl\/wp-content\/uploads\/2019\/02\/Regulacja-uda-i-podudzia-300x300.jpg 300w, https:\/\/rehabed.pl\/wp-content\/uploads\/2019\/02\/Regulacja-uda-i-podudzia-768x768.jpg 768w, https:\/\/rehabed.pl\/wp-content\/uploads\/2019\/02\/Regulacja-uda-i-podudzia-1024x1024.jpg 1024w, https:\/\/rehabed.pl\/wp-content\/uploads\/2019\/02\/Regulacja-uda-i-podudzia-1000x1000.jpg 1000w\" alt=\"\" width=\"47\" height=\"47\" title=\"\">\u00a0 \u00a0 \u00a0 \u00a0\u00a0<img loading=\"lazy\" decoding=\"async\" class=\"alignnone wp-image-1580\" src=\"https:\/\/rehabed.pl\/wp-content\/uploads\/2019\/02\/Autokontur.jpg\" sizes=\"auto, (max-width: 47px) 100vw, 47px\" srcset=\"https:\/\/rehabed.pl\/wp-content\/uploads\/2019\/02\/Autokontur.jpg 1537w, https:\/\/rehabed.pl\/wp-content\/uploads\/2019\/02\/Autokontur-150x150.jpg 150w, https:\/\/rehabed.pl\/wp-content\/uploads\/2019\/02\/Autokontur-300x300.jpg 300w, https:\/\/rehabed.pl\/wp-content\/uploads\/2019\/02\/Autokontur-768x768.jpg 768w, https:\/\/rehabed.pl\/wp-content\/uploads\/2019\/02\/Autokontur-1024x1024.jpg 1024w, https:\/\/rehabed.pl\/wp-content\/uploads\/2019\/02\/Autokontur-1000x1000.jpg 1000w\" alt=\"\" width=\"47\" height=\"47\" title=\"\">\u00a0 \u00a0 \u00a0 \u00a0\u00a0<img loading=\"lazy\" decoding=\"async\" class=\"alignnone wp-image-1581\" src=\"https:\/\/rehabed.pl\/wp-content\/uploads\/2019\/02\/trendeleburg.jpg\" sizes=\"auto, (max-width: 47px) 100vw, 47px\" srcset=\"https:\/\/rehabed.pl\/wp-content\/uploads\/2019\/02\/trendeleburg.jpg 1536w, https:\/\/rehabed.pl\/wp-content\/uploads\/2019\/02\/trendeleburg-150x150.jpg 150w, https:\/\/rehabed.pl\/wp-content\/uploads\/2019\/02\/trendeleburg-300x300.jpg 300w, https:\/\/rehabed.pl\/wp-content\/uploads\/2019\/02\/trendeleburg-768x769.jpg 768w, https:\/\/rehabed.pl\/wp-content\/uploads\/2019\/02\/trendeleburg-1024x1024.jpg 1024w, https:\/\/rehabed.pl\/wp-content\/uploads\/2019\/02\/trendeleburg-999x1000.jpg 999w\" alt=\"\" width=\"47\" height=\"47\" title=\"\">\u00a0 \u00a0 \u00a0 \u00a0 \u00a0<img loading=\"lazy\" decoding=\"async\" class=\"alignnone wp-image-1582\" src=\"https:\/\/rehabed.pl\/wp-content\/uploads\/2019\/02\/Antytrrendeleburg.jpg\" sizes=\"auto, (max-width: 47px) 100vw, 47px\" srcset=\"https:\/\/rehabed.pl\/wp-content\/uploads\/2019\/02\/Antytrrendeleburg.jpg 1536w, https:\/\/rehabed.pl\/wp-content\/uploads\/2019\/02\/Antytrrendeleburg-150x150.jpg 150w, https:\/\/rehabed.pl\/wp-content\/uploads\/2019\/02\/Antytrrendeleburg-300x300.jpg 300w, https:\/\/rehabed.pl\/wp-content\/uploads\/2019\/02\/Antytrrendeleburg-768x769.jpg 768w, https:\/\/rehabed.pl\/wp-content\/uploads\/2019\/02\/Antytrrendeleburg-1024x1024.jpg 1024w, https:\/\/rehabed.pl\/wp-content\/uploads\/2019\/02\/Antytrrendeleburg-999x1000.jpg 999w\" alt=\"\" width=\"47\" height=\"47\" title=\"\">\u00a0 \u00a0 \u00a0 \u00a0\u00a0<img loading=\"lazy\" decoding=\"async\" class=\"alignnone wp-image-1583\" src=\"https:\/\/rehabed.pl\/wp-content\/uploads\/2019\/02\/Regulacja-wysokosci.jpg\" sizes=\"auto, (max-width: 47px) 100vw, 47px\" srcset=\"https:\/\/rehabed.pl\/wp-content\/uploads\/2019\/02\/Regulacja-wysokosci.jpg 1537w, https:\/\/rehabed.pl\/wp-content\/uploads\/2019\/02\/Regulacja-wysokosci-150x150.jpg 150w, https:\/\/rehabed.pl\/wp-content\/uploads\/2019\/02\/Regulacja-wysokosci-300x300.jpg 300w, https:\/\/rehabed.pl\/wp-content\/uploads\/2019\/02\/Regulacja-wysokosci-768x768.jpg 768w, https:\/\/rehabed.pl\/wp-content\/uploads\/2019\/02\/Regulacja-wysokosci-1024x1024.jpg 1024w, https:\/\/rehabed.pl\/wp-content\/uploads\/2019\/02\/Regulacja-wysokosci-1001x1000.jpg 1001w\" alt=\"\" width=\"47\" height=\"47\" title=\"\"><\/p>\n<p>&nbsp;<\/p>\n<p><strong>Puitdekoorid<\/strong><br \/>\nPidevalt m\u00fc\u00fcgil standardv\u00e4rvid<\/p>\n<table width=\"233\">\n<tbody>\n<tr>\n<td><img loading=\"lazy\" decoding=\"async\" class=\"size-full wp-image-1482 aligncenter\" src=\"https:\/\/rehabed.pl\/wp-content\/uploads\/2019\/06\/1.-beech.jpg\" sizes=\"auto, (max-width: 579px) 100vw, 579px\" srcset=\"https:\/\/rehabed.pl\/wp-content\/uploads\/2019\/06\/1.-beech.jpg 579w, https:\/\/rehabed.pl\/wp-content\/uploads\/2019\/06\/1.-beech-300x163.jpg 300w\" alt=\"\" width=\"579\" height=\"314\" title=\"\"><\/td>\n<td><img loading=\"lazy\" decoding=\"async\" class=\"size-full wp-image-1483 aligncenter\" src=\"https:\/\/rehabed.pl\/wp-content\/uploads\/2019\/06\/2.-light-oak.jpg\" sizes=\"auto, (max-width: 579px) 100vw, 579px\" srcset=\"https:\/\/rehabed.pl\/wp-content\/uploads\/2019\/06\/2.-light-oak.jpg 579w, https:\/\/rehabed.pl\/wp-content\/uploads\/2019\/06\/2.-light-oak-300x163.jpg 300w\" alt=\"\" width=\"579\" height=\"314\" title=\"\"><\/td>\n<\/tr>\n<tr>\n<td>P\u00f6\u00f6k<\/td>\n<td>HELE TAMM<\/td>\n<\/tr>\n<\/tbody>\n<\/table>\n<p>&nbsp;<\/p>\n<p>Mittestandardsed v\u00e4rvid*:<\/p>\n<table style=\"height: 142px;\" width=\"375\">\n<tbody>\n<tr>\n<td><img loading=\"lazy\" decoding=\"async\" class=\"alignnone size-full wp-image-1486\" src=\"https:\/\/rehabed.pl\/wp-content\/uploads\/2019\/06\/5.-paermo-oak.jpg\" sizes=\"auto, (max-width: 579px) 100vw, 579px\" srcset=\"https:\/\/rehabed.pl\/wp-content\/uploads\/2019\/06\/5.-paermo-oak.jpg 579w, https:\/\/rehabed.pl\/wp-content\/uploads\/2019\/06\/5.-paermo-oak-300x163.jpg 300w\" alt=\"\" width=\"579\" height=\"314\" title=\"\"><\/td>\n<td><img loading=\"lazy\" decoding=\"async\" class=\"alignnone size-full wp-image-1487\" src=\"https:\/\/rehabed.pl\/wp-content\/uploads\/2019\/06\/6.-sonoma-tabac.jpg\" sizes=\"auto, (max-width: 579px) 100vw, 579px\" srcset=\"https:\/\/rehabed.pl\/wp-content\/uploads\/2019\/06\/6.-sonoma-tabac.jpg 579w, https:\/\/rehabed.pl\/wp-content\/uploads\/2019\/06\/6.-sonoma-tabac-300x163.jpg 300w\" alt=\"\" width=\"579\" height=\"314\" title=\"\"><\/td>\n<td><img loading=\"lazy\" decoding=\"async\" class=\"alignnone size-full wp-image-1488\" src=\"https:\/\/rehabed.pl\/wp-content\/uploads\/2019\/06\/7.-maple.jpg\" sizes=\"auto, (max-width: 579px) 100vw, 579px\" srcset=\"https:\/\/rehabed.pl\/wp-content\/uploads\/2019\/06\/7.-maple.jpg 579w, https:\/\/rehabed.pl\/wp-content\/uploads\/2019\/06\/7.-maple-300x163.jpg 300w\" alt=\"\" width=\"579\" height=\"314\" title=\"\"><\/td>\n<td><\/td>\n<\/tr>\n<tr>\n<td>DARK WALNUT<\/td>\n<td>SONOMA TABAC<\/td>\n<td>MAPLE<\/td>\n<td><\/td>\n<\/tr>\n<\/tbody>\n<\/table>\n<p><em>*Mittestandardsete v\u00e4rvide eeldatav tootmise aeg on 3-5 n\u00e4dalat, tellides alla 5 tk lisandub lisatasu.<\/em><\/p>\n<p><em>Voodi visualiseerimisel on illustreeriv iseloom.\u00a0Viimistlus ja varustuse detailid lepitakse kokku m\u00fc\u00fcgiosakonnaga individuaalselt.<\/em><\/p>\n","protected":false},"excerpt":{"rendered":"<p>Taurus 2 Style mudeli loomisel kasutasime Taurus voodite sarja parimaid omadusi ja kasutajate juhiseid, et tutvustada mitmeid voodimugavust ja funktsionaalset<\/p>\n","protected":false},"featured_media":26919,"comment_status":"closed","ping_status":"closed","template":"","meta":[],"product_brand":[],"product_cat":[44,45],"product_tag":[],"class_list":{"0":"post-26913","1":"product","2":"type-product","3":"status-publish","4":"has-post-thumbnail","6":"product_cat-hooldusvoodid-ja-lisatarvikud","7":"product_cat-hooldusvoodid","9":"first","10":"onbackorder","11":"taxable","12":"shipping-taxable","13":"purchasable","14":"product-type-variable"},"_links":{"self":[{"href":"https:\/\/invago.ee\/ru\/wp-json\/wp\/v2\/product\/26913","targetHints":{"allow":["GET"]}}],"collection":[{"href":"https:\/\/invago.ee\/ru\/wp-json\/wp\/v2\/product"}],"about":[{"href":"https:\/\/invago.ee\/ru\/wp-json\/wp\/v2\/types\/product"}],"replies":[{"embeddable":true,"href":"https:\/\/invago.ee\/ru\/wp-json\/wp\/v2\/comments?post=26913"}],"wp:featuredmedia":[{"embeddable":true,"href":"https:\/\/invago.ee\/ru\/wp-json\/wp\/v2\/media\/26919"}],"wp:attachment":[{"href":"https:\/\/invago.ee\/ru\/wp-json\/wp\/v2\/media?parent=26913"}],"wp:term":[{"taxonomy":"product_brand","embeddable":true,"href":"https:\/\/invago.ee\/ru\/wp-json\/wp\/v2\/product_brand?post=26913"},{"taxonomy":"product_cat","embeddable":true,"href":"https:\/\/invago.ee\/ru\/wp-json\/wp\/v2\/product_cat?post=26913"},{"taxonomy":"product_tag","embeddable":true,"href":"https:\/\/invago.ee\/ru\/wp-json\/wp\/v2\/product_tag?post=26913"}],"curies":[{"name":"wp","href":"https:\/\/api.w.org\/{rel}","templated":true}]}}