{"id":25180,"date":"2023-02-08T14:52:53","date_gmt":"2023-02-08T11:52:53","guid":{"rendered":"https:\/\/invago.ee\/?post_type=product&#038;p=25180"},"modified":"2023-10-03T10:18:18","modified_gmt":"2023-10-03T07:18:18","slug":"elektriline-hooldusvoodi-taurus-2-lux","status":"publish","type":"product","link":"https:\/\/invago.ee\/ru\/product\/elektriline-hooldusvoodi-taurus-2-lux\/","title":{"rendered":"Elektriline hooldusvoodi REHABED TAURUS 2 LUX"},"content":{"rendered":"<p>Elektrilise reguleerimisega hooldusvoodi TAURUS 2 LUX sobib kasutamiseks nii hooldekodudes kui kodus. Nelja osaline lamamispind madratsi hoidjatega, jalgade ja seljatoe osad on elektriliselt liigutatavad. Samuti on elektriline kogu voodi k\u00f5rguse reguleerimine. Eraldi lukustavad 4 rattad. Kasutajale kohandatud asendid on soovikorral lukustatavad.<\/p>\n<p><span>Taurus 2 LUX mudeli loomisel kasutasime Taurus voodite sarja parimaid omadusi ja kasutajate juhiseid, et tutvustada mitmeid voodi mugavust ja funktsionaalsust m\u00f5jutavaid muudatusi.\u00a0Peamine erinevus on nelja veeru konstruktsioon.\u00a0See lahendus tagab voodi suurema stabiilsuse.\u00a0Kasutusmugavuse huvides on k\u00fclgpiirde asend oluliselt madalamal, et h\u00f5lbustada t\u00f5usmist ja voodil istumist.\u00a0Tehtud muudatused v\u00f5imaldasid meil v\u00e4hendada voodi kogupikkust, muutes selle kompaktsemaks ja sobivaks kasutamiseks piiratud ruumiga ruumides.\u00a0Taurus 2 LUX-is kasutasime dekoratiivseid puidust voodiotsi.<\/span><\/p>\n<p>&nbsp;<\/p>\n<p><strong><span>P\u00f5hijooned:<\/span><\/strong><\/p>\n<ul>\n<li><span>Dekoratiivsed voodiotsad<\/span><\/li>\n<li><span>4-veeruline ehitus<\/span><\/li>\n<li><span>K\u00fclgsiinide alandatud asend<\/span><\/li>\n<li><span>Kompaktsed m\u00f5\u00f5tmed<\/span><\/li>\n<li><span>4-osaline metallist <strong>TR2\/M\/LUX<\/strong> v\u00f5i puidust <strong>TR2\/W\/LUX<\/strong> liistudest valmistatud madratsiplatvorm.<\/span><\/li>\n<li><span>Voodiotsad lamineeritud plaadist ja t\u00e4isp\u00f6\u00f6gipuidust.\u00a0Saadaval polsterdatud voodiots<\/span><\/li>\n<li><span>100mm rattad koos piduris\u00fcsteemiga<\/span><\/li>\n<li data-swp-font-size=\"15px\">Peatsi t\u00f5usenurk: 0-74\u00b0<\/li>\n<li data-swp-font-size=\"15px\">Jalgade t\u00f5usenurk: 0-34\u00b0<\/li>\n<li data-swp-font-size=\"15px\">Trendelenburgi positsioon: 0-12\u00b0<\/li>\n<li><span>Lai v\u00e4rvivalik<\/span><\/li>\n<li><span>T\u00e4nu transpordialuse s\u00fcsteemile on lihtne ladustada ja transportida<\/span><\/li>\n<li><span>Max\u00a0t\u00f6\u00f6koormus: 215 kg<\/span><\/li>\n<li><span>Garantii: 2 aastat<\/span><\/li>\n<li><strong>ISO kood 18.12.10<\/strong><\/li>\n<\/ul>\n<p><strong><span>P\u00f5him\u00f5\u00f5tmed:<\/span><\/strong><\/p>\n<table>\n<tbody>\n<tr>\n<td><span>\u00fcldlaius x pikkus<\/span><\/td>\n<td><span>105,5 x 214 cm<\/span><\/td>\n<\/tr>\n<tr>\n<td><span>madratsi platvormi laius x pikkus<\/span><\/td>\n<td><span>90&#215;200 cm<\/span><\/td>\n<\/tr>\n<tr>\n<td><span>sobiv madrats<\/span><\/td>\n<td><span>90 x 200 cm<\/span><br \/>\n<span>80 x 200 cm<\/span><\/td>\n<\/tr>\n<\/tbody>\n<\/table>\n<p>&nbsp;<\/p>\n<p><strong><span>Puitdekoorid<\/span><\/strong><br \/>\n<span>Pidevalt m\u00fc\u00fcgil standardv\u00e4rvid<\/span><\/p>\n<table width=\"233\">\n<tbody>\n<tr>\n<td><img loading=\"lazy\" decoding=\"async\" class=\"size-full wp-image-1482 aligncenter\" src=\"https:\/\/rehabed.pl\/wp-content\/uploads\/2019\/06\/1.-beech.jpg\" sizes=\"auto, (max-width: 579px) 100vw, 579px\" srcset=\"https:\/\/rehabed.pl\/wp-content\/uploads\/2019\/06\/1.-beech.jpg 579w, https:\/\/rehabed.pl\/wp-content\/uploads\/2019\/06\/1.-beech-300x163.jpg 300w\" alt=\"\" width=\"579\" height=\"314\" title=\"\"><\/td>\n<td><img loading=\"lazy\" decoding=\"async\" class=\"size-full wp-image-1483 aligncenter\" src=\"https:\/\/rehabed.pl\/wp-content\/uploads\/2019\/06\/2.-light-oak.jpg\" sizes=\"auto, (max-width: 579px) 100vw, 579px\" srcset=\"https:\/\/rehabed.pl\/wp-content\/uploads\/2019\/06\/2.-light-oak.jpg 579w, https:\/\/rehabed.pl\/wp-content\/uploads\/2019\/06\/2.-light-oak-300x163.jpg 300w\" alt=\"\" width=\"579\" height=\"314\" title=\"\"><\/td>\n<\/tr>\n<tr>\n<td><span>P\u00f6\u00f6k<\/span><\/td>\n<td><span>HELE TAMM<\/span><\/td>\n<\/tr>\n<\/tbody>\n<\/table>\n<p>&nbsp;<\/p>\n","protected":false},"excerpt":{"rendered":"<p>Elektrilise reguleerimisega hooldusvoodi TAURUS 2 LUX sobib kasutamiseks nii hooldekodudes kui kodus. Nelja osaline lamamispind madratsi hoidjatega, jalgade ja seljatoe<\/p>\n","protected":false},"featured_media":25182,"comment_status":"closed","ping_status":"closed","template":"","meta":[],"product_brand":[],"product_cat":[45,44],"product_tag":[],"class_list":{"0":"post-25180","1":"product","2":"type-product","3":"status-publish","4":"has-post-thumbnail","6":"product_cat-hooldusvoodid","7":"product_cat-hooldusvoodid-ja-lisatarvikud","9":"first","10":"onbackorder","11":"taxable","12":"shipping-taxable","13":"purchasable","14":"product-type-variable"},"_links":{"self":[{"href":"https:\/\/invago.ee\/ru\/wp-json\/wp\/v2\/product\/25180","targetHints":{"allow":["GET"]}}],"collection":[{"href":"https:\/\/invago.ee\/ru\/wp-json\/wp\/v2\/product"}],"about":[{"href":"https:\/\/invago.ee\/ru\/wp-json\/wp\/v2\/types\/product"}],"replies":[{"embeddable":true,"href":"https:\/\/invago.ee\/ru\/wp-json\/wp\/v2\/comments?post=25180"}],"wp:featuredmedia":[{"embeddable":true,"href":"https:\/\/invago.ee\/ru\/wp-json\/wp\/v2\/media\/25182"}],"wp:attachment":[{"href":"https:\/\/invago.ee\/ru\/wp-json\/wp\/v2\/media?parent=25180"}],"wp:term":[{"taxonomy":"product_brand","embeddable":true,"href":"https:\/\/invago.ee\/ru\/wp-json\/wp\/v2\/product_brand?post=25180"},{"taxonomy":"product_cat","embeddable":true,"href":"https:\/\/invago.ee\/ru\/wp-json\/wp\/v2\/product_cat?post=25180"},{"taxonomy":"product_tag","embeddable":true,"href":"https:\/\/invago.ee\/ru\/wp-json\/wp\/v2\/product_tag?post=25180"}],"curies":[{"name":"wp","href":"https:\/\/api.w.org\/{rel}","templated":true}]}}