{"id":25167,"date":"2023-02-08T14:09:28","date_gmt":"2023-02-08T11:09:28","guid":{"rendered":"https:\/\/invago.ee\/?post_type=product&#038;p=25167"},"modified":"2023-10-03T10:08:22","modified_gmt":"2023-10-03T07:08:22","slug":"elektriline-hooldusvoodi-taurus-2-low","status":"publish","type":"product","link":"https:\/\/invago.ee\/ru\/product\/elektriline-hooldusvoodi-taurus-2-low\/","title":{"rendered":"Elektriline hooldusvoodi REHABED TAURUS 2 LOW"},"content":{"rendered":"<p data-swp-font-size=\"15px\">Elektriline hooldusvoodi Taurus 2 LOW mudeli loomisel kasutasime Taurus voodite sarja parimaid omadusi ja kasutajate juhiseid, et tutvustada mitmeid voodimugavust ja funktsionaalset m\u00f5jutavaid muudatusi. Peamine erinevus on nelja veeru konstruktsioon. See lahendus tagab voodi suurema stabiilsuse. Kasutusmugavuse huvides on k\u00fclgpiirde asend madalamal, et muuta t\u00f5usmist ja voodil istumist. Tehtud muudatused v\u00f5imaldasid meil v\u00e4hendada voodi kogupikkust, muutes selle kompaktsemaks ja sobivaks kasutamiseks piiratud ruumiga ruumides.<\/p>\n<p data-swp-font-size=\"15px\">Lamamispind on v\u00f5imalik tellida kahes versioonis: metallist <strong>TR2\/M\/LOW<\/strong> v\u00f5i puidust <strong>TR2\/W\/LOW.<\/strong><\/p>\n<p><strong>P\u00f5hijooned:<\/strong><\/p>\n<ul>\n<li>Madratsi platvormi \u00e4\u00e4rmiselt madal asend<\/li>\n<li>4-veeruline ehitus<\/li>\n<li>K\u00fclgsiinide alandatud asend<\/li>\n<li>Kompaktsed m\u00f5\u00f5tmed<\/li>\n<li>4-osaline metallist v\u00f5i puidust liistudest valmistatud madratsiplatvorm.<\/li>\n<li>Voodiotsad lamineeritud plaadist ja t\u00e4isp\u00f6\u00f6gipuidust<\/li>\n<li data-swp-font-size=\"15px\">Peatsi t\u00f5usenurk: 0-74\u00b0<\/li>\n<li data-swp-font-size=\"15px\">Jalgade t\u00f5usenurk: 0-34\u00b0<\/li>\n<li data-swp-font-size=\"15px\">Trendelenburgi: 0-12\u00b0<\/li>\n<li data-swp-font-size=\"15px\">Reverse Trendelenburg: 0-12\u00b0<\/li>\n<li>Lai v\u00e4rvivalik<\/li>\n<li>T\u00e4nu transpordialuse s\u00fcsteemile on lihtne ladustada ja transportida<\/li>\n<li>Max\u00a0t\u00f6\u00f6koormus: 215 kg<\/li>\n<li>Garantii: 2 aastat<\/li>\n<li><strong>ISO kood 18.12.10<\/strong><\/li>\n<\/ul>\n<p><strong>P\u00f5him\u00f5\u00f5tmed:<\/strong><\/p>\n<table>\n<tbody>\n<tr>\n<td>\u00fcldlaius x pikkus<\/td>\n<td>102,5 x 212 m<\/td>\n<\/tr>\n<tr>\n<td>madratsi platvormi laius x pikkus<\/td>\n<td>90&#215;200 cm<\/td>\n<\/tr>\n<tr>\n<td>sobiv madrats<\/td>\n<td>90 x 200 cm<br \/>\n80 x 200 cm<\/td>\n<\/tr>\n<\/tbody>\n<\/table>\n<p>&nbsp;<\/p>\n<p><strong>Puitdekoorid<\/strong><br \/>\nPidevalt m\u00fc\u00fcgil standardv\u00e4rvid<\/p>\n<table width=\"233\">\n<tbody>\n<tr>\n<td><img loading=\"lazy\" decoding=\"async\" class=\"size-full wp-image-1482 aligncenter\" src=\"https:\/\/rehabed.pl\/wp-content\/uploads\/2019\/06\/1.-beech.jpg\" sizes=\"auto, (max-width: 579px) 100vw, 579px\" srcset=\"https:\/\/rehabed.pl\/wp-content\/uploads\/2019\/06\/1.-beech.jpg 579w, https:\/\/rehabed.pl\/wp-content\/uploads\/2019\/06\/1.-beech-300x163.jpg 300w\" alt=\"\" width=\"579\" height=\"314\" title=\"\"><\/td>\n<td><img loading=\"lazy\" decoding=\"async\" class=\"size-full wp-image-1483 aligncenter\" src=\"https:\/\/rehabed.pl\/wp-content\/uploads\/2019\/06\/2.-light-oak.jpg\" sizes=\"auto, (max-width: 579px) 100vw, 579px\" srcset=\"https:\/\/rehabed.pl\/wp-content\/uploads\/2019\/06\/2.-light-oak.jpg 579w, https:\/\/rehabed.pl\/wp-content\/uploads\/2019\/06\/2.-light-oak-300x163.jpg 300w\" alt=\"\" width=\"579\" height=\"314\" title=\"\"><\/td>\n<\/tr>\n<tr>\n<td>P\u00f6\u00f6k<\/td>\n<td>HELE TAMM<\/td>\n<\/tr>\n<\/tbody>\n<\/table>\n<p data-swp-font-size=\"15px\">\n","protected":false},"excerpt":{"rendered":"<p>Elektriline hooldusvoodi Taurus 2 LOW mudeli loomisel kasutasime Taurus voodite sarja parimaid omadusi ja kasutajate juhiseid, et tutvustada mitmeid voodimugavust<\/p>\n","protected":false},"featured_media":25170,"comment_status":"closed","ping_status":"closed","template":"","meta":[],"product_brand":[],"product_cat":[45,44],"product_tag":[],"class_list":{"0":"post-25167","1":"product","2":"type-product","3":"status-publish","4":"has-post-thumbnail","6":"product_cat-hooldusvoodid","7":"product_cat-hooldusvoodid-ja-lisatarvikud","9":"first","10":"instock","11":"taxable","12":"shipping-taxable","13":"purchasable","14":"product-type-variable"},"_links":{"self":[{"href":"https:\/\/invago.ee\/ru\/wp-json\/wp\/v2\/product\/25167","targetHints":{"allow":["GET"]}}],"collection":[{"href":"https:\/\/invago.ee\/ru\/wp-json\/wp\/v2\/product"}],"about":[{"href":"https:\/\/invago.ee\/ru\/wp-json\/wp\/v2\/types\/product"}],"replies":[{"embeddable":true,"href":"https:\/\/invago.ee\/ru\/wp-json\/wp\/v2\/comments?post=25167"}],"wp:featuredmedia":[{"embeddable":true,"href":"https:\/\/invago.ee\/ru\/wp-json\/wp\/v2\/media\/25170"}],"wp:attachment":[{"href":"https:\/\/invago.ee\/ru\/wp-json\/wp\/v2\/media?parent=25167"}],"wp:term":[{"taxonomy":"product_brand","embeddable":true,"href":"https:\/\/invago.ee\/ru\/wp-json\/wp\/v2\/product_brand?post=25167"},{"taxonomy":"product_cat","embeddable":true,"href":"https:\/\/invago.ee\/ru\/wp-json\/wp\/v2\/product_cat?post=25167"},{"taxonomy":"product_tag","embeddable":true,"href":"https:\/\/invago.ee\/ru\/wp-json\/wp\/v2\/product_tag?post=25167"}],"curies":[{"name":"wp","href":"https:\/\/api.w.org\/{rel}","templated":true}]}}