{"id":24777,"date":"2023-01-05T17:16:28","date_gmt":"2023-01-05T14:18:07","guid":{"rendered":"https:\/\/invago.ee\/tooted\/uncategorized\/potikorgendus-kaanega-6-cm\/"},"modified":"2023-02-27T16:56:22","modified_gmt":"2023-02-27T13:56:22","slug":"potikorgendus-kaanega-6-cm-rus","status":"publish","type":"product","link":"https:\/\/invago.ee\/ru\/product\/potikorgendus-kaanega-6-cm-rus\/","title":{"rendered":"\u0412\u043e\u0437\u0432\u044b\u0448\u0435\u043d\u043d\u043e\u0441\u0442\u044c \u043d\u0430 \u0443\u043d\u0438\u0442\u0430\u0437 \u0441 \u043a\u0440\u044b\u0448\u043a\u043e\u0439 6 cm"},"content":{"rendered":"<p>\u0412\u043e\u0437\u0432\u044b\u0448\u0435\u043d\u043d\u043e\u0441\u0442\u044c \u043d\u0430 \u0443\u043d\u0438\u0442\u0430\u0437 \u0441 \u043a\u0440\u044b\u0448\u043a\u043e\u0439 6 cm RP410<\/p>\n<p>\u0412\u043e\u0437\u0432\u044b\u0448\u0435\u043d\u043d\u043e\u0441\u0442\u044c \u043d\u0430 \u0443\u043d\u0438\u0442\u0430\u0437 \u0438\u0437\u0433\u043e\u0442\u043e\u0432\u043b\u0435\u043d\u0430 \u0438\u0437 \u043f\u0440\u043e\u0447\u043d\u043e\u0433\u043e \u043f\u043b\u0430\u0441\u0442\u0438\u043a\u0430. \u041f\u043e\u0437\u0432\u043e\u043b\u044f\u0435\u0442 \u0443\u0432\u0435\u043b\u0438\u0447\u0438\u0442\u044c \u0432\u044b\u0441\u043e\u0442\u0443 \u0433\u043e\u0440\u0448\u043a\u0430 \u043d\u0430 6 \u0441\u043c.<br \/>\n\u041c\u043e\u0436\u043d\u043e \u043e\u0442\u0440\u0435\u0433\u0443\u043b\u0438\u0440\u043e\u0432\u0430\u0442\u044c \u0432 \u0441\u043e\u043e\u0442\u0432\u0435\u0442\u0441\u0442\u0432\u0438\u0438 \u0441 \u0443\u043d\u0438\u0442\u0430\u0437\u0430\u043c\u0438.<\/p>\n<p><strong>\u041a\u043e\u0434 ISO 09.12.15<\/strong><\/p>\n<p>V\u00e4lism\u00f5\u00f5dud <strong>cm L:42 x S:37,5 x K:6 cm<br \/>\n<\/strong>Sisemised m\u00f5\u00f5dud <strong>cm A: 27 \u2013 B: 22 cm<\/strong><\/p>\n<p>Maksimaalne kandev\u00f5ime <strong>136 kg<\/strong><\/p>\n<p><img decoding=\"async\" src=\"https:\/\/www.morettispa.com\/wp-content\/uploads\/2021\/02\/prodotti-RP400_410_immagine_dimensioni-305x305.jpg\" alt=\"\" title=\"\"><\/p>\n","protected":false},"excerpt":{"rendered":"<p>\u0412\u043e\u0437\u0432\u044b\u0448\u0435\u043d\u043d\u043e\u0441\u0442\u044c \u043d\u0430 \u0443\u043d\u0438\u0442\u0430\u0437 \u0441 \u043a\u0440\u044b\u0448\u043a\u043e\u0439 6 cm RP410 \u0412\u043e\u0437\u0432\u044b\u0448\u0435\u043d\u043d\u043e\u0441\u0442\u044c \u043d\u0430 \u0443\u043d\u0438\u0442\u0430\u0437 \u0438\u0437\u0433\u043e\u0442\u043e\u0432\u043b\u0435\u043d\u0430 \u0438\u0437 \u043f\u0440\u043e\u0447\u043d\u043e\u0433\u043e \u043f\u043b\u0430\u0441\u0442\u0438\u043a\u0430. \u041f\u043e\u0437\u0432\u043e\u043b\u044f\u0435\u0442 \u0443\u0432\u0435\u043b\u0438\u0447\u0438\u0442\u044c \u0432\u044b\u0441\u043e\u0442\u0443 \u0433\u043e\u0440\u0448\u043a\u0430 \u043d\u0430<\/p>\n","protected":false},"featured_media":24776,"comment_status":"closed","ping_status":"closed","template":"","meta":[],"product_brand":[],"product_cat":[114,116],"product_tag":[],"class_list":{"0":"post-24777","1":"product","2":"type-product","3":"status-publish","4":"has-post-thumbnail","6":"product_cat-114","7":"product_cat-116","8":"ts_product_brand-moretti-s-p-a-ru","10":"first","11":"instock","12":"taxable","13":"shipping-taxable","14":"purchasable","15":"product-type-simple"},"_links":{"self":[{"href":"https:\/\/invago.ee\/ru\/wp-json\/wp\/v2\/product\/24777","targetHints":{"allow":["GET"]}}],"collection":[{"href":"https:\/\/invago.ee\/ru\/wp-json\/wp\/v2\/product"}],"about":[{"href":"https:\/\/invago.ee\/ru\/wp-json\/wp\/v2\/types\/product"}],"replies":[{"embeddable":true,"href":"https:\/\/invago.ee\/ru\/wp-json\/wp\/v2\/comments?post=24777"}],"wp:featuredmedia":[{"embeddable":true,"href":"https:\/\/invago.ee\/ru\/wp-json\/wp\/v2\/media\/24776"}],"wp:attachment":[{"href":"https:\/\/invago.ee\/ru\/wp-json\/wp\/v2\/media?parent=24777"}],"wp:term":[{"taxonomy":"product_brand","embeddable":true,"href":"https:\/\/invago.ee\/ru\/wp-json\/wp\/v2\/product_brand?post=24777"},{"taxonomy":"product_cat","embeddable":true,"href":"https:\/\/invago.ee\/ru\/wp-json\/wp\/v2\/product_cat?post=24777"},{"taxonomy":"product_tag","embeddable":true,"href":"https:\/\/invago.ee\/ru\/wp-json\/wp\/v2\/product_tag?post=24777"}],"curies":[{"name":"wp","href":"https:\/\/api.w.org\/{rel}","templated":true}]}}