{"id":24773,"date":"2023-01-05T17:04:11","date_gmt":"2023-01-05T14:12:56","guid":{"rendered":"https:\/\/invago.ee\/tooted\/uncategorized\/%d0%b2%d0%be%d0%b7%d0%b2%d1%8b%d1%88%d0%b5%d0%bd%d0%bd%d0%be%d1%81%d1%82%d1%8c-%d0%bd%d0%b0-%d1%83%d0%bd%d0%b8%d1%82%d0%b0%d0%b7-6-cm-rp400\/"},"modified":"2023-02-27T16:58:05","modified_gmt":"2023-02-27T13:58:05","slug":"potikorgendus-6-cm-rp400-rus","status":"publish","type":"product","link":"https:\/\/invago.ee\/ru\/product\/potikorgendus-6-cm-rp400-rus\/","title":{"rendered":"\u0412\u043e\u0437\u0432\u044b\u0448\u0435\u043d\u043d\u043e\u0441\u0442\u044c \u043d\u0430 \u0443\u043d\u0438\u0442\u0430\u0437 6 cm RP400"},"content":{"rendered":"<p>\u0412\u043e\u0437\u0432\u044b\u0448\u0435\u043d\u043d\u043e\u0441\u0442\u044c \u043d\u0430 \u0443\u043d\u0438\u0442\u0430\u0437 6 cm RP400<\/p>\n<p>\u0412\u043e\u0437\u0432\u044b\u0448\u0435\u043d\u043d\u043e\u0441\u0442\u044c \u043d\u0430 \u0443\u043d\u0438\u0442\u0430\u0437 \u0438\u0437\u0433\u043e\u0442\u043e\u0432\u043b\u0435\u043d\u0430 \u0438\u0437 \u043f\u0440\u043e\u0447\u043d\u043e\u0433\u043e \u043f\u043b\u0430\u0441\u0442\u0438\u043a\u0430. \u041f\u043e\u0437\u0432\u043e\u043b\u044f\u0435\u0442 \u0443\u0432\u0435\u043b\u0438\u0447\u0438\u0442\u044c \u0432\u044b\u0441\u043e\u0442\u0443 \u0433\u043e\u0440\u0448\u043a\u0430 \u043d\u0430 6 \u0441\u043c.<br \/>\n\u041c\u043e\u0436\u043d\u043e \u043e\u0442\u0440\u0435\u0433\u0443\u043b\u0438\u0440\u043e\u0432\u0430\u0442\u044c \u0432 \u0441\u043e\u043e\u0442\u0432\u0435\u0442\u0441\u0442\u0432\u0438\u0438 \u0441 \u0440\u0430\u0437\u043c\u0435\u0440\u043e\u043c \u0443\u043d\u0438\u0442\u0430\u0437\u0430.<\/p>\n<p><strong>\u041a\u043e\u0434 ISO 09.12.15<\/strong><\/p>\n<p><span>V\u00e4lism\u00f5\u00f5dud <\/span><strong><span>cm L:42 x S:37,5 x K:6 cm<\/span><br \/>\n<\/strong><span>Sisemised m\u00f5\u00f5dud <\/span><strong><span>cm A: 27 \u2013 B: 22 cm<\/span><\/strong><\/p>\n<p><span>Maksimaalne kandev\u00f5ime <\/span><strong><span>136 kg<\/span><\/strong><\/p>\n<p><img decoding=\"async\" src=\"https:\/\/www.morettispa.com\/wp-content\/uploads\/2021\/02\/prodotti-RP400_410_immagine_dimensioni-305x305.jpg\" alt=\"\" title=\"\"><\/p>\n","protected":false},"excerpt":{"rendered":"<p>\u0412\u043e\u0437\u0432\u044b\u0448\u0435\u043d\u043d\u043e\u0441\u0442\u044c \u043d\u0430 \u0443\u043d\u0438\u0442\u0430\u0437 6 cm RP400 \u0412\u043e\u0437\u0432\u044b\u0448\u0435\u043d\u043d\u043e\u0441\u0442\u044c \u043d\u0430 \u0443\u043d\u0438\u0442\u0430\u0437 \u0438\u0437\u0433\u043e\u0442\u043e\u0432\u043b\u0435\u043d\u0430 \u0438\u0437 \u043f\u0440\u043e\u0447\u043d\u043e\u0433\u043e \u043f\u043b\u0430\u0441\u0442\u0438\u043a\u0430. \u041f\u043e\u0437\u0432\u043e\u043b\u044f\u0435\u0442 \u0443\u0432\u0435\u043b\u0438\u0447\u0438\u0442\u044c \u0432\u044b\u0441\u043e\u0442\u0443 \u0433\u043e\u0440\u0448\u043a\u0430 \u043d\u0430 6 \u0441\u043c.<\/p>\n","protected":false},"featured_media":24772,"comment_status":"closed","ping_status":"closed","template":"","meta":[],"product_brand":[],"product_cat":[114,116],"product_tag":[],"class_list":{"0":"post-24773","1":"product","2":"type-product","3":"status-publish","4":"has-post-thumbnail","6":"product_cat-114","7":"product_cat-116","8":"ts_product_brand-moretti-s-p-a-ru","10":"first","11":"instock","12":"taxable","13":"shipping-taxable","14":"purchasable","15":"product-type-simple"},"_links":{"self":[{"href":"https:\/\/invago.ee\/ru\/wp-json\/wp\/v2\/product\/24773","targetHints":{"allow":["GET"]}}],"collection":[{"href":"https:\/\/invago.ee\/ru\/wp-json\/wp\/v2\/product"}],"about":[{"href":"https:\/\/invago.ee\/ru\/wp-json\/wp\/v2\/types\/product"}],"replies":[{"embeddable":true,"href":"https:\/\/invago.ee\/ru\/wp-json\/wp\/v2\/comments?post=24773"}],"wp:featuredmedia":[{"embeddable":true,"href":"https:\/\/invago.ee\/ru\/wp-json\/wp\/v2\/media\/24772"}],"wp:attachment":[{"href":"https:\/\/invago.ee\/ru\/wp-json\/wp\/v2\/media?parent=24773"}],"wp:term":[{"taxonomy":"product_brand","embeddable":true,"href":"https:\/\/invago.ee\/ru\/wp-json\/wp\/v2\/product_brand?post=24773"},{"taxonomy":"product_cat","embeddable":true,"href":"https:\/\/invago.ee\/ru\/wp-json\/wp\/v2\/product_cat?post=24773"},{"taxonomy":"product_tag","embeddable":true,"href":"https:\/\/invago.ee\/ru\/wp-json\/wp\/v2\/product_tag?post=24773"}],"curies":[{"name":"wp","href":"https:\/\/api.w.org\/{rel}","templated":true}]}}