{"id":24270,"date":"2022-11-09T10:36:37","date_gmt":"2022-11-09T07:37:08","guid":{"rendered":"https:\/\/invago.ee\/tooted\/uncategorized\/ergonoomilise-kaepidemega-haarats-74-cm\/"},"modified":"2022-11-09T10:37:13","modified_gmt":"2022-11-09T07:37:13","slug":"ergonoomilise-kaepidemega-haarats-74-cm-rus","status":"publish","type":"product","link":"https:\/\/invago.ee\/ru\/product\/ergonoomilise-kaepidemega-haarats-74-cm-rus\/","title":{"rendered":"Ergonoomilise k\u00e4epidemega haarats 74 cm"},"content":{"rendered":"<p>Ergonoomilise k\u00e4epidemega haarats on valmistatud alumiiniumist.<\/p>\n<p>\u00dches otsas on konks ja magnet, mis toetab puuetega inimesi v\u00e4ikeste esemete k\u00e4ttesaamisel v\u00f5i \u00fclesv\u00f5tmisel.<\/p>\n<p><em>Saadaval kolmes m\u00f5\u00f5dus: 87 cm, 74 cm v\u00f5i 59 cm.<\/em><\/p>\n<p>ISO KOOD 24.21.03<\/p>\n","protected":false},"excerpt":{"rendered":"<p>Ergonoomilise k\u00e4epidemega haarats on valmistatud alumiiniumist. \u00dches otsas on konks ja magnet, mis toetab puuetega inimesi v\u00e4ikeste esemete k\u00e4ttesaamisel v\u00f5i<\/p>\n","protected":false},"featured_media":24265,"comment_status":"closed","ping_status":"closed","template":"","meta":[],"product_brand":[],"product_cat":[111,93,180],"product_tag":[],"class_list":{"0":"post-24270","1":"product","2":"type-product","3":"status-publish","4":"has-post-thumbnail","6":"product_cat-111","7":"product_cat-93","8":"product_cat-180","9":"ts_product_brand-mobilex-ru","11":"first","12":"instock","13":"taxable","14":"shipping-taxable","15":"purchasable","16":"product-type-simple"},"_links":{"self":[{"href":"https:\/\/invago.ee\/ru\/wp-json\/wp\/v2\/product\/24270","targetHints":{"allow":["GET"]}}],"collection":[{"href":"https:\/\/invago.ee\/ru\/wp-json\/wp\/v2\/product"}],"about":[{"href":"https:\/\/invago.ee\/ru\/wp-json\/wp\/v2\/types\/product"}],"replies":[{"embeddable":true,"href":"https:\/\/invago.ee\/ru\/wp-json\/wp\/v2\/comments?post=24270"}],"wp:featuredmedia":[{"embeddable":true,"href":"https:\/\/invago.ee\/ru\/wp-json\/wp\/v2\/media\/24265"}],"wp:attachment":[{"href":"https:\/\/invago.ee\/ru\/wp-json\/wp\/v2\/media?parent=24270"}],"wp:term":[{"taxonomy":"product_brand","embeddable":true,"href":"https:\/\/invago.ee\/ru\/wp-json\/wp\/v2\/product_brand?post=24270"},{"taxonomy":"product_cat","embeddable":true,"href":"https:\/\/invago.ee\/ru\/wp-json\/wp\/v2\/product_cat?post=24270"},{"taxonomy":"product_tag","embeddable":true,"href":"https:\/\/invago.ee\/ru\/wp-json\/wp\/v2\/product_tag?post=24270"}],"curies":[{"name":"wp","href":"https:\/\/api.w.org\/{rel}","templated":true}]}}