{"id":24199,"date":"2022-11-05T12:25:22","date_gmt":"2022-11-05T09:27:24","guid":{"rendered":"https:\/\/invago.ee\/tooted\/uncategorized\/vormmahe-vaga-raskele-uriinipidamatusele-molicare-form-9-tilka-n16\/"},"modified":"2022-11-05T12:27:24","modified_gmt":"2022-11-05T09:27:24","slug":"vormmahe-vaga-raskele-uriinipidamatusele-molicare-form-9-tilka-n16-2","status":"publish","type":"product","link":"https:\/\/invago.ee\/ru\/product\/vormmahe-vaga-raskele-uriinipidamatusele-molicare-form-9-tilka-n16-2\/","title":{"rendered":"Vormm\u00e4he v\u00e4ga raskele uriinipidamatusele MoliCare Form 9 tilka N16"},"content":{"rendered":"<p>Vormm\u00e4he v\u00e4ga raskele uriinipidamatusele MoliCare Form 9 tilka N16.<\/p>\n<p>Pehmest tekstiilisarnasest materjalist v\u00e4lispind. Antibakteriaalne vedelikku jaotav pealiskiht. L\u00f5hnaneutraliseerijat sisaldav kolmekihiline imav osa.<br \/>\nSisemised lekkekindlad barj\u00e4\u00e4rid. Anatoomiline kuju ja elastsed krooked tagavad m\u00e4hkme v\u00e4ga hea istuvuse. Niiskuse indikaator: kui m\u00e4hkme v\u00e4lisk\u00fcljel olev m\u00e4rgistus hajub, on aeg m\u00e4het vahetada. Vormm\u00e4hkmed p\u00fcsivad kindlalt paigal ja on eriti diskreetsed kui neid fikseerida elastsete MoliCare Fixpants p\u00fckstega.<\/p>\n<p><b>\u0418\u043d\u0441\u0442\u0440\u0443\u043a\u0446\u0438\u0438 \u043f\u043e \u043f\u0440\u0438\u043c\u0435\u043d\u0435\u043d\u0438\u044e<\/b><br \/>\nEelnevalt m\u00e4\u00e4rata \u00e4ra m\u00e4hkme kinnitamiseks sobivate fikseerivate p\u00fckste (nt MoliCare Fixpants) suurus.<\/p>\n<p>1. T\u00f5mmake patsiendile jalga fikseerivad p\u00fcksid ja voltige need tagurpidi tagasi p\u00f5lvedeni. Vormm\u00e4he avada ja pikisuunas kokku murda.<br \/>\n2. Et bakterite levikut takistada, asetage m\u00e4he jalgade vahelt l\u00e4bi suunaga eestpoolt tahapoole.<br \/>\n3. Tehke lahti seljapool olev m\u00e4hkme laiem osa. T\u00f5mmake fikseerivad p\u00fcksid selja pealt \u00fcles.<br \/>\n4. M\u00e4hkme eesosa lahti teha. M\u00e4he t\u00f5mmata v\u00f5imalikult \u00fcles. L\u00f5puks t\u00f5mmake fikseerivad p\u00fcksid ka eespoolt m\u00e4hkme peale.<br \/>\nKontrollige veelkord, kas m\u00e4he on v\u00f5imalikult tihedalt jalgade ja keha \u00fcmber, et v\u00e4ltida lekete tekkimist.<\/p>\n<p><b>\u041f\u0440\u0435\u0434\u0443\u043f\u0440\u0435\u0436\u0434\u0435\u043d\u0438\u044f \u0438 \u043c\u0435\u0440\u044b \u043f\u0440\u0435\u0434\u043e\u0441\u0442\u043e\u0440\u043e\u0436\u043d\u043e\u0441\u0442\u0438<\/b><br \/>\nVormm\u00e4he MoliCare Form on m\u00f5eldud \u00fchekordseks kasutamiseks.<\/p>\n<p><b>\u0423\u0441\u0442\u0440\u043e\u0439\u0441\u0442\u0432\u043e \u0438 \u043a\u043e\u043c\u043f\u043b\u0435\u043a\u0442\u0430\u0446\u0438\u044f<\/b><br \/>\n16 tk<\/p>\n<p><b>\u0421\u0442\u0440\u0430\u043d\u0430 \u043f\u0440\u043e\u0438\u0441\u0445\u043e\u0436\u0434\u0435\u043d\u0438\u044f<\/b><br \/>\n\u0413\u0435\u0440\u043c\u0430\u043d\u0438\u044f<\/p>\n","protected":false},"excerpt":{"rendered":"<p>Vormm\u00e4he v\u00e4ga raskele uriinipidamatusele MoliCare Form 9 tilka N16. Pehmest tekstiilisarnasest materjalist v\u00e4lispind. Antibakteriaalne vedelikku jaotav pealiskiht. L\u00f5hnaneutraliseerijat sisaldav kolmekihiline<\/p>\n","protected":false},"featured_media":24198,"comment_status":"closed","ping_status":"closed","template":"","meta":[],"product_brand":[],"product_cat":[73,394],"product_tag":[],"class_list":{"0":"post-24199","1":"product","2":"type-product","3":"status-publish","4":"has-post-thumbnail","6":"product_cat-73","7":"product_cat-394","9":"first","10":"instock","11":"taxable","12":"shipping-taxable","13":"purchasable","14":"product-type-simple"},"_links":{"self":[{"href":"https:\/\/invago.ee\/ru\/wp-json\/wp\/v2\/product\/24199","targetHints":{"allow":["GET"]}}],"collection":[{"href":"https:\/\/invago.ee\/ru\/wp-json\/wp\/v2\/product"}],"about":[{"href":"https:\/\/invago.ee\/ru\/wp-json\/wp\/v2\/types\/product"}],"replies":[{"embeddable":true,"href":"https:\/\/invago.ee\/ru\/wp-json\/wp\/v2\/comments?post=24199"}],"wp:featuredmedia":[{"embeddable":true,"href":"https:\/\/invago.ee\/ru\/wp-json\/wp\/v2\/media\/24198"}],"wp:attachment":[{"href":"https:\/\/invago.ee\/ru\/wp-json\/wp\/v2\/media?parent=24199"}],"wp:term":[{"taxonomy":"product_brand","embeddable":true,"href":"https:\/\/invago.ee\/ru\/wp-json\/wp\/v2\/product_brand?post=24199"},{"taxonomy":"product_cat","embeddable":true,"href":"https:\/\/invago.ee\/ru\/wp-json\/wp\/v2\/product_cat?post=24199"},{"taxonomy":"product_tag","embeddable":true,"href":"https:\/\/invago.ee\/ru\/wp-json\/wp\/v2\/product_tag?post=24199"}],"curies":[{"name":"wp","href":"https:\/\/api.w.org\/{rel}","templated":true}]}}