{"id":24026,"date":"2022-09-24T13:39:14","date_gmt":"2022-09-24T10:39:14","guid":{"rendered":"https:\/\/invago.ee\/tooted\/uncategorized\/pesukaitse-tena-discreet-ultra-mini-plus-n24\/"},"modified":"2022-09-24T13:40:51","modified_gmt":"2022-09-24T10:40:51","slug":"pesukaitse-tena-discreet-ultra-mini-plus-n24-2","status":"publish","type":"product","link":"https:\/\/invago.ee\/ru\/product\/pesukaitse-tena-discreet-ultra-mini-plus-n24-2\/","title":{"rendered":"Pesukaitse TENA Discreet Ultra Mini Plus N24"},"content":{"rendered":"<p>Pesukaitse TENA Discreet Ultra Mini Plus &#8211; on eriti pikk p\u00f5iepidamatuse pesukaitse, mis pakub m\u00e4rkamatut kaitset kerge p\u00f5iepidamatusega naistele, et nad tunneksid ennast mugavalt oma tegevustes ja ka n\u00e4iteks k\u00f6hides v\u00f5i aevastades. Loodud palju imavamaks kui tavaline pesukaitse, erip\u00e4raks microPROTEX\u2122 tehnoloogia, mis on kavandatud l\u00f5hna ja niiskuse koheseks lukustamiseks. Sest diskreetsus on sama t\u00e4htis kui turvalisus.<\/p>\n<ul>\n<li>Diskreetne ja kindel kaitse. Kaitseb nagu TENA<\/li>\n<li>Kuivus, kindlustunne ja l\u00f5hnakontroll<\/li>\n<li>microPROTEX\u2122 tehnoloogia tagab kindlustunde<\/li>\n<\/ul>\n<p>Pikkus: 21 cm<\/p>\n<p>Pakk: 24 tk<\/p>\n<p>See diskreetset ja kindlat kaitset pakkuv toode on loodud spetsiaalselt naistele, kes kogevad uriinilekkeid.<\/p>\n<p>TENA Discreet pakub teile kolmekordset kaitset lekete, ebameeldiva l\u00f5hna ja niiskustunde eest.<\/p>\n<p>microPROTEX\u2122 tehnoloogia pakub turvatunnet siis, kui te seda vajate ja diskreetsust seal, kus te seda soovite.<\/p>\n<p>TENA Discreet toodete mikrop\u00e4rlitega l\u00f5hnakontrollis\u00fcsteem seob vedeliku ja peatab ebameeldiva l\u00f5hna tekke.<\/p>\n<p>K\u00f5ik materjalid on hoolikalt testitud ning nahas\u00f5bralikud.<\/p>\n<p>Et j\u00e4tta planeedile endast v\u00e4iksem j\u00e4lg, v\u00e4hendame sammhaaval aastaks 2030 oma s\u00fcsinikujalaj\u00e4lge Euroopas 50% v\u00f5rra. TENA missiooniks on alati olnud inimeste kaitsmine ja meie kohustus on kaitsta ka planeeti.<\/p>\n","protected":false},"excerpt":{"rendered":"<div>\n<h4 class=\"vspace-xs\">Saadaval pikkus:<\/h4>\n<p>Pikkus: 21 cm<\/p>\n<\/div>\n<h4 class=\"vspace-xs\">Saadaval pakendites:<\/h4>\n<p>Pakk: 24 tk<\/p>\n","protected":false},"featured_media":24025,"comment_status":"closed","ping_status":"closed","template":"","meta":[],"product_brand":[],"product_cat":[890,73,154],"product_tag":[],"class_list":{"0":"post-24026","1":"product","2":"type-product","3":"status-publish","4":"has-post-thumbnail","6":"product_cat-890","7":"product_cat-73","8":"product_cat-154","9":"ts_product_brand-tena-ru","11":"first","12":"instock","13":"taxable","14":"shipping-taxable","15":"purchasable","16":"product-type-simple"},"_links":{"self":[{"href":"https:\/\/invago.ee\/ru\/wp-json\/wp\/v2\/product\/24026","targetHints":{"allow":["GET"]}}],"collection":[{"href":"https:\/\/invago.ee\/ru\/wp-json\/wp\/v2\/product"}],"about":[{"href":"https:\/\/invago.ee\/ru\/wp-json\/wp\/v2\/types\/product"}],"replies":[{"embeddable":true,"href":"https:\/\/invago.ee\/ru\/wp-json\/wp\/v2\/comments?post=24026"}],"wp:featuredmedia":[{"embeddable":true,"href":"https:\/\/invago.ee\/ru\/wp-json\/wp\/v2\/media\/24025"}],"wp:attachment":[{"href":"https:\/\/invago.ee\/ru\/wp-json\/wp\/v2\/media?parent=24026"}],"wp:term":[{"taxonomy":"product_brand","embeddable":true,"href":"https:\/\/invago.ee\/ru\/wp-json\/wp\/v2\/product_brand?post=24026"},{"taxonomy":"product_cat","embeddable":true,"href":"https:\/\/invago.ee\/ru\/wp-json\/wp\/v2\/product_cat?post=24026"},{"taxonomy":"product_tag","embeddable":true,"href":"https:\/\/invago.ee\/ru\/wp-json\/wp\/v2\/product_tag?post=24026"}],"curies":[{"name":"wp","href":"https:\/\/api.w.org\/{rel}","templated":true}]}}