{"id":22991,"date":"2022-07-08T11:23:16","date_gmt":"2022-07-08T08:25:37","guid":{"rendered":"https:\/\/invago.ee\/tooted\/uncategorized\/%d1%83%d1%82%d0%ba%d0%b0-%d0%bc%d1%83%d0%b6%d1%81%d0%ba%d0%b0%d1%8f-%d0%bf%d0%bb%d0%b0%d1%81%d1%82%d0%bc%d0%b0%d1%81%d1%81%d0%be%d0%b2%d0%b0%d1%8f-1%d0%bb-%d1%81-%d0%ba%d1%80%d1%8b%d1%88%d0%ba%d0%be\/"},"modified":"2022-07-08T11:25:37","modified_gmt":"2022-07-08T08:25:37","slug":"uriinipudel-meestele-kaanega-1000-ml-2","status":"publish","type":"product","link":"https:\/\/invago.ee\/ru\/product\/uriinipudel-meestele-kaanega-1000-ml-2\/","title":{"rendered":"\u0423\u0442\u043a\u0430 \u043c\u0443\u0436\u0441\u043a\u0430\u044f \u043f\u043b\u0430\u0441\u0442\u043c\u0430\u0441\u0441\u043e\u0432\u0430\u044f (1\u043b \u0441 \u043a\u0440\u044b\u0448\u043a\u043e\u0439 \u0438 \u0440\u0443\u0447\u043a\u043e\u0439)"},"content":{"rendered":"<p>\u0423\u0442\u043a\u0430 \u043c\u0443\u0436\u0441\u043a\u0430\u044f \u043f\u043b\u0430\u0441\u0442\u043c\u0430\u0441\u0441\u043e\u0432\u0430\u044f (1\u043b \u0441 \u043a\u0440\u044b\u0448\u043a\u043e\u0439 \u0438 \u0440\u0443\u0447\u043a\u043e\u0439)<\/p>\n<p><b>\u0418\u043d\u0441\u0442\u0440\u0443\u043a\u0446\u0438\u0438 \u043f\u043e \u043f\u0440\u0438\u043c\u0435\u043d\u0435\u043d\u0438\u044e<\/b><br \/>\nToote kasutamine, mis oli loodud, projekteeritud ja m\u00fc\u00fcdud ainult tervislikel eesm\u00e4rkidel, on etten\u00e4htud ainult meditsiinilisteks eesm\u00e4rkideks. Toote mitten\u00f5uetekohane kasutamine on kasutaja omavastutusel. Enne kasutamist tutvuge t\u00e4helepanelikult juhendiga. Toote pesemiseks ja desinfitseerimiseks kasutada ainult jahedat steriliseerimist k\u00e4sitsi meetodil (pesemine &#8211; desinfitseerimisvahenditega, mis omavad s\u00fcnergilist koostist: three salts of quaternary ammonia v\u00f5i selle sarnaseid komponente), nii nagu kontrollitud, et need ei kutsu esile \u00e4rritust patsientide nahal. Kohe peale kasutamist on vajalik t\u00fchjendada seade ja pesta puhtaks k\u00e4sitsi desinfitseerimisvahenditega ja h\u00e4sti loputada sooja veega.<\/p>\n<p><b>\u041f\u0440\u0435\u0434\u0443\u043f\u0440\u0435\u0436\u0434\u0435\u043d\u0438\u044f \u0438 \u043c\u0435\u0440\u044b \u043f\u0440\u0435\u0434\u043e\u0441\u0442\u043e\u0440\u043e\u0436\u043d\u043e\u0441\u0442\u0438<\/b><br \/>\nToote kasutamine, mis oli loodud, projekteeritud ja m\u00fc\u00fcdud ainult tervislikel eesm\u00e4rkidel, on etten\u00e4htud ainult meditsiinilisteks eesm\u00e4rkideks. Toote mitten\u00f5uetekohane kasutamine on kasutaja omavastutusel. Enne kasutamist tutvuge t\u00e4helepanelikult juhendiga.<\/p>\n<p>\u0412\u043d\u0438\u043c\u0430\u043d\u0438\u0435! Mitte kasutada seadet vigastuse puhul, mis tekitavad l\u00e4bivoolamist. Hoida lastele k\u00e4ttesaamatus kohas. Mitte asetada v\u00f5i hoida lahtise tule l\u00e4hedal. Vahetada seade, kui v\u00e4rvus seadel muutub kollaseks. Toodet m\u00fc\u00fcakse alati mittesteriilselt. Toodet v\u00f5ib steriliseerida ainult jahedal meetodil. Mitte kasutada autoklaavis. Mitte steriliseerida kuumal meetodil v\u00f5i kiirgusega.<\/p>\n<p><b>\u0423\u0441\u043b\u043e\u0432\u0438\u044f \u0445\u0440\u0430\u043d\u0435\u043d\u0438\u044f<\/b><br \/>\nS\u00e4ilitamine ja utiliseerimine: hoida seadet puhtas kohas ja eemal soojaallikatest. Enne transporti ja hoidmist soovitame mitte asetada raskeid asju otse toote peale, kuna see v\u00f5ib muuta seadme etten\u00e4htud vormi ja kuju. Mitte visata toodet selleks mitteetten\u00e4htud kohta, kuna toode sisaldab bioloogilisi lahuseid.<\/p>\n<p><b>\u0423\u0441\u0442\u0440\u043e\u0439\u0441\u0442\u0432\u043e \u0438 \u043a\u043e\u043c\u043f\u043b\u0435\u043a\u0442\u0430\u0446\u0438\u044f<\/b><br \/>\n\u0423\u0442\u043a\u0430 \u043c\u0443\u0436\u0441\u043a\u0430\u044f \u043f\u043b\u0430\u0441\u0442\u043c\u0430\u0441\u0441\u043e\u0432\u0430\u044f (1\u043b \u0441 \u043a\u0440\u044b\u0448\u043a\u043e\u0439 \u0438 \u0440\u0443\u0447\u043a\u043e\u0439)<\/p>\n","protected":false},"excerpt":{"rendered":"<p>\u0423\u0442\u043a\u0430 \u043c\u0443\u0436\u0441\u043a\u0430\u044f \u043f\u043b\u0430\u0441\u0442\u043c\u0430\u0441\u0441\u043e\u0432\u0430\u044f (1\u043b \u0441 \u043a\u0440\u044b\u0448\u043a\u043e\u0439 \u0438 \u0440\u0443\u0447\u043a\u043e\u0439) \u0418\u043d\u0441\u0442\u0440\u0443\u043a\u0446\u0438\u0438 \u043f\u043e \u043f\u0440\u0438\u043c\u0435\u043d\u0435\u043d\u0438\u044e Toote kasutamine, mis oli loodud, projekteeritud ja m\u00fc\u00fcdud ainult<\/p>\n","protected":false},"featured_media":22990,"comment_status":"closed","ping_status":"closed","template":"","meta":[],"product_brand":[],"product_cat":[890,141],"product_tag":[],"class_list":{"0":"post-22991","1":"product","2":"type-product","3":"status-publish","4":"has-post-thumbnail","6":"product_cat-890","7":"product_cat-141","9":"first","10":"outofstock","11":"taxable","12":"shipping-taxable","13":"purchasable","14":"product-type-simple"},"_links":{"self":[{"href":"https:\/\/invago.ee\/ru\/wp-json\/wp\/v2\/product\/22991","targetHints":{"allow":["GET"]}}],"collection":[{"href":"https:\/\/invago.ee\/ru\/wp-json\/wp\/v2\/product"}],"about":[{"href":"https:\/\/invago.ee\/ru\/wp-json\/wp\/v2\/types\/product"}],"replies":[{"embeddable":true,"href":"https:\/\/invago.ee\/ru\/wp-json\/wp\/v2\/comments?post=22991"}],"wp:featuredmedia":[{"embeddable":true,"href":"https:\/\/invago.ee\/ru\/wp-json\/wp\/v2\/media\/22990"}],"wp:attachment":[{"href":"https:\/\/invago.ee\/ru\/wp-json\/wp\/v2\/media?parent=22991"}],"wp:term":[{"taxonomy":"product_brand","embeddable":true,"href":"https:\/\/invago.ee\/ru\/wp-json\/wp\/v2\/product_brand?post=22991"},{"taxonomy":"product_cat","embeddable":true,"href":"https:\/\/invago.ee\/ru\/wp-json\/wp\/v2\/product_cat?post=22991"},{"taxonomy":"product_tag","embeddable":true,"href":"https:\/\/invago.ee\/ru\/wp-json\/wp\/v2\/product_tag?post=22991"}],"curies":[{"name":"wp","href":"https:\/\/api.w.org\/{rel}","templated":true}]}}