{"id":17175,"date":"2022-01-31T13:22:55","date_gmt":"2022-01-31T10:22:55","guid":{"rendered":"https:\/\/invago.ee\/shop\/uncategorized\/chemipharm-tropic-fresh-lohna-eemaldava-toimega-hugieeniline-varskendaja\/"},"modified":"2022-01-31T13:22:55","modified_gmt":"2022-01-31T10:22:55","slug":"chemipharm-tropic-fresh-lohna-eemaldava-toimega-hugieeniline-varskendaja","status":"publish","type":"product","link":"https:\/\/invago.ee\/ru\/product\/chemipharm-tropic-fresh-lohna-eemaldava-toimega-hugieeniline-varskendaja\/","title":{"rendered":"CHEMIPHARM TROPIC FRESH &#8211; L\u00f5hna eemaldava toimega h\u00fcgieeniline v\u00e4rskendaja"},"content":{"rendered":"<p>TROPIC FRESH on veebaasiline topelttoimega h\u00fcgieeniline v\u00e4rskendaja, mida kasutatakse meditsi- ini -ja hoolekandeasutustes inimesest l\u00e4htuva ebameeldiva l\u00f5hna eemaldamiseks ja \u00fcmbritseva \u00f5hu v\u00e4rskendamiseks. Toodet pihustatakse jalgadele, jalan\u00f5udesse,\u00f5hku jm. kohtadesse millest v\u00f5ib erituda ebameeldivat l\u00f5hna. Pihustades tekib aerosool, mis esmalt neutraliseerib inimeselt l\u00e4htuva ja ruumis oleva ebameeldiva l\u00f5hna ja seej\u00e4rel j\u00e4tab ruumidesse meeldiva aroomi pikemaks ajaks. Eemaldab ka ebameeldivad l\u00f5hnad, mis on tingitud suitsetamisest.<\/p>\n<p>PINDADE PUHASTUS JA DESINFEKTSIOON<\/p>\n<p>PAKENDID<br \/>\n250ml pihustuspudel<\/p>\n<p>KASUTAMINE<br \/>\nPihustatakse ebameeldivat lo\u0303hna eraldatavatele objektidele, inimese jalgadele, WC prillauale jne.<\/p>\n","protected":false},"excerpt":{"rendered":"<p>TROPIC FRESH on veebaasiline topelttoimega h\u00fcgieeniline v\u00e4rskendaja, mida kasutatakse meditsi- ini -ja hoolekandeasutustes inimesest l\u00e4htuva ebameeldiva l\u00f5hna eemaldamiseks ja \u00fcmbritseva<\/p>\n","protected":false},"featured_media":33426,"comment_status":"closed","ping_status":"closed","template":"","meta":[],"product_brand":[],"product_cat":[76,73,180],"product_tag":[],"class_list":{"0":"post-17175","1":"product","2":"type-product","3":"status-publish","4":"has-post-thumbnail","6":"product_cat-76","7":"product_cat-73","8":"product_cat-180","10":"first","11":"instock","12":"taxable","13":"shipping-taxable","14":"purchasable","15":"product-type-simple"},"_links":{"self":[{"href":"https:\/\/invago.ee\/ru\/wp-json\/wp\/v2\/product\/17175","targetHints":{"allow":["GET"]}}],"collection":[{"href":"https:\/\/invago.ee\/ru\/wp-json\/wp\/v2\/product"}],"about":[{"href":"https:\/\/invago.ee\/ru\/wp-json\/wp\/v2\/types\/product"}],"replies":[{"embeddable":true,"href":"https:\/\/invago.ee\/ru\/wp-json\/wp\/v2\/comments?post=17175"}],"wp:featuredmedia":[{"embeddable":true,"href":"https:\/\/invago.ee\/ru\/wp-json\/wp\/v2\/media\/33426"}],"wp:attachment":[{"href":"https:\/\/invago.ee\/ru\/wp-json\/wp\/v2\/media?parent=17175"}],"wp:term":[{"taxonomy":"product_brand","embeddable":true,"href":"https:\/\/invago.ee\/ru\/wp-json\/wp\/v2\/product_brand?post=17175"},{"taxonomy":"product_cat","embeddable":true,"href":"https:\/\/invago.ee\/ru\/wp-json\/wp\/v2\/product_cat?post=17175"},{"taxonomy":"product_tag","embeddable":true,"href":"https:\/\/invago.ee\/ru\/wp-json\/wp\/v2\/product_tag?post=17175"}],"curies":[{"name":"wp","href":"https:\/\/api.w.org\/{rel}","templated":true}]}}