{"id":17038,"date":"2019-10-17T15:08:12","date_gmt":"2019-10-17T12:08:12","guid":{"rendered":"https:\/\/invago.ee\/shop\/uncategorized\/invaroller-scooter-mini-vitea-care-w4026\/"},"modified":"2022-04-22T16:49:45","modified_gmt":"2022-04-22T13:49:45","slug":"invaroller-scooter-mini-vitea-care-w4026","status":"publish","type":"product","link":"https:\/\/invago.ee\/ru\/product\/invaroller-scooter-mini-vitea-care-w4026\/","title":{"rendered":"\u042d\u043b\u0435\u043a\u0442\u0440\u0438\u0447\u0435\u0441\u043a\u0438\u0439 \u0421\u043a\u0443\u0442\u0435\u0440 MINI"},"content":{"rendered":"<ul>\n<li>\u0428\u0438\u0440\u0438\u043d\u0430 \u0441\u0438\u0434\u0435\u043d\u044c\u044f : 41 c\u043c<\/li>\n<li>\u0413\u043b\u0443\u0431\u0438\u043d\u0430 \u0441\u0438\u0434\u0435\u043d\u044c\u044f : 37 c\u043c<\/li>\n<li>\u0412\u044b\u0441\u043e\u0442\u0430 \u0441\u043f\u0438\u043d\u043a\u0438 :\u00a0 37 c\u043c<\/li>\n<li>\u041c\u0430\u043a\u0441\u0438\u043c\u0430\u043b\u044c\u043d\u0430\u044f \u0441\u043a\u043e\u0440\u043e\u0441\u0442\u044c : 7 k\u043c\/\u0447<\/li>\n<li>\u0414\u0430\u043b\u044c\u043d\u043e\u0441\u0442\u044c \u0445\u043e\u0434\u0430 :\u00a0 18 km<\/li>\n<li>M\u0430\u043a\u0441. \u0443\u0433\u043e\u043b \u043d\u0430\u043a\u043b\u043e\u043d\u0430 : 15 \u00b0<\/li>\n<li>Rataste l\u00e4bim\u00f5\u00f5t : 4 x 9&#8243;<\/li>\n<li>\u0420\u0430\u0434\u0438\u0443\u0441 \u043f\u043e\u0432\u043e\u0440\u043e\u0442\u0430 : 165 c\u043c<\/li>\n<li>\u0428\u0438\u0440\u0438\u043d\u0430 : 56 c\u043c<\/li>\n<li>\u0414\u043b\u0438\u043d\u043d\u0430 : 123 c\u043c<\/li>\n<li>\u0412\u0435\u0441 : 51 \u043a\u0433 ( \u0431\u0435\u0437 \u0431\u0430\u0442\u0430\u0440\u0435\u0438 )<\/li>\n<li>\u0413\u0440\u0443\u0437\u043e\u043f\u043e\u0434\u044a\u0435\u043c\u043d\u043e\u0441\u0442\u044c : 120 kg<\/li>\n<li>\u0411\u0430\u0442\u0430\u0440\u0435\u044f : 12V\/20AH x2<\/li>\n<li>\u041c\u043e\u0449\u043d\u043e\u0441\u0442\u044c \u043c\u043e\u0442\u043e\u0440\u0430 : 200 W<\/li>\n<\/ul>\n","protected":false},"excerpt":{"rendered":"<p>\u041f\u0440\u0435\u0434\u0437\u0430\u043a\u0430\u0437<\/p>\n","protected":false},"featured_media":10214,"comment_status":"open","ping_status":"closed","template":"","meta":[],"product_brand":[],"product_cat":[101,368],"product_tag":[],"class_list":{"0":"post-17038","1":"product","2":"type-product","3":"status-publish","4":"has-post-thumbnail","6":"product_cat---ru","7":"product_cat-368","9":"first","10":"onbackorder","11":"taxable","12":"shipping-taxable","13":"purchasable","14":"product-type-simple"},"_links":{"self":[{"href":"https:\/\/invago.ee\/ru\/wp-json\/wp\/v2\/product\/17038","targetHints":{"allow":["GET"]}}],"collection":[{"href":"https:\/\/invago.ee\/ru\/wp-json\/wp\/v2\/product"}],"about":[{"href":"https:\/\/invago.ee\/ru\/wp-json\/wp\/v2\/types\/product"}],"replies":[{"embeddable":true,"href":"https:\/\/invago.ee\/ru\/wp-json\/wp\/v2\/comments?post=17038"}],"wp:featuredmedia":[{"embeddable":true,"href":"https:\/\/invago.ee\/ru\/wp-json\/wp\/v2\/media\/10214"}],"wp:attachment":[{"href":"https:\/\/invago.ee\/ru\/wp-json\/wp\/v2\/media?parent=17038"}],"wp:term":[{"taxonomy":"product_brand","embeddable":true,"href":"https:\/\/invago.ee\/ru\/wp-json\/wp\/v2\/product_brand?post=17038"},{"taxonomy":"product_cat","embeddable":true,"href":"https:\/\/invago.ee\/ru\/wp-json\/wp\/v2\/product_cat?post=17038"},{"taxonomy":"product_tag","embeddable":true,"href":"https:\/\/invago.ee\/ru\/wp-json\/wp\/v2\/product_tag?post=17038"}],"curies":[{"name":"wp","href":"https:\/\/api.w.org\/{rel}","templated":true}]}}