{"id":17027,"date":"2022-01-19T15:54:31","date_gmt":"2022-01-19T12:54:31","guid":{"rendered":"https:\/\/invago.ee\/shop\/uncategorized\/elektriline-haiglavoodi-leo-med\/"},"modified":"2022-01-19T15:54:31","modified_gmt":"2022-01-19T12:54:31","slug":"elektriline-haiglavoodi-leo-med","status":"publish","type":"product","link":"https:\/\/invago.ee\/ru\/product\/elektriline-haiglavoodi-leo-med\/","title":{"rendered":"Elektriline haiglavoodi LEO MED"},"content":{"rendered":"<p>Elektrilise reguleerimisega haiglavoodi LEO MED sobib kasutamiseks meditsiiniasutuses ja hooldekodus. Elektriline kogu voodi k\u00f5rguse reguleerimine. Eraldi lukustavad 4 rattad.<br \/>\nKasutajale kohandatud asendid on soovikorral lukustatavad.<br \/>\nVoodi on valmistatud vastupidavast kroomitud metallist. Voodi on kerge puhastada ja desinfitseerida.<\/p>\n<p><strong>Saadaval ainult ettetellimisel. Tarneaeg (standardversioonis) on 3 &#8211; 4 n\u00e4dalat.<\/strong><\/p>\n","protected":false},"excerpt":{"rendered":"<ul>\n<li>K\u00f5rgus elektriliselt muudetav vahemikus 32-86 cm<\/li>\n<li>Lamamispind; 90 x 200 cm; 85\u00d7200 cm; 78\u00d7200cm<\/li>\n<li>Voodi m\u00f5\u00f5tmed: 102\u00d7215 cm; 97\u00d7215 cm; 90\u00d7215 cm<\/li>\n<li>Trendelenburgi positsioon: 0-12\u00b0<\/li>\n<li>Maksimaalne koormus: 215 kg<\/li>\n<\/ul>\n<p><strong>\u00a0 \u00a0 \u00a0\u00a0<\/strong><\/p>\n<p>&nbsp;<\/p>\n","protected":false},"featured_media":17009,"comment_status":"closed","ping_status":"closed","template":"","meta":[],"product_brand":[],"product_cat":[69,70],"product_tag":[],"class_list":{"0":"post-17027","1":"product","2":"type-product","3":"status-publish","4":"has-post-thumbnail","6":"product_cat-69","7":"product_cat--ru","9":"first","10":"onbackorder","11":"taxable","12":"shipping-taxable","13":"product-type-simple"},"_links":{"self":[{"href":"https:\/\/invago.ee\/ru\/wp-json\/wp\/v2\/product\/17027","targetHints":{"allow":["GET"]}}],"collection":[{"href":"https:\/\/invago.ee\/ru\/wp-json\/wp\/v2\/product"}],"about":[{"href":"https:\/\/invago.ee\/ru\/wp-json\/wp\/v2\/types\/product"}],"replies":[{"embeddable":true,"href":"https:\/\/invago.ee\/ru\/wp-json\/wp\/v2\/comments?post=17027"}],"wp:featuredmedia":[{"embeddable":true,"href":"https:\/\/invago.ee\/ru\/wp-json\/wp\/v2\/media\/17009"}],"wp:attachment":[{"href":"https:\/\/invago.ee\/ru\/wp-json\/wp\/v2\/media?parent=17027"}],"wp:term":[{"taxonomy":"product_brand","embeddable":true,"href":"https:\/\/invago.ee\/ru\/wp-json\/wp\/v2\/product_brand?post=17027"},{"taxonomy":"product_cat","embeddable":true,"href":"https:\/\/invago.ee\/ru\/wp-json\/wp\/v2\/product_cat?post=17027"},{"taxonomy":"product_tag","embeddable":true,"href":"https:\/\/invago.ee\/ru\/wp-json\/wp\/v2\/product_tag?post=17027"}],"curies":[{"name":"wp","href":"https:\/\/api.w.org\/{rel}","templated":true}]}}