{"id":16363,"date":"2021-11-23T16:04:57","date_gmt":"2021-11-23T13:04:57","guid":{"rendered":"https:\/\/invago.ee\/shop\/uncategorized\/%d0%bf%d0%be%d0%b4%d0%b3%d1%83%d0%b7%d0%bd%d0%b8%d0%ba%d0%b8-%d0%b4%d0%bb%d1%8f-%d0%b2%d0%b7%d1%80%d0%be%d1%81%d0%bb%d1%8b%d1%85-molicare-elastic-7-tilka\/"},"modified":"2021-11-23T16:04:57","modified_gmt":"2021-11-23T13:04:57","slug":"%d0%bf%d0%be%d0%b4%d0%b3%d1%83%d0%b7%d0%bd%d0%b8%d0%ba%d0%b8-%d0%b4%d0%bb%d1%8f-%d0%b2%d0%b7%d1%80%d0%be%d1%81%d0%bb%d1%8b%d1%85-molicare-elastic-7-tilka","status":"publish","type":"product","link":"https:\/\/invago.ee\/ru\/product\/%d0%bf%d0%be%d0%b4%d0%b3%d1%83%d0%b7%d0%bd%d0%b8%d0%ba%d0%b8-%d0%b4%d0%bb%d1%8f-%d0%b2%d0%b7%d1%80%d0%be%d1%81%d0%bb%d1%8b%d1%85-molicare-elastic-7-tilka\/","title":{"rendered":"\u041f\u043e\u0434\u0433\u0443\u0437\u043d\u0438\u043a\u0438 \u0434\u043b\u044f \u0432\u0437\u0440\u043e\u0441\u043b\u044b\u0445 MOLICARE ELASTIC 7 TILKA"},"content":{"rendered":"<p>P\u00fcksm\u00e4he MOLICARE ELASTIC 7 TILKA sobivad kasutamiseks m\u00f5\u00f5duka pidamatuse korral. Puusapiirkonnas on elastne \u00f5hku ja niiskust l\u00e4bilaskev materjal. Pehmest tekstiilisarnasest materjalist v\u00e4lispind. Antibakteriaalne vedelikku jaotav pealiskiht. L\u00f5hnaneutraliseerijat sisaldav kolmekihiline imav osa. Sisemised lekkekindlad barj\u00e4\u00e4rid. Reisi \u00e4\u00e4ristavad elastsed krooked tagavad m\u00e4hkme v\u00e4ga hea istuvuse. Korduvalt suletavad takjakinnitused. Niiskuse indikaator: kui m\u00e4hkme v\u00e4lisk\u00fcljel olev m\u00e4rgistus hajub, on aeg m\u00e4het vahetada.<\/p>\n<p>Kasutamisjuhised<br \/>\nEelnevalt m\u00e4\u00e4rata \u00e4ra patsiendile sobilik m\u00e4hkme suurus. Selleks tuleb m\u00f5\u00f5ta patsiendi puusa\u00fcmberm\u00f5\u00f5t.<\/p>\n<p>Kasutamine: vt pakendil olevaid jooniseid:<br \/>\n1. P\u00fcksm\u00e4he avada ja pikisuunas (tekstiilisarnane v\u00e4lisk\u00fclg v\u00e4ljaspool) &#8220;laevukeseks&#8221; kokku murda.<br \/>\n2. Et bakterite levikut takistada, asetage m\u00e4he jalgade vahelt l\u00e4bi suunaga eestpoolt tahapoole.<br \/>\n3. Tehke lahti selja pool olev m\u00e4hkme osa. Et m\u00e4he oleks v\u00f5imalikult otse, peab m\u00e4hkme keskel (v\u00e4ljaspool) olev niiskuseindikaator asetsema l\u00fclisambal.<br \/>\n4. M\u00e4hkme eesosa lahti teha.M\u00e4he t\u00f5mmata v\u00f5imalikult \u00fclespoole.<br \/>\n5. Fikseerige m\u00e4he takjakinnituste abil.<\/p>\n<p>Kontrollige veelkord, kas m\u00e4he on v\u00f5imalikult tihedalt jalgade ja keha \u00fcmber, et v\u00e4ltida lekete tekkimist.<\/p>\n<p>Hoiatused ja ettevaatusabin\u00f5ud<br \/>\nP\u00fcksm\u00e4hkmed Molicare Elastic on m\u00f5eldud \u00fchekordseks kasutamiseks.<\/p>\n<p>Seadme ja pakendi sisu<\/p>\n<p>MOLICARE ELASTIC 7 TILKA S N30<\/p>\n<p>MOLICARE ELASTIC 7 TILKA M N30<\/p>\n<p>MOLICARE ELASTIC 7 TILKA L N30<\/p>\n","protected":false},"excerpt":{"rendered":"<p>MOLICARE ELASTIC 7 TILKA S N30<\/p>\n<p>MOLICARE ELASTIC 7 TILKA M N30<\/p>\n<p>MOLICARE ELASTIC 7 TILKA L N30<\/p>\n","protected":false},"featured_media":16362,"comment_status":"closed","ping_status":"closed","template":"","meta":[],"product_brand":[],"product_cat":[73,75],"product_tag":[],"class_list":{"0":"post-16363","1":"product","2":"type-product","3":"status-publish","4":"has-post-thumbnail","6":"product_cat-73","7":"product_cat-75","8":"ts_product_brand-molicare-ru","10":"first","11":"instock","12":"taxable","13":"shipping-taxable","14":"purchasable","15":"product-type-variable"},"_links":{"self":[{"href":"https:\/\/invago.ee\/ru\/wp-json\/wp\/v2\/product\/16363","targetHints":{"allow":["GET"]}}],"collection":[{"href":"https:\/\/invago.ee\/ru\/wp-json\/wp\/v2\/product"}],"about":[{"href":"https:\/\/invago.ee\/ru\/wp-json\/wp\/v2\/types\/product"}],"replies":[{"embeddable":true,"href":"https:\/\/invago.ee\/ru\/wp-json\/wp\/v2\/comments?post=16363"}],"wp:featuredmedia":[{"embeddable":true,"href":"https:\/\/invago.ee\/ru\/wp-json\/wp\/v2\/media\/16362"}],"wp:attachment":[{"href":"https:\/\/invago.ee\/ru\/wp-json\/wp\/v2\/media?parent=16363"}],"wp:term":[{"taxonomy":"product_brand","embeddable":true,"href":"https:\/\/invago.ee\/ru\/wp-json\/wp\/v2\/product_brand?post=16363"},{"taxonomy":"product_cat","embeddable":true,"href":"https:\/\/invago.ee\/ru\/wp-json\/wp\/v2\/product_cat?post=16363"},{"taxonomy":"product_tag","embeddable":true,"href":"https:\/\/invago.ee\/ru\/wp-json\/wp\/v2\/product_tag?post=16363"}],"curies":[{"name":"wp","href":"https:\/\/api.w.org\/{rel}","templated":true}]}}