{"id":16277,"date":"2021-09-03T22:08:12","date_gmt":"2021-09-03T19:08:12","guid":{"rendered":"https:\/\/invago.ee\/shop\/uncategorized\/%d0%ba%d0%be%d0%bc%d0%bf%d1%80%d0%b5%d1%81%d1%81%d0%b8%d0%be%d0%bd%d0%bd%d1%8b%d0%b5-%d1%87%d1%83%d0%bb%d0%ba%d0%b8-23-32-mmhg-compritex-k2\/"},"modified":"2023-03-07T19:20:41","modified_gmt":"2023-03-07T16:20:41","slug":"%d0%ba%d0%be%d0%bc%d0%bf%d1%80%d0%b5%d1%81%d1%81%d0%b8%d0%be%d0%bd%d0%bd%d1%8b%d0%b5-%d1%87%d1%83%d0%bb%d0%ba%d0%b8-23-32-mmhg-compritex-k2","status":"publish","type":"product","link":"https:\/\/invago.ee\/ru\/product\/%d0%ba%d0%be%d0%bc%d0%bf%d1%80%d0%b5%d1%81%d1%81%d0%b8%d0%be%d0%bd%d0%bd%d1%8b%d0%b5-%d1%87%d1%83%d0%bb%d0%ba%d0%b8-23-32-mmhg-compritex-k2\/","title":{"rendered":"\u041a\u043e\u043c\u043f\u0440\u0435\u0441\u0441\u0438\u043e\u043d\u043d\u044b\u0435 \u0447\u0443\u043b\u043a\u0438 23-32 mmHg CompriTex K2 ( \u043e\u0442\u043a\u0440\u044b\u0442\u044b\u0439 \u043c\u044b\u0441\u043e\u043a )"},"content":{"rendered":"<p><strong>Kompressioonisukad silikon\u00e4\u00e4rega survetugevusega 23-32 mmHg CompriTex<\/strong><\/p>\n<div>\n<div>Meditsiinilise kompressiooniga sukad KLASS 2, survetugevusega 23-32mmHg, on m\u00f5eldud krooniliste veenihaiguste, veenilaiendite, tursete alandamiseks, trombi tekkimise ohu v\u00e4ltimiseks p\u00e4rast operatsiooni. Soovitame kanda kompressioonsukki mistahes taastus- v\u00f5i ennetusravi korral, kus on tekkinud jalgade paistetus. Igap\u00e4evasel kandmisel alandab turset koheselt.<\/div>\n<p>Compritex tugisukad on astmelise r\u00f5hujaotusega, mis toetab veenivere- ning l\u00fcmfivedeliku ringlust, soodustades \u00fcleliigse vedeliku \u00e4ravoolu nahaalusest koest ning rakuvaheruumist. Kompressioonsukkade selline toime hoiab \u00e4ra \u00fcleliigse vere valgumise jalgadesse ning seel\u00e4bi ei l\u00e4he jalad tursesse.<br \/>\nSoovitame kanda Compritex kompressioonisukki k\u00f5ikidel istuva ja seisva t\u00f6\u00f6 tegijatel, samuti inimestel kes veedavad pikki tunde autoroolis v\u00f5i lennukiga reisides.<br \/>\nKompressioonisukkade r\u00f5hku n\u00e4idatakse millimeetrit elavh\u00f5bedasamba kohta (mmHg). DEN n\u00e4itab ainult sukaniidi elastsust, mitte suka paksust ega r\u00f5hku. Seega tagab hea vereringluse ning \u00f5ige toe veenidele vaid toode, millel on m\u00e4rgitud surve mmHg v\u00f5i CCL klassi j\u00e4rgi.<br \/>\nMaksimaalse efekti saavutamiseks palun valige v\u00f5imalikult t\u00e4pne suurus, kus surve ja toestus peab olema tuntav. Compritex tugisukad on parima kvaliteediga ja ei kaota oma efektiivseid omadusi ka peale pesu.<br \/>\n<strong><em>Compritex kompressioontooteid\u00a0kantakse nagu tavalisi sukatooteid.<\/em><\/strong><br \/>\n&#8211; Keerata sukad k\u00e4tevahel pahupidi kuni pahkluu osani, laiendada k\u00e4te abiga sukka pahkluu kohal, et oleks kergem jalga sisse panna. Edasi t\u00f5mmata ettevaatlikult ilma n\u00e4ppe sukaniidi sisse surumata \u00fclespoole.<br \/>\n&#8211; Mitte tugevalt t\u00f5mmata ega sikutada, kuna seet\u00f5ttu v\u00f5ib suka materjal nahapinna eba\u00fchtlaselt katta.<\/p>\n<p><strong><em>Kuidas hooldada?<\/em><\/strong><\/p>\n<p>\u2022 Pesta igap\u00e4evasel kandmisel, v\u00e4hemalt iga 2 p\u00e4eva tagant v\u00f5i vastavalt vajadusele ja kuivatada lamedal pinnal.<br \/>\n\u2022 K\u00e4sipesu v\u00f5i \u00f5rn masinpesu 30\u00b0- 40\u00b0, kasutada \u00f5rnpesu kotti.<br \/>\n\u2022 Mitte kasutada pesuloputusvahendit, mitte tsentrifuugida, mitte triikida ega v\u00e4\u00e4nata.<br \/>\n\u2022 Mitte kuivatada kuumal k\u00fcttekehal v\u00f5i otsese p\u00e4ikesevalguse k\u00e4es.<\/p>\n<\/div>\n","protected":false},"excerpt":{"rendered":"<p>Kompressioonisukad silikon\u00e4\u00e4rega survetugevusega 23-32 mmHg CompriTex Meditsiinilise kompressiooniga sukad KLASS 2, survetugevusega 23-32mmHg, on m\u00f5eldud krooniliste veenihaiguste, veenilaiendite, tursete alandamiseks,<\/p>\n","protected":false},"featured_media":15526,"comment_status":"open","ping_status":"closed","template":"","meta":[],"product_brand":[],"product_cat":[236,256],"product_tag":[],"class_list":{"0":"post-16277","1":"product","2":"type-product","3":"status-publish","4":"has-post-thumbnail","6":"product_cat-236","7":"product_cat-256","9":"first","10":"instock","11":"taxable","12":"shipping-taxable","13":"purchasable","14":"product-type-variable"},"_links":{"self":[{"href":"https:\/\/invago.ee\/ru\/wp-json\/wp\/v2\/product\/16277","targetHints":{"allow":["GET"]}}],"collection":[{"href":"https:\/\/invago.ee\/ru\/wp-json\/wp\/v2\/product"}],"about":[{"href":"https:\/\/invago.ee\/ru\/wp-json\/wp\/v2\/types\/product"}],"replies":[{"embeddable":true,"href":"https:\/\/invago.ee\/ru\/wp-json\/wp\/v2\/comments?post=16277"}],"wp:featuredmedia":[{"embeddable":true,"href":"https:\/\/invago.ee\/ru\/wp-json\/wp\/v2\/media\/15526"}],"wp:attachment":[{"href":"https:\/\/invago.ee\/ru\/wp-json\/wp\/v2\/media?parent=16277"}],"wp:term":[{"taxonomy":"product_brand","embeddable":true,"href":"https:\/\/invago.ee\/ru\/wp-json\/wp\/v2\/product_brand?post=16277"},{"taxonomy":"product_cat","embeddable":true,"href":"https:\/\/invago.ee\/ru\/wp-json\/wp\/v2\/product_cat?post=16277"},{"taxonomy":"product_tag","embeddable":true,"href":"https:\/\/invago.ee\/ru\/wp-json\/wp\/v2\/product_tag?post=16277"}],"curies":[{"name":"wp","href":"https:\/\/api.w.org\/{rel}","templated":true}]}}