{"id":16272,"date":"2021-09-03T21:50:04","date_gmt":"2021-09-03T18:50:04","guid":{"rendered":"https:\/\/invago.ee\/shop\/uncategorized\/%d0%ba%d0%be%d0%bc%d0%bf%d1%80%d0%b5%d1%81%d1%81%d0%b8%d0%be%d0%bd%d0%bd%d1%8b%d0%b5-%d0%b3%d0%be%d0%bb%d1%8c%d1%84%d1%8b-23-32-mmhg-k2\/"},"modified":"2024-05-28T13:33:33","modified_gmt":"2024-05-28T10:33:33","slug":"%d0%ba%d0%be%d0%bc%d0%bf%d1%80%d0%b5%d1%81%d1%81%d0%b8%d0%be%d0%bd%d0%bd%d1%8b%d0%b5-%d0%b3%d0%be%d0%bb%d1%8c%d1%84%d1%8b-23-32-mmhg-k2","status":"publish","type":"product","link":"https:\/\/invago.ee\/ru\/product\/%d0%ba%d0%be%d0%bc%d0%bf%d1%80%d0%b5%d1%81%d1%81%d0%b8%d0%be%d0%bd%d0%bd%d1%8b%d0%b5-%d0%b3%d0%be%d0%bb%d1%8c%d1%84%d1%8b-23-32-mmhg-k2\/","title":{"rendered":"\u041a\u043e\u043c\u043f\u0440\u0435\u0441\u0441\u0438\u043e\u043d\u043d\u044b\u0435 \u0433\u043e\u043b\u044c\u0444\u044b 23-32 mmHG K2 CompriTex"},"content":{"rendered":"<p><b>COMPRITEX MEDITSIINILISED KOMPRESSIOONP\u00d5LVIKUD survetugevusega 23-32mmHg<\/b><\/p>\n<div>Meditsiinilise kompressiooniga tugip\u00f5lvikud KLASS 2, survetugevusega 23-32mmHg, on m\u00f5eldud krooniliste veenihaiguste, veenilaiendite, tursete alandamiseks. On sobilikud trombide ennetamiseks, trombi tekkimise ohu v\u00e4ltimiseks p\u00e4rast operatsiooni ning lennureiside ajal. Soovitame kanda kompressioonp\u00f5lvikuid mistahes taastus- v\u00f5i ennetusravi korral, kus on tekkinud jalgade paistetus. Igap\u00e4evasel kandmisel alandab turset koheselt.<br \/>\nKompressioonp\u00f5lvikud on unisex ning sobivad nii meestele kui naistele.<\/div>\n<div>Neid on igap\u00e4evaselt kerge jalga panna ja kerge hooldada.<\/div>\n<div>Compritex tugip\u00f5lvikud on astmelise r\u00f5hujaotusega, mis toetab veenivere- ning l\u00fcmfivedeliku ringlust, soodustades \u00fcleliigse vedeliku \u00e4ravoolu nahaalusest koest ning rakuvaheruumist. Kompressioonp\u00f5lvikute selline toime hoiab \u00e4ra \u00fcleliigse vere valgumise jalgadesse ning seel\u00e4bi ei l\u00e4he jalad tursesse.<br \/>\nSoovitame kanda Compritex tugip\u00f5lvikuid k\u00f5ikidel istuva ja seisva t\u00f6\u00f6 tegijatel, samuti inimestel kes veedavad pikki tunde autoroolis v\u00f5i lennukiga reisides.<br \/>\nTugisukkade r\u00f5hku n\u00e4idatakse millimeetrit elavh\u00f5bedasamba kohta (mmHg). DEN n\u00e4itab ainult sukaniidi elastsust, mitte suka paksust ega r\u00f5hku. Seega tagab hea vereringluse ning \u00f5ige toe veenidele vaid toode, millel on m\u00e4rgitud surve mmHg v\u00f5i CCL klassi j\u00e4rgi.Maksimaalse efekti saavutamiseks palun valige v\u00f5imalikult t\u00e4pne suurus, kus surve ja toestus peab olema tuntav. Compritex tugip\u00f5lvikud on parima kvaliteediga ja ei kaota oma efektiivseid omadusi ka peale pesu.<strong><em>Compritex kompressioonp\u00f5lvikuid ja sukki kantakse nagu tavalisi sukatooteid.<\/em><\/strong><br \/>\n&#8211; Keerata sukad k\u00e4tevahel pahupidi kuni pahkluu osani, laiendada k\u00e4te abiga p\u00f5lvikut pahkluu kohal, et oleks kergem jalga sisse panna. Edasi t\u00f5mmata ettevaatlikult ilma n\u00e4ppe sukaniidi sisse surumata \u00fclespoole.<br \/>\n&#8211; Mitte tugevalt t\u00f5mmata ega sikutada, kuna seet\u00f5ttu v\u00f5ib p\u00f5lviku materjal nahapinna eba\u00fchtlaselt katta.<br \/>\n&#8211; \u00c4ra t\u00f5mba p\u00f5lviku serva p\u00f5lve\u00f5ndlasse vaid j\u00e4ta 2 s\u00f5rmelaiune vahe p\u00f5lve\u00f5ndla voldist alla kanna suunas.<\/p>\n<p><strong><em>Kuidas hooldada?<\/em><\/strong><br \/>\n\u2022 Pesta igap\u00e4evasel kandmisel, v\u00e4hemalt iga 2 p\u00e4eva tagant v\u00f5i vastavalt vajadusele ja kuivatada lamedal pinnal.<br \/>\n\u2022 K\u00e4sipesu v\u00f5i \u00f5rn masinpesu 30\u00b0- 40\u00b0, kasutada \u00f5rnpesu kotti.<br \/>\n\u2022 Mitte kasutada pesuloputusvahendit, mitte tsentrifuugida, mitte triikida ega v\u00e4\u00e4nata.<br \/>\n\u2022 Mitte kuivatada kuumal k\u00fcttekehal v\u00f5i otsese p\u00e4ikesevalguse k\u00e4es.<\/p>\n<p><img decoding=\"async\" src=\"https:\/\/invago.ee\/wp-content\/uploads\/2021\/11\/Kompressioonisukad-23-32-mmHg-K2-CompriTex-moodutabel.jpg\" alt=\"Kompressioonisukad 23-32 mmHg K2 CompriTex ( kinnine varbaosa )\" title=\"\"><\/p>\n<\/div>\n","protected":false},"excerpt":{"rendered":"<p>COMPRITEX MEDITSIINILISED KOMPRESSIOONP\u00d5LVIKUD survetugevusega 23-32mmHg Meditsiinilise kompressiooniga tugip\u00f5lvikud KLASS 2, survetugevusega 23-32mmHg, on m\u00f5eldud krooniliste veenihaiguste, veenilaiendite, tursete alandamiseks. On<\/p>\n","protected":false},"featured_media":15523,"comment_status":"open","ping_status":"closed","template":"","meta":[],"product_brand":[],"product_cat":[236,343],"product_tag":[],"class_list":{"0":"post-16272","1":"product","2":"type-product","3":"status-publish","4":"has-post-thumbnail","6":"product_cat-236","7":"product_cat-343","9":"first","10":"instock","11":"taxable","12":"shipping-taxable","13":"purchasable","14":"product-type-variable"},"_links":{"self":[{"href":"https:\/\/invago.ee\/ru\/wp-json\/wp\/v2\/product\/16272","targetHints":{"allow":["GET"]}}],"collection":[{"href":"https:\/\/invago.ee\/ru\/wp-json\/wp\/v2\/product"}],"about":[{"href":"https:\/\/invago.ee\/ru\/wp-json\/wp\/v2\/types\/product"}],"replies":[{"embeddable":true,"href":"https:\/\/invago.ee\/ru\/wp-json\/wp\/v2\/comments?post=16272"}],"wp:featuredmedia":[{"embeddable":true,"href":"https:\/\/invago.ee\/ru\/wp-json\/wp\/v2\/media\/15523"}],"wp:attachment":[{"href":"https:\/\/invago.ee\/ru\/wp-json\/wp\/v2\/media?parent=16272"}],"wp:term":[{"taxonomy":"product_brand","embeddable":true,"href":"https:\/\/invago.ee\/ru\/wp-json\/wp\/v2\/product_brand?post=16272"},{"taxonomy":"product_cat","embeddable":true,"href":"https:\/\/invago.ee\/ru\/wp-json\/wp\/v2\/product_cat?post=16272"},{"taxonomy":"product_tag","embeddable":true,"href":"https:\/\/invago.ee\/ru\/wp-json\/wp\/v2\/product_tag?post=16272"}],"curies":[{"name":"wp","href":"https:\/\/api.w.org\/{rel}","templated":true}]}}