{"id":16255,"date":"2021-11-18T18:43:15","date_gmt":"2021-11-18T15:43:15","guid":{"rendered":"https:\/\/invago.ee\/shop\/uncategorized\/%d0%ba%d0%be%d0%bc%d0%bf%d1%80%d0%b5%d1%81%d1%81%d0%b8%d0%be%d0%bd%d0%bd%d1%8b%d0%b5-%d0%b3%d0%be%d0%bb%d1%8c%d1%84%d1%8b-50-%d1%85%d0%bb%d0%be%d0%bf%d0%be%d0%ba\/"},"modified":"2021-11-18T19:07:23","modified_gmt":"2021-11-18T16:07:23","slug":"%d0%ba%d0%be%d0%bc%d0%bf%d1%80%d0%b5%d1%81%d1%81%d0%b8%d0%be%d0%bd%d0%bd%d1%8b%d0%b5-%d0%b3%d0%be%d0%bb%d1%8c%d1%84%d1%8b-50-%d1%85%d0%bb%d0%be%d0%bf%d0%be%d0%ba","status":"publish","type":"product","link":"https:\/\/invago.ee\/ru\/product\/%d0%ba%d0%be%d0%bc%d0%bf%d1%80%d0%b5%d1%81%d1%81%d0%b8%d0%be%d0%bd%d0%bd%d1%8b%d0%b5-%d0%b3%d0%be%d0%bb%d1%8c%d1%84%d1%8b-50-%d1%85%d0%bb%d0%be%d0%bf%d0%be%d0%ba\/","title":{"rendered":"\u041a\u043e\u043c\u043f\u0440\u0435\u0441\u0441\u0438\u043e\u043d\u043d\u044b\u0435 \u0433\u043e\u043b\u044c\u0444\u044b CompriTex, 50% \u0445\u043b\u043e\u043f\u043e\u043a, \u0442\u0435\u043b\u0435\u0441\u043d\u044b\u0439 \u0446\u0432\u0435\u0442"},"content":{"rendered":"<p>CompriTex Cotton kompressioonp\u00f5lvikud kompressiooniga 18-21 mmHg (klass 1) on 50% puuvilla sisaldusega ja suurep\u00e4rase hingavusega. Kompressioonp\u00f5lvikud aitavad leevendada raskustunnet ja kerget paistetust jalgades. Suurep\u00e4rane abivahend pikaajalisel seismisel v\u00f5i istumisel tekkiva paistetuse korral. Sobib kergema varikoosi ennetamiseks.<\/p>\n<p>Pehme materjal hoiab talvel sooja ja suvel ei aja higistama, sobides ka tundlikule ja \u00f5rnemale nahale.<br \/>\nKompressioonp\u00f5lvikud on unisex ning sobivad nii meestele kui naistele. Neid on igap\u00e4evaselt kerge jalga panna ja kerge hooldada.<br \/>\nCompritex tugip\u00f5lvikud on astmelise r\u00f5hujaotusega, mis toetab veenivere- ning l\u00fcmfivedeliku ringlust, soodustades \u00fcleliigse vedeliku \u00e4ravoolu nahaalusest koest ning rakuvaheruumist. Kompressioonp\u00f5lvikute selline toime hoiab \u00e4ra \u00fcleliigse vere valgumise jalgadesse ning seel\u00e4bi ei l\u00e4he jalad tursesse.<br \/>\nSoovitame kanda Compritex tugip\u00f5lvikuid k\u00f5ikidel istuva ja seisva t\u00f6\u00f6 tegijatel, samuti inimestel kes veedavad pikki tunde autoroolis v\u00f5i lennukiga reisides.<\/p>\n<p><strong>Compritex kompressioonp\u00f5lvikuid ja sukki kantakse nagu tavalisi sukatooteid.<\/strong><br \/>\nKeerata sukad k\u00e4tevahel pahupidi kuni pahkluu osani, laiendada k\u00e4te abiga p\u00f5lvikut pahkluu kohal, et oleks kergem jalga sisse panna. Edasi t\u00f5mmata ettevaatlikult ilma n\u00e4ppe sukaniidi sisse surumata \u00fclespoole.<br \/>\nMitte tugevalt t\u00f5mmata ega sikutada, kuna seet\u00f5ttu v\u00f5ib p\u00f5lviku materjal nahapinna eba\u00fchtlaselt katta.<br \/>\n\u00c4ra t\u00f5mba p\u00f5lviku serva p\u00f5lve\u00f5ndlasse vaid j\u00e4ta 2 s\u00f5rmelaiune vahe p\u00f5lve\u00f5ndla voldist alla kanna suunas.<\/p>\n<p><strong>Kuidas hooldada?<\/strong><br \/>\nPesta igap\u00e4evasel kandmisel, v\u00e4hemalt iga 2 p\u00e4eva tagant v\u00f5i vastavalt vajadusele ja kuivatada lamedal pinnal.<br \/>\nK\u00e4sipesu v\u00f5i \u00f5rn masinpesu 30\u00b0- 40\u00b0, kasutada \u00f5rnpesu kotti.<br \/>\nMitte kasutada pesuloputusvahendit, mitte tsentrifuugida, mitte triikida ega v\u00e4\u00e4nata.<br \/>\nMitte kuivatada kuumal k\u00fcttekehal v\u00f5i otsese p\u00e4ikesevalguse k\u00e4es.<\/p>\n<p>&nbsp;<\/p>\n","protected":false},"excerpt":{"rendered":"<p>CompriTex Cotton kompressioonp\u00f5lvikud kompressiooniga 18-21 mmHg (klass 1) on 50% puuvilla sisaldusega ja suurep\u00e4rase hingavusega. Kompressioonp\u00f5lvikud aitavad leevendada raskustunnet ja<\/p>\n","protected":false},"featured_media":16247,"comment_status":"closed","ping_status":"closed","template":"","meta":[],"product_brand":[],"product_cat":[236,343],"product_tag":[],"class_list":{"0":"post-16255","1":"product","2":"type-product","3":"status-publish","4":"has-post-thumbnail","6":"product_cat-236","7":"product_cat-343","9":"first","10":"instock","11":"taxable","12":"shipping-taxable","13":"purchasable","14":"product-type-variable"},"_links":{"self":[{"href":"https:\/\/invago.ee\/ru\/wp-json\/wp\/v2\/product\/16255","targetHints":{"allow":["GET"]}}],"collection":[{"href":"https:\/\/invago.ee\/ru\/wp-json\/wp\/v2\/product"}],"about":[{"href":"https:\/\/invago.ee\/ru\/wp-json\/wp\/v2\/types\/product"}],"replies":[{"embeddable":true,"href":"https:\/\/invago.ee\/ru\/wp-json\/wp\/v2\/comments?post=16255"}],"wp:featuredmedia":[{"embeddable":true,"href":"https:\/\/invago.ee\/ru\/wp-json\/wp\/v2\/media\/16247"}],"wp:attachment":[{"href":"https:\/\/invago.ee\/ru\/wp-json\/wp\/v2\/media?parent=16255"}],"wp:term":[{"taxonomy":"product_brand","embeddable":true,"href":"https:\/\/invago.ee\/ru\/wp-json\/wp\/v2\/product_brand?post=16255"},{"taxonomy":"product_cat","embeddable":true,"href":"https:\/\/invago.ee\/ru\/wp-json\/wp\/v2\/product_cat?post=16255"},{"taxonomy":"product_tag","embeddable":true,"href":"https:\/\/invago.ee\/ru\/wp-json\/wp\/v2\/product_tag?post=16255"}],"curies":[{"name":"wp","href":"https:\/\/api.w.org\/{rel}","templated":true}]}}