{"id":13804,"date":"2021-01-30T12:34:57","date_gmt":"2021-01-30T09:40:02","guid":{"rendered":"https:\/\/invago.ee\/?post_type=product&#038;p=13804\/"},"modified":"2021-01-30T13:25:12","modified_gmt":"2021-01-30T10:25:12","slug":"%d1%83%d1%88%d0%bd%d0%be%d0%b9-%d1%82%d0%b5%d1%80%d0%bc%d0%be%d0%bc%d0%b5%d1%82%d1%80-kyara-rm355","status":"publish","type":"product","link":"https:\/\/invago.ee\/ru\/product\/%d1%83%d1%88%d0%bd%d0%be%d0%b9-%d1%82%d0%b5%d1%80%d0%bc%d0%be%d0%bc%d0%b5%d1%82%d1%80-kyara-rm355\/","title":{"rendered":"\u0423\u0448\u043d\u043e\u0439 \u0442\u0435\u0440\u043c\u043e\u043c\u0435\u0442\u0440 KYARA RM355"},"content":{"rendered":"<p><strong>K\u00f5rvatermomeeter KYARA RM355 &#8211; <\/strong>\u0422\u0435\u0440\u043c\u043e\u043c\u0435\u0442\u0440 \u0434\u043b\u044f \u0438\u0437\u043c\u0435\u0440\u0435\u043d\u0438\u044f \u0442\u0435\u043c\u043f\u0435\u0440\u0430\u0442\u0443\u0440\u044b \u0432 \u0443\u0445\u0435 \u0433\u0438\u0433\u0438\u0435\u043d\u0438\u0447\u0435\u043d \u0438 \u0431\u0435\u0437\u043e\u043f\u0430\u0441\u0435\u043d. \u041c\u043e\u0436\u0435\u0442 \u0438\u0441\u043f\u043e\u043b\u044c\u0437\u043e\u0432\u0430\u0442\u044c\u0441\u044f \u0434\u043b\u044f \u0438\u0437\u043c\u0435\u0440\u0435\u043d\u0438\u044f \u0442\u0435\u043c\u043f\u0435\u0440\u0430\u0442\u0443\u0440\u044b \u043f\u0440\u0435\u0434\u043c\u0435\u0442\u043e\u0432. \u0412 \u043a\u043e\u043c\u043f\u043b\u0435\u043a\u0442\u0435 \u0441\u044a\u0435\u043c\u043d\u044b\u0435 \u043a\u043e\u043b\u043f\u0430\u0447\u043a\u0438 (10 \u0448\u0442).<\/p>\n<p><strong><em>Spetsifikatsioon: <\/em><\/strong><\/p>\n<p>Temperatuuri \u00fchik \u00b0 C v\u00f5i \u00b0 F<\/p>\n<p>K\u00f5rv: 28 \u00b0 C kuni 43 \u00b0 C<\/p>\n<p>Keskkond: 0 \u00b0 C ~ 50 \u00b0 C<\/p>\n<p>t\u00e4psus: \u00b1 0,2 \u00b0 C vahemikus 35,5 \u00b0 C kuni 42,0 \u00b0 C<\/p>\n<p>m\u00f5\u00f5tmine: K\u00f5rv, keskkond<\/p>\n<p>Aku: 2&#215;1.5V aku t\u00fc\u00fcpi AAA \/ 3000 m\u00f5\u00f5tmised<\/p>\n<p>Ekraan: LCD &#8211; 12 x 27 mm<\/p>\n<p>&nbsp;<\/p>\n<p><em><strong>M\u00f5\u00f5tmed ja kaal <\/strong><\/em><\/p>\n<p>L: 155 mm<\/p>\n<p>W: 38 mm<\/p>\n<p>H: 47 mm<\/p>\n<p>83g koos akuga<\/p>\n<p>&nbsp;<\/p>\n<p>Tootja: Itaalia<\/p>\n","protected":false},"excerpt":{"rendered":"<table border=\"0\" cellspacing=\"1\" cellpadding=\"1\">\n<tbody>\n<tr>\n<td><img decoding=\"async\" src=\"https:\/\/en.morettispa.com\/public\/image\/images\/RM355_01.png\" alt=\"\" \/><\/td>\n<td><img decoding=\"async\" src=\"https:\/\/en.morettispa.com\/public\/image\/images\/RM355_02.png\" alt=\"\" \/><\/td>\n<td><img decoding=\"async\" src=\"https:\/\/en.morettispa.com\/public\/image\/images\/RM355_03.png\" alt=\"\" \/><\/td>\n<td><img decoding=\"async\" src=\"https:\/\/en.morettispa.com\/public\/image\/images\/RM355_04.png\" alt=\"\" \/><\/td>\n<\/tr>\n<tr>\n<td>\n<p class=\"p1\">Put the specula on<\/p>\n<\/td>\n<td>\n<p class=\"p1\">Push until the click<\/p>\n<\/td>\n<td>\n<p class=\"p1\">Take the measurement<\/p>\n<\/td>\n<td>\n<p class=\"p1\">Throw the specula out<\/p>\n<\/td>\n<\/tr>\n<\/tbody>\n<\/table>\n","protected":false},"featured_media":13801,"comment_status":"open","ping_status":"closed","template":"","meta":[],"product_brand":[],"product_cat":[110,673,86,93,180],"product_tag":[],"class_list":{"0":"post-13804","1":"product","2":"type-product","3":"status-publish","4":"has-post-thumbnail","6":"product_cat-110","7":"product_cat-673","8":"product_cat-86","9":"product_cat-93","10":"product_cat-180","12":"first","13":"instock","14":"sale","15":"taxable","16":"shipping-taxable","17":"purchasable","18":"product-type-simple"},"_links":{"self":[{"href":"https:\/\/invago.ee\/ru\/wp-json\/wp\/v2\/product\/13804","targetHints":{"allow":["GET"]}}],"collection":[{"href":"https:\/\/invago.ee\/ru\/wp-json\/wp\/v2\/product"}],"about":[{"href":"https:\/\/invago.ee\/ru\/wp-json\/wp\/v2\/types\/product"}],"replies":[{"embeddable":true,"href":"https:\/\/invago.ee\/ru\/wp-json\/wp\/v2\/comments?post=13804"}],"wp:featuredmedia":[{"embeddable":true,"href":"https:\/\/invago.ee\/ru\/wp-json\/wp\/v2\/media\/13801"}],"wp:attachment":[{"href":"https:\/\/invago.ee\/ru\/wp-json\/wp\/v2\/media?parent=13804"}],"wp:term":[{"taxonomy":"product_brand","embeddable":true,"href":"https:\/\/invago.ee\/ru\/wp-json\/wp\/v2\/product_brand?post=13804"},{"taxonomy":"product_cat","embeddable":true,"href":"https:\/\/invago.ee\/ru\/wp-json\/wp\/v2\/product_cat?post=13804"},{"taxonomy":"product_tag","embeddable":true,"href":"https:\/\/invago.ee\/ru\/wp-json\/wp\/v2\/product_tag?post=13804"}],"curies":[{"name":"wp","href":"https:\/\/api.w.org\/{rel}","templated":true}]}}