{"id":12921,"date":"2020-09-05T11:33:11","date_gmt":"2020-09-05T08:33:11","guid":{"rendered":"https:\/\/invago.ee\/?post_type=product&#038;p=12921\/"},"modified":"2020-11-11T15:37:14","modified_gmt":"2020-11-11T12:37:14","slug":"chemipharm-sterisept-wipes-n120","status":"publish","type":"product","link":"https:\/\/invago.ee\/ru\/product\/chemipharm-sterisept-wipes-n120\/","title":{"rendered":"CHEMIPHARM STERISEPT WIPES N120"},"content":{"rendered":"<p>CHEMIPHARM STERISEPT WIPES on fenooli-, aldeh\u00fc\u00fcdi- ja fosfaadivabad STERISEPT lahusega immutatud r\u00e4tikud pindade pesemiseks ja desinfitseerimiseks.<\/p>\n<p>Toode on bakteritsiidse (k.a. Mycobacterium terrae), virutsiidse (k.a HBV, HIV ) ja fungitsiidse toimega. Pindaktiivsete ainete sisalduse t\u00f5ttu on tootel head puhastavad omadused. Toode on materjalis\u00f5bralik ning sobib k\u00f5ikide veepesu taluvate pindade pesemiseks, ei muuda pindade visuaalset v\u00e4ljan\u00e4gemist.<\/p>\n<p>STERISEPT on testitud j\u00e4rgmiste standardite j\u00e4rgi EN 13727, EN 1040,EN 1275, EN 1276, EN 14476, Mycobacterium terrae kvantitatiivne suspensioontest.<br \/>\nToime aeg 15 min.<\/p>\n<p><b>Kasutamisjuhised<\/b><br \/>\nAvada kaane otsas olev klapp ja t\u00f5mmata sealt v\u00e4lja r\u00e4tik kuni perforeeritud kohani. R\u00e4tiku lahtirebimiseks v\u00f5ib kaant teise k\u00e4ega toetada. Peale r\u00e4tiku lahtit\u00f5mbamist sulgeda koheselt klapp, v\u00e4ltimaks r\u00e4tikute kuivamist.<\/p>\n<p>Desinfitseeritavad pinnad p\u00fchkida r\u00e4tikuga nii, et kogu pind oleks \u00fchtlaselt niisutatud.<\/p>\n<p>Toimeaeg 5 minutit k\u00f5ikide tekitajate suhtes, v\u00e4lja arvatud tuberkuloosibakter, millele toimeaeg 15 minutit.<\/p>\n<p><b>Koostisosade loetelu<\/b><br \/>\n100g toodet sisaldab: kvaternaarsed ammoonium\u00fchendid 1,6g (toimeaine), dodets\u00fc\u00fcldiamiin 0,8g (toimeaine), lahustid, mitteionogeensed tensiidid, korrosiooni inhibiitor, kompleksimoodustaja, s\u00e4ilitusained.<\/p>\n<p><b>Hoiatused ja ettevaatusabin\u00f5ud<\/b><br \/>\nHoida lastele k\u00e4ttesaamatus kohas.<\/p>\n<p><b>S\u00e4ilitamistingimused<\/b><br \/>\nS\u00e4ilitada toatemperatuuril, p\u00e4ikese eest kaitstult ja suletuna.<br \/>\nS\u00e4ilivus kinnises pakendis: 12 kuud<br \/>\nS\u00e4ilivus avatud pakendis: 3 kuud<\/p>\n<p><b>Seadme ja pakendi sisu<\/b><br \/>\nDesinfitseeriva lahusega immutatud r\u00e4tikud purgis, 120 tk.<br \/>\nOmab CE m\u00e4rgistust vastavalt Meditsiiniseadmete Direktiivile.<\/p>\n<p><b>P\u00e4ritoluriik<\/b><br \/>\nEesti<\/p>\n","protected":false},"excerpt":{"rendered":"<p>CHEMIPHARM STERISEPT WIPES on fenooli-, aldeh\u00fc\u00fcdi- ja fosfaadivabad STERISEPT lahusega immutatud r\u00e4tikud pindade pesemiseks ja desinfitseerimiseks. Toode on bakteritsiidse (k.a.<\/p>\n","protected":false},"featured_media":12920,"comment_status":"open","ping_status":"closed","template":"","meta":[],"product_brand":[],"product_cat":[660],"product_tag":[695],"class_list":{"0":"post-12921","1":"product","2":"type-product","3":"status-publish","4":"has-post-thumbnail","6":"product_cat-660","7":"product_tag-chemipharm-ru","9":"first","10":"instock","11":"taxable","12":"shipping-taxable","13":"purchasable","14":"product-type-simple"},"_links":{"self":[{"href":"https:\/\/invago.ee\/ru\/wp-json\/wp\/v2\/product\/12921","targetHints":{"allow":["GET"]}}],"collection":[{"href":"https:\/\/invago.ee\/ru\/wp-json\/wp\/v2\/product"}],"about":[{"href":"https:\/\/invago.ee\/ru\/wp-json\/wp\/v2\/types\/product"}],"replies":[{"embeddable":true,"href":"https:\/\/invago.ee\/ru\/wp-json\/wp\/v2\/comments?post=12921"}],"wp:featuredmedia":[{"embeddable":true,"href":"https:\/\/invago.ee\/ru\/wp-json\/wp\/v2\/media\/12920"}],"wp:attachment":[{"href":"https:\/\/invago.ee\/ru\/wp-json\/wp\/v2\/media?parent=12921"}],"wp:term":[{"taxonomy":"product_brand","embeddable":true,"href":"https:\/\/invago.ee\/ru\/wp-json\/wp\/v2\/product_brand?post=12921"},{"taxonomy":"product_cat","embeddable":true,"href":"https:\/\/invago.ee\/ru\/wp-json\/wp\/v2\/product_cat?post=12921"},{"taxonomy":"product_tag","embeddable":true,"href":"https:\/\/invago.ee\/ru\/wp-json\/wp\/v2\/product_tag?post=12921"}],"curies":[{"name":"wp","href":"https:\/\/api.w.org\/{rel}","templated":true}]}}