{"id":12708,"date":"2020-07-10T14:18:18","date_gmt":"2020-07-23T14:12:52","guid":{"rendered":"https:\/\/invago.ee\/?post_type=product&#038;p=12708\/"},"modified":"2020-07-23T17:12:52","modified_gmt":"2020-07-23T14:12:52","slug":"korge-rulaator-tiger","status":"publish","type":"product","link":"https:\/\/invago.ee\/ru\/product\/korge-rulaator-tiger\/","title":{"rendered":"K\u00f5rge rulaator TIGER"},"content":{"rendered":"<p>K\u00e4epideme k\u00f5rgus reguleeritav: 95-120 cm<\/p>\n<hr \/>\n<p>\u00dcldlaius: 62 cm \/ (kokkupandud 22,5)<\/p>\n<hr \/>\n<p>Pikkus:\u00a0 66 cm<\/p>\n<hr \/>\n<p>Istme laius: 46 cm<\/p>\n<hr \/>\n<p>Istme k\u00f5rgus maast:\u00a0 62 cm<\/p>\n<hr \/>\n<p>Maksimaalne kasutaja kaal: 150 kg<\/p>\n<hr \/>\n<p>Kaal: 9,5 kg<\/p>\n","protected":false},"excerpt":{"rendered":"<p>K\u00e4epideme k\u00f5rgus reguleeritav: 95-120 cm \u00dcldlaius: 62 cm \/ (kokkupandud 22,5) Pikkus:\u00a0 66 cm Istme laius: 46 cm Istme k\u00f5rgus<\/p>\n","protected":false},"featured_media":12590,"comment_status":"closed","ping_status":"closed","template":"","meta":[],"product_brand":[],"product_cat":[110,82,85],"product_tag":[],"class_list":{"0":"post-12708","1":"product","2":"type-product","3":"status-publish","4":"has-post-thumbnail","6":"product_cat-110","7":"product_cat-82","8":"product_cat-85","9":"ts_product_brand-mobilex-ru","11":"first","12":"instock","13":"sale","14":"taxable","15":"shipping-taxable","16":"purchasable","17":"product-type-simple"},"_links":{"self":[{"href":"https:\/\/invago.ee\/ru\/wp-json\/wp\/v2\/product\/12708","targetHints":{"allow":["GET"]}}],"collection":[{"href":"https:\/\/invago.ee\/ru\/wp-json\/wp\/v2\/product"}],"about":[{"href":"https:\/\/invago.ee\/ru\/wp-json\/wp\/v2\/types\/product"}],"replies":[{"embeddable":true,"href":"https:\/\/invago.ee\/ru\/wp-json\/wp\/v2\/comments?post=12708"}],"wp:featuredmedia":[{"embeddable":true,"href":"https:\/\/invago.ee\/ru\/wp-json\/wp\/v2\/media\/12590"}],"wp:attachment":[{"href":"https:\/\/invago.ee\/ru\/wp-json\/wp\/v2\/media?parent=12708"}],"wp:term":[{"taxonomy":"product_brand","embeddable":true,"href":"https:\/\/invago.ee\/ru\/wp-json\/wp\/v2\/product_brand?post=12708"},{"taxonomy":"product_cat","embeddable":true,"href":"https:\/\/invago.ee\/ru\/wp-json\/wp\/v2\/product_cat?post=12708"},{"taxonomy":"product_tag","embeddable":true,"href":"https:\/\/invago.ee\/ru\/wp-json\/wp\/v2\/product_tag?post=12708"}],"curies":[{"name":"wp","href":"https:\/\/api.w.org\/{rel}","templated":true}]}}