{"id":11390,"date":"2020-03-04T17:36:18","date_gmt":"2020-03-04T14:36:18","guid":{"rendered":"https:\/\/invago.ee\/?post_type=product&#038;p=11390\/"},"modified":"2020-03-12T17:46:15","modified_gmt":"2020-03-12T14:46:15","slug":"naha-desinfektsioon-cutasept-f-250-ml","status":"publish","type":"product","link":"https:\/\/invago.ee\/ru\/product\/naha-desinfektsioon-cutasept-f-250-ml\/","title":{"rendered":"Naha desinfektsioon CUTASEPT F 250 ml"},"content":{"rendered":"<p><span style=\"color: #ff0000;\"><strong>\u041d\u0415\u0422 \u0412 \u041d\u0410\u041b\u0418\u0427\u0418\u0418<\/strong><\/span><\/p>\n<p><strong>Naha desinfektsioon &#8211; CUTASEPT F 250 ml<\/strong><\/p>\n<ul>\n<li>\u00a0<em><strong>Tootetutvustus, kasutusviis: <\/strong><\/em>V\u00e4rvitu nahadesinfektsioonivahend, nahas\u00f5bralik. Naha antiseptikum kasutamiseks enne s\u00fcstimist, punktsioone ja kirurgilisi protseduure, kiire ja laiaulatusliku toimega.<\/li>\n<li><strong><em>Mikrobioloogia:<\/em><\/strong> bakteritsiidne, p\u00e4rmiseente vastane, tuberkulotsiidne, virutsiidne, virutsiidne \u00fcmbrisega viiruste vastu.<\/li>\n<li><strong><em>Kasutusvaldkond: <\/em><\/strong>Cutasept F soovitatakse kasutada: naha antisepsiseks enne injektsioone, punktsioone ja kirurgilisi protseduure, haiglates, meditsiinipraksises, geriaatrias ja kodudial\u00fc\u00fcsis. Diabeeti p\u00f5devad inimesed enne veresuhkru m\u00e4\u00e4ramist v\u00f5i enne insuliini s\u00fcstimist.<\/li>\n<li><em><strong>Kasutamisjuhised: <\/strong><\/em>Cutasept F-i v\u00f5ib pihustada otse desinfitseeritavale kohale. Pihusti suunata otse desinfitseeritavale kohale hoides sellega aerosooli tekkimiseks v\u00f5imalikult v\u00e4ikest distantsi, kindlustades sellega naha \u00fchtlase m\u00e4rgumise. Nii toimides satub ka v\u00e4hem aerosoole \u00fcmbritsevasse \u00f5hku. Alternatiivina v\u00f5ib lahust pihustada steriilsele tutikule ning sellega nahka h\u00f5\u00f5ruda. J\u00e4lgida, et kogu desinfitseeritav pind oleks \u00fchtlaselt m\u00e4rgunud. J\u00e4lgida ekspositsiooniaega 15-30 sekundit.<\/li>\n<li><strong><em>Toimeained 100 g lahuse kohta: <\/em><\/strong>Propaan-2-ool \/ isopropanool 63g; Kvaternaarne ammooniumsool, bens\u00fc\u00fcl C12-18 alk\u00fc\u00fcldimet\u00fc\u00fclkloriid 0,025g; Etanoolisisalduse mahuprotsent (% vol) 72%<\/li>\n<li><em><strong>Hoiatused ja ettevaatusabin\u00f5ud: <\/strong><\/em>Konsulteeri arstiga enne vasts\u00fcndinutel ja imikutel kasutamist<br \/>\n&#8211; Ei sobi suurte lahtiste haavade ja limaskestade desinfektsiooniks<br \/>\n&#8211; Mitte kasutada \u017eguti all<br \/>\n&#8211; V\u00e4ltida desinfektsioonivahendi kuhjumist<br \/>\n&#8211; V\u00e4ltida silma sattumist.<br \/>\n&#8211; Hoida lastele k\u00e4ttesaamatus kohas.<br \/>\n&#8211; Hoida eemal soojusalli-kast\/s\u00e4demetest\/leekidest\/ kuumadest pindadest. &#8211; Mitte suitsetada.<\/li>\n<li><em><strong>S\u00e4ilitamistingimused:<\/strong><\/em> \u00a0-5 &#8211; 40 \u00b0C; S\u00e4ilitada toatemperatuuril originaalpakendis. S\u00e4ilitada tihedalt suletult. Hoida eemale toidust ja joogist.<\/li>\n<li><strong><em>Netokogus: <\/em><\/strong>250ml<\/li>\n<\/ul>\n<p>&nbsp;<\/p>\n<p>Loaomanik ja loa number<\/p>\n<p>BODE Chemie GmbH<br \/>\nN0843\/11<\/p>\n<p>P\u00e4ritoluriik: Saksamaa<\/p>\n","protected":false},"excerpt":{"rendered":"<p>\u041d\u0415\u0422 \u0412 \u041d\u0410\u041b\u0418\u0427\u0418\u0418 Naha desinfektsioon &#8211; CUTASEPT F 250 ml \u00a0Tootetutvustus, kasutusviis: V\u00e4rvitu nahadesinfektsioonivahend, nahas\u00f5bralik. Naha antiseptikum kasutamiseks enne s\u00fcstimist,<\/p>\n","protected":false},"featured_media":11389,"comment_status":"open","ping_status":"closed","template":"","meta":[],"product_brand":[],"product_cat":[660],"product_tag":[],"class_list":{"0":"post-11390","1":"product","2":"type-product","3":"status-publish","4":"has-post-thumbnail","6":"product_cat-660","8":"first","9":"instock","10":"taxable","11":"shipping-taxable","12":"purchasable","13":"product-type-simple"},"_links":{"self":[{"href":"https:\/\/invago.ee\/ru\/wp-json\/wp\/v2\/product\/11390","targetHints":{"allow":["GET"]}}],"collection":[{"href":"https:\/\/invago.ee\/ru\/wp-json\/wp\/v2\/product"}],"about":[{"href":"https:\/\/invago.ee\/ru\/wp-json\/wp\/v2\/types\/product"}],"replies":[{"embeddable":true,"href":"https:\/\/invago.ee\/ru\/wp-json\/wp\/v2\/comments?post=11390"}],"wp:featuredmedia":[{"embeddable":true,"href":"https:\/\/invago.ee\/ru\/wp-json\/wp\/v2\/media\/11389"}],"wp:attachment":[{"href":"https:\/\/invago.ee\/ru\/wp-json\/wp\/v2\/media?parent=11390"}],"wp:term":[{"taxonomy":"product_brand","embeddable":true,"href":"https:\/\/invago.ee\/ru\/wp-json\/wp\/v2\/product_brand?post=11390"},{"taxonomy":"product_cat","embeddable":true,"href":"https:\/\/invago.ee\/ru\/wp-json\/wp\/v2\/product_cat?post=11390"},{"taxonomy":"product_tag","embeddable":true,"href":"https:\/\/invago.ee\/ru\/wp-json\/wp\/v2\/product_tag?post=11390"}],"curies":[{"name":"wp","href":"https:\/\/api.w.org\/{rel}","templated":true}]}}