{"id":11226,"date":"2020-02-08T13:28:36","date_gmt":"2020-02-08T10:31:39","guid":{"rendered":"https:\/\/invago.ee\/?post_type=product&#038;p=11226\/"},"modified":"2021-05-11T10:20:44","modified_gmt":"2021-05-11T07:20:44","slug":"chemipharm-bacticid-wipes-salvratikud-purgis","status":"publish","type":"product","link":"https:\/\/invago.ee\/ru\/product\/chemipharm-bacticid-wipes-salvratikud-purgis\/","title":{"rendered":"CHEMIPHARM BACTICID WIPES SALVR\u00c4TIKUD (PURGIS 600 tk)"},"content":{"rendered":"<p>CHEMIPHARM BACTICID WIPES SALVR\u00c4TIKUD (PURGIS)<\/p>\n<p><strong>Tootetutvustus, otstarve<\/strong><br \/>\nDesinfektandiga immutatud r\u00e4tikud alkoholi taluvate meditsiiniseadmete pindade kiirdesinfektsiooniks.<br \/>\nToode on laia fungitsiidse ja bakteritsiidse toimega, h\u00e4vitab Gram-positiivseid ja Gramnegatiivseid baktereid (sh Mycobacterium terrae), desaktiveerib nii \u00fcmbrisega (sh HBV, HIV, HCV, Vaccinia, Herpes simplex) kui ka \u00fcmbriseta viirusi (sh Adeno, Rota) ja seeni. Tootes sisalduv desinfektant h\u00e4vitab pinnal olnud bakterid ning loob bakterite kasvuks ebasoodsa keskkonna. Toode on materjalis\u00f5bralik.<br \/>\nR\u00e4tikute desinfitseerimisllahus vastab EN 1040, EN 13727, EN 1275, EN 1276, EN 14348, EN 13624, EN13697, EN 1650 , EN 14476 n\u00f5uetele.<\/p>\n<p><strong>Kasutamisjuhised<\/strong><br \/>\nAvada kaane otsas olev klapp ja t\u00f5mmata sealt v\u00e4lja r\u00e4tik kuni perforeeritud kohani. R\u00e4tiku lahtirebimiseks v\u00f5ib kaant teise k\u00e4ega toetada. Peale r\u00e4tiku lahtit\u00f5mbamist sulgeda koheselt klapp, v\u00e4ltimaks r\u00e4tikute kuivamist. Desinfitseeritavad pinnad p\u00fchkida r\u00e4tikuga nii, et kogu pind oleks \u00fchtlaselt desinfektandiga kaetud. Toimeaeg 30 sekundit.<\/p>\n<p><strong>Koostisosade loetelu<\/strong><br \/>\n100g desinfektanti sisaldab: etanooli 72g, kvaternaarsed ammoonium\u00fchendid 0,025g (toimeaine)<\/p>\n<p>Etanoolisisalduse mahuprotsent (% vol)<br \/>\n78,7%<\/p>\n<p><strong>Hoiatused ja ettevaatusabin\u00f5ud<\/strong><br \/>\nV\u00e4ga tuleohtlik vedelik ja aur. Hoida eemal soojusallikast, kuumadest pindadest, s\u00e4demetest, leekidest ja muudest s\u00fc\u00fcteallikatest. Mitte suitsetada. Hoida pakend tihedalt suletuna. Silma sattumisel loputage silmi p\u00f5hjalikult veega v\u00e4hemalt 15 minutit.Hoida lastele k\u00e4ttesaamatus kohas.<\/p>\n<p><strong>S\u00e4ilitamistingimused<\/strong><br \/>\nS\u00e4ilitada toatemperatuuril, p\u00e4ikese eest kaitstult ja suletuna.<\/p>\n<p><strong>Pakendi sisu<\/strong><br \/>\n600 tk<\/p>\n","protected":false},"excerpt":{"rendered":"<p>CHEMIPHARM BACTICID WIPES SALVR\u00c4TIKUD (PURGIS) Tootetutvustus, otstarve Desinfektandiga immutatud r\u00e4tikud alkoholi taluvate meditsiiniseadmete pindade kiirdesinfektsiooniks. Toode on laia fungitsiidse ja<\/p>\n","protected":false},"featured_media":12671,"comment_status":"open","ping_status":"closed","template":"","meta":[],"product_brand":[],"product_cat":[660,114,73],"product_tag":[695],"class_list":{"0":"post-11226","1":"product","2":"type-product","3":"status-publish","4":"has-post-thumbnail","6":"product_cat-660","7":"product_cat-114","8":"product_cat-73","9":"product_tag-chemipharm-ru","11":"first","12":"onbackorder","13":"taxable","14":"shipping-taxable","15":"purchasable","16":"product-type-simple"},"_links":{"self":[{"href":"https:\/\/invago.ee\/ru\/wp-json\/wp\/v2\/product\/11226","targetHints":{"allow":["GET"]}}],"collection":[{"href":"https:\/\/invago.ee\/ru\/wp-json\/wp\/v2\/product"}],"about":[{"href":"https:\/\/invago.ee\/ru\/wp-json\/wp\/v2\/types\/product"}],"replies":[{"embeddable":true,"href":"https:\/\/invago.ee\/ru\/wp-json\/wp\/v2\/comments?post=11226"}],"wp:featuredmedia":[{"embeddable":true,"href":"https:\/\/invago.ee\/ru\/wp-json\/wp\/v2\/media\/12671"}],"wp:attachment":[{"href":"https:\/\/invago.ee\/ru\/wp-json\/wp\/v2\/media?parent=11226"}],"wp:term":[{"taxonomy":"product_brand","embeddable":true,"href":"https:\/\/invago.ee\/ru\/wp-json\/wp\/v2\/product_brand?post=11226"},{"taxonomy":"product_cat","embeddable":true,"href":"https:\/\/invago.ee\/ru\/wp-json\/wp\/v2\/product_cat?post=11226"},{"taxonomy":"product_tag","embeddable":true,"href":"https:\/\/invago.ee\/ru\/wp-json\/wp\/v2\/product_tag?post=11226"}],"curies":[{"name":"wp","href":"https:\/\/api.w.org\/{rel}","templated":true}]}}