{"id":10636,"date":"2019-12-10T17:53:30","date_gmt":"2019-12-10T14:53:30","guid":{"rendered":"https:\/\/invago.ee\/?post_type=product&#038;p=10636\/"},"modified":"2022-07-06T11:14:48","modified_gmt":"2022-07-06T08:14:48","slug":"eriiste-thevotherapy","status":"publish","type":"product","link":"https:\/\/invago.ee\/ru\/product\/eriiste-thevotherapy\/","title":{"rendered":"Eriiste ThevoTherapy"},"content":{"rendered":"<p>Lastele m\u00f5eldud liikuv eriiste ThevoTherapi pakub stabiilsust ja mugavust igap\u00e4evases toimingutes.<br \/>\nLiikuv eriiste pakub n\u00fc\u00fcd lastele optimaalset tuge ja samal ajal annab piisavalt ruumi k\u00e4te liigutamiseks tegevuste l\u00e4biviimiseks.<\/p>\n<p>&nbsp;<\/p>\n<p>Miks peaksite valima ThevoTherapy?<\/p>\n<p>Eriiste seljatugi on varustatud paindlikute elemetidega.<br \/>\nReguleeritav k\u00f5rgus optimaalseks kasutamiseks<br \/>\nEriiste kasvab koos lapsega ja on kergesti kohandatav vastavalt individuaalsetele vajadustele.<\/p>\n<hr \/>\n<p>&nbsp;<\/p>\n<table class=\"altColors firstBold\" style=\"height: 312px; width: 790px;\">\n<tbody>\n<tr style=\"height: 23px;\">\n<td style=\"height: 23px; width: 249.333px;\">Thevo Therapy<\/td>\n<td style=\"height: 23px; width: 241.333px;\">\u00a0Suurus 1<\/td>\n<td style=\"height: 23px; width: 277.778px;\">\u00a0Suurus 2<\/td>\n<\/tr>\n<tr style=\"height: 23px;\">\n<td style=\"height: 23px; width: 249.333px;\">Maksimaalne kasutaja kaal<\/td>\n<td style=\"height: 23px; width: 241.333px;\">35 kg<\/td>\n<td style=\"height: 23px; width: 277.778px;\">40 kg<\/td>\n<\/tr>\n<tr style=\"height: 23px;\">\n<td style=\"height: 23px; width: 249.333px;\">Istme\u00a0 k\u00f5rgus<\/td>\n<td style=\"height: 23px; width: 241.333px;\">19 &#8211; 30 cm<\/td>\n<td style=\"height: 23px; width: 277.778px;\">27 &#8211; 38 cm<\/td>\n<\/tr>\n<tr style=\"height: 23px;\">\n<td style=\"height: 23px; width: 249.333px;\">Istme laius<\/td>\n<td style=\"height: 23px; width: 241.333px;\">19 &#8211; 31 cm<\/td>\n<td style=\"height: 23px; width: 277.778px;\">25 &#8211; 36 cm<\/td>\n<\/tr>\n<tr style=\"height: 23px;\">\n<td style=\"height: 23px; width: 249.333px;\">Seljatoe k\u00f5rgus<\/td>\n<td style=\"height: 23px; width: 241.333px;\">47 &#8211; 68 cm<\/td>\n<td style=\"height: 23px; width: 277.778px;\">64 &#8211; 78 cm<\/td>\n<\/tr>\n<tr style=\"height: 23px;\">\n<td style=\"height: 23px; width: 249.333px;\">S\u00e4\u00e4re pikkus<\/td>\n<td style=\"height: 23px; width: 241.333px;\">17 &#8211; 30 cm<\/td>\n<td style=\"height: 23px; width: 277.778px;\">25 &#8211; 36 cm<\/td>\n<\/tr>\n<tr style=\"height: 23px;\">\n<td style=\"height: 23px; width: 249.333px;\">Puusanurk<\/td>\n<td style=\"height: 23px; width: 241.333px;\">90\u00b0 &#8211; 122\u00b0<\/td>\n<td style=\"height: 23px; width: 277.778px;\">90\u00b0 &#8211; 122\u00b0<\/td>\n<\/tr>\n<tr style=\"height: 47px;\">\n<td style=\"height: 47px; width: 249.333px;\">P\u00f5lvenurk ( vahemik 15\u00b0)<\/td>\n<td style=\"height: 47px; width: 241.333px;\">90\u00b0 &#8211; 180\u00b0<\/td>\n<td style=\"height: 47px; width: 277.778px;\">90\u00b0 &#8211; 180\u00b0<\/td>\n<\/tr>\n<tr style=\"height: 23px;\">\n<td style=\"height: 23px; width: 249.333px;\">Jalatoe nurk<\/td>\n<td style=\"width: 241.333px; height: 23px;\">78\u00b0 &#8211; 100\u00b0<\/td>\n<td style=\"width: 277.778px; height: 23px;\">78\u00b0 &#8211; 100\u00b0<\/td>\n<\/tr>\n<tr style=\"height: 23px;\">\n<td style=\"height: 23px; width: 249.333px;\">Jalatugi<\/td>\n<td style=\"height: 23px; width: 241.333px;\">28,5 x 18 cm<\/td>\n<td style=\"height: 23px; width: 277.778px;\">33 x 21 cm<\/td>\n<\/tr>\n<tr style=\"height: 23px;\">\n<td style=\"height: 23px; width: 249.333px;\">M\u00f5\u00f5dud<\/td>\n<td style=\"height: 23px; width: 241.333px;\">38 x 78 x 54 cm<\/td>\n<td style=\"height: 23px; width: 277.778px;\">45 x 101 x 66 cm<\/td>\n<\/tr>\n<tr style=\"height: 23px;\">\n<td style=\"height: 35px; width: 249.333px;\">M\u00f5\u00f5dud kokkupanduna<\/td>\n<td style=\"height: 35px; width: 241.333px;\">38 x 41 x 57 cm<\/td>\n<td style=\"height: 35px; width: 277.778px;\">45 x 48 x 74 cm<\/td>\n<\/tr>\n<\/tbody>\n<\/table>\n<table class=\"uk-table uk-table-condensed uk-table-hover\" style=\"height: 59px; width: 792px;\" width=\"391\">\n<tbody>\n<tr style=\"height: 10px;\">\n<td style=\"width: 248.444px; height: 10px;\">Kaal<\/td>\n<td style=\"width: 239.556px; height: 10px;\">\u00a08,4 kg<\/td>\n<td style=\"width: 283.111px; height: 10px;\">\u00a0 9,9 kg<\/td>\n<\/tr>\n<tr style=\"height: 81px;\">\n<td style=\"width: 248.444px; height: 10px;\"><\/td>\n<td style=\"width: 239.556px; height: 10px;\"><\/td>\n<td style=\"width: 283.111px; height: 10px;\"><\/td>\n<\/tr>\n<\/tbody>\n<\/table>\n<p>&nbsp;<\/p>\n<table class=\"uk-table uk-table-condensed uk-table-hover\">\n<tbody>\n<tr>\n<td><\/td>\n<\/tr>\n<\/tbody>\n<\/table>\n<p>&nbsp;<\/p>\n<table class=\"uk-table uk-table-condensed uk-table-hover\">\n<tbody>\n<tr>\n<td><\/td>\n<\/tr>\n<\/tbody>\n<\/table>\n<p>&nbsp;<\/p>\n<p>&nbsp;<\/p>\n","protected":false},"excerpt":{"rendered":"<p>Lastele m\u00f5eldud liikuv eriiste ThevoTherapi pakub stabiilsust ja mugavust igap\u00e4evases toimingutes. Liikuv eriiste pakub n\u00fc\u00fcd lastele optimaalset tuge ja samal<\/p>\n","protected":false},"featured_media":10653,"comment_status":"open","ping_status":"closed","template":"","meta":[],"product_brand":[],"product_cat":[16],"product_tag":[],"class_list":{"0":"post-10636","1":"product","2":"type-product","3":"status-publish","4":"has-post-thumbnail","6":"product_cat-laste-abivahendid","8":"first","9":"instock","10":"taxable","11":"shipping-taxable","12":"product-type-simple"},"_links":{"self":[{"href":"https:\/\/invago.ee\/ru\/wp-json\/wp\/v2\/product\/10636","targetHints":{"allow":["GET"]}}],"collection":[{"href":"https:\/\/invago.ee\/ru\/wp-json\/wp\/v2\/product"}],"about":[{"href":"https:\/\/invago.ee\/ru\/wp-json\/wp\/v2\/types\/product"}],"replies":[{"embeddable":true,"href":"https:\/\/invago.ee\/ru\/wp-json\/wp\/v2\/comments?post=10636"}],"wp:featuredmedia":[{"embeddable":true,"href":"https:\/\/invago.ee\/ru\/wp-json\/wp\/v2\/media\/10653"}],"wp:attachment":[{"href":"https:\/\/invago.ee\/ru\/wp-json\/wp\/v2\/media?parent=10636"}],"wp:term":[{"taxonomy":"product_brand","embeddable":true,"href":"https:\/\/invago.ee\/ru\/wp-json\/wp\/v2\/product_brand?post=10636"},{"taxonomy":"product_cat","embeddable":true,"href":"https:\/\/invago.ee\/ru\/wp-json\/wp\/v2\/product_cat?post=10636"},{"taxonomy":"product_tag","embeddable":true,"href":"https:\/\/invago.ee\/ru\/wp-json\/wp\/v2\/product_tag?post=10636"}],"curies":[{"name":"wp","href":"https:\/\/api.w.org\/{rel}","templated":true}]}}