{"id":10476,"date":"2019-11-20T14:46:50","date_gmt":"2019-11-20T11:46:50","guid":{"rendered":"https:\/\/invago.ee\/?post_type=product&#038;p=10476\/"},"modified":"2022-07-06T10:25:48","modified_gmt":"2022-07-06T07:25:48","slug":"lingtostuki-kott-kogu-kehale","status":"publish","type":"product","link":"https:\/\/invago.ee\/ru\/product\/lingtostuki-kott-kogu-kehale\/","title":{"rendered":"Lingt\u00f5stuki kott kogu kehale"},"content":{"rendered":"<p>Lingt\u00f5stuki toetab kogu keha,sealhulgas pead. On varustatud pea ja alaselja pol\u00fckarbonaattugedega.Valmistatud k\u00f5rge vastupidavuse,libisemise ja rebenemiskindlast materialist.\u00d5mblused tehtud \u00fclitugevast pol\u00fcesterniidist. Maksimaalne kandev\u00f5ime 250 kg.<\/p>\n<table style=\"height: 202px; width: 732px;\" width=\"429\">\n<tbody>\n<tr style=\"height: 66px;\">\n<td style=\"width: 79.5556px; height: 107px;\"><\/td>\n<td style=\"width: 44px; height: 107px;\">\n<pre><strong><strong>\u00a0 \u00a0 \u00a0<\/strong><\/strong><\/pre>\n<\/td>\n<td style=\"width: 116.889px; height: 107px;\">&nbsp;<\/p>\n<p><strong><strong>A<\/strong><\/strong><\/td>\n<td style=\"width: 132.889px; height: 107px;\">&nbsp;<\/p>\n<p><strong><strong>B<\/strong><\/strong><\/td>\n<td style=\"width: 149.778px; height: 107px;\"><strong><strong>\u00a0 \u00a0 \u00a0 <\/strong><\/strong><\/p>\n<p><strong><strong>C<\/strong><\/strong><\/td>\n<td style=\"width: 170.222px; height: 107px;\">&nbsp;<\/p>\n<p><strong><strong>D<\/strong><\/strong><\/td>\n<\/tr>\n<tr style=\"height: 66px;\">\n<td style=\"width: 79.5556px; height: 35px;\"><strong>IM120M<\/strong><\/td>\n<td style=\"width: 44px; height: 35px;\">\u00a0 \u00a0 \u00a0M<\/td>\n<td style=\"width: 116.889px; height: 35px;\">\u00a0 \u00a0 \u00a0137 cm<\/td>\n<td style=\"width: 132.889px; height: 35px;\">\u00a0 \u00a0 \u00a0100 cm<\/td>\n<td style=\"width: 149.778px; height: 35px;\">\u00a0 \u00a0 \u00a0 91 cm<\/td>\n<td style=\"width: 170.222px; height: 35px;\">\u00a0 \u00a0 \u00a040 cm<\/td>\n<\/tr>\n<tr style=\"height: 23px;\">\n<td style=\"width: 79.5556px; height: 37px;\"><strong>IM120L<\/strong><\/td>\n<td style=\"width: 44px; height: 37px;\">\u00a0 \u00a0 \u00a0 L<\/td>\n<td style=\"width: 116.889px; height: 37px;\">\u00a0 \u00a0 \u00a0137 cm<\/td>\n<td style=\"width: 132.889px; height: 37px;\">\u00a0 \u00a0 \u00a0110 cm<\/td>\n<td style=\"width: 149.778px; height: 37px;\">\u00a0 \u00a0 \u00a0 \u00a091 cm<\/td>\n<td style=\"width: 170.222px; height: 37px;\">\u00a0 \u00a0 \u00a050 cm<\/td>\n<\/tr>\n<tr style=\"height: 23px;\">\n<td style=\"width: 79.5556px; height: 23px;\"><strong>IM120XL<\/strong><\/td>\n<td style=\"width: 44px; height: 23px;\">\u00a0 \u00a0 \u00a0XL<\/td>\n<td style=\"width: 116.889px; height: 23px;\">\u00a0 \u00a0 \u00a0145 cm<\/td>\n<td style=\"width: 132.889px; height: 23px;\">\u00a0 \u00a0 \u00a0120 cm<\/td>\n<td style=\"width: 149.778px; height: 23px;\">\u00a0 \u00a0 \u00a0 \u00a091 cm<\/td>\n<td style=\"width: 170.222px; height: 23px;\">\u00a0 \u00a0 \u00a0 56 cm<\/td>\n<\/tr>\n<\/tbody>\n<\/table>\n<p><img loading=\"lazy\" decoding=\"async\" class=\"alignnone size-full wp-image-10477\" src=\"https:\/\/invago.ee\/wp-content\/uploads\/2019\/11\/Misure_imbracaturacontenitiva.jpg\" alt=\"\" width=\"200\" height=\"269\" title=\"\"><\/p>\n","protected":false},"excerpt":{"rendered":"<p>Lingt\u00f5stuki toetab kogu keha,sealhulgas pead. On varustatud pea ja alaselja pol\u00fckarbonaattugedega.Valmistatud k\u00f5rge vastupidavuse,libisemise ja rebenemiskindlast materialist.\u00d5mblused tehtud \u00fclitugevast pol\u00fcesterniidist. Maksimaalne<\/p>\n","protected":false},"featured_media":10483,"comment_status":"open","ping_status":"closed","template":"","meta":[],"product_brand":[],"product_cat":[53],"product_tag":[],"class_list":{"0":"post-10476","1":"product","2":"type-product","3":"status-publish","4":"has-post-thumbnail","6":"product_cat-siirdumis-ja-teiseldamisabivahendid","8":"first","9":"instock","10":"taxable","11":"shipping-taxable","12":"purchasable","13":"product-type-variable"},"_links":{"self":[{"href":"https:\/\/invago.ee\/ru\/wp-json\/wp\/v2\/product\/10476","targetHints":{"allow":["GET"]}}],"collection":[{"href":"https:\/\/invago.ee\/ru\/wp-json\/wp\/v2\/product"}],"about":[{"href":"https:\/\/invago.ee\/ru\/wp-json\/wp\/v2\/types\/product"}],"replies":[{"embeddable":true,"href":"https:\/\/invago.ee\/ru\/wp-json\/wp\/v2\/comments?post=10476"}],"wp:featuredmedia":[{"embeddable":true,"href":"https:\/\/invago.ee\/ru\/wp-json\/wp\/v2\/media\/10483"}],"wp:attachment":[{"href":"https:\/\/invago.ee\/ru\/wp-json\/wp\/v2\/media?parent=10476"}],"wp:term":[{"taxonomy":"product_brand","embeddable":true,"href":"https:\/\/invago.ee\/ru\/wp-json\/wp\/v2\/product_brand?post=10476"},{"taxonomy":"product_cat","embeddable":true,"href":"https:\/\/invago.ee\/ru\/wp-json\/wp\/v2\/product_cat?post=10476"},{"taxonomy":"product_tag","embeddable":true,"href":"https:\/\/invago.ee\/ru\/wp-json\/wp\/v2\/product_tag?post=10476"}],"curies":[{"name":"wp","href":"https:\/\/api.w.org\/{rel}","templated":true}]}}